{"id":13899,"date":"2025-05-15T22:01:57","date_gmt":"2025-05-15T20:01:57","guid":{"rendered":"https:\/\/luciennelaparisienne.fr\/?post_type=product&#038;p=13899"},"modified":"2026-04-07T19:55:53","modified_gmt":"2026-04-07T17:55:53","slug":"cocoon-grotte-a-calins-sans-fourrure","status":"publish","type":"product","link":"https:\/\/luciennelaparisienne.fr\/it\/prodotto\/cocoon-grotte-a-calins-sans-fourrure\/","title":{"rendered":"Cocoon \u2013 Grotta degli abbracci senza pelliccia"},"content":{"rendered":"<p>Cocoon \u2013 Grotta degli abbracci senza pelliccia<\/p>\n<p data-start=\"203\" data-end=\"322\">Nous vous proposons un Cocoon sans fourrure, id\u00e9al en version \u00e9t\u00e9 ou pour les teckels qui n\u2019aiment pas la fourrure.<\/p>\n<p data-start=\"324\" data-end=\"437\">Ce Cocoon est confectionn\u00e9 dans un tissu d\u2019ameublement de tr\u00e8s haute qualit\u00e9, \u00e0 la fois r\u00e9sistant et \u00e9l\u00e9gant.<\/p>\n<p data-start=\"439\" data-end=\"613\">Certains mod\u00e8les sont doubl\u00e9s de tissu polaire \u00e0 l\u2019int\u00e9rieur. Les teckels adorent se blottir : dans ce Cocoon, ils peuvent dormir bien au chaud sans avoir trop chaud.<\/p>\n<p data-start=\"615\" data-end=\"704\">Pour tout Cocoon achet\u00e9, un os en tissu assorti \u00e0 la couleur du Cocoon est offert.<\/p>\n<p data-start=\"706\" data-end=\"813\">Pour cr\u00e9er un bel ensemble harmonieux dans votre int\u00e9rieur, choisissez le coussin et le plaid assortis.<\/p>\n<p><strong>Caratteristiche : Colori: kaki, blu, viola<\/strong><\/p>\n<p>Rivestimento esterno: 97% cotone, 3% elastan<\/p>\n<p><strong>Manutenzione :<\/strong><\/p>\n<p>Lavare a mano o in lavatrice a 30 \u00b0C con ciclo delicato. Centrifuga e asciugatura delicate.<\/p>\n<p><span class=\"TextRun SCXW138891938 BCX0\" lang=\"FR-FR\" xml:lang=\"FR-FR\" data-contrast=\"none\"><span class=\"NormalTextRun SCXW138891938 BCX0\">M: Larghezza 65\u202fcm, Profondit\u00e0 60\u202fcm.<\/span><\/span><span class=\"EOP SCXW138891938 BCX0\" data-ccp-props=\"{}\">\u00a0<\/span><\/p>\n<p><span class=\"TextRun SCXW138891938 BCX0\" lang=\"FR-FR\" xml:lang=\"FR-FR\" data-contrast=\"none\"><span class=\"NormalTextRun SCXW138891938 BCX0\">L: Larghezza 80\u202fcm, Profondit\u00e0 70\u202fcm.<\/span><\/span><span class=\"EOP SCXW138891938 BCX0\" data-ccp-props=\"{}\">\u00a0<\/span><\/p>\n<p><strong>Si prega di notare che i colori nelle foto possono essere leggermente diversi.<\/strong><\/p>\n<p>&nbsp;<\/p>\n<p>&nbsp;<\/p>\n<p>&nbsp;<\/p>\n<p>&nbsp;<\/p>\n<p>&nbsp;<\/p>\n<p>&nbsp;<\/p>\n<p>&nbsp;<\/p>","protected":false},"excerpt":{"rendered":"<p>Cocoon &#8211; Grotte \u00e0 c\u00e2lins sans fourrure Nous vous proposons un Cocoon sans fourrure, id\u00e9al en version \u00e9t\u00e9 ou pour les teckels qui n\u2019aiment pas la fourrure. Ce Cocoon est confectionn\u00e9 dans un tissu d\u2019ameublement de tr\u00e8s haute qualit\u00e9, \u00e0 la fois r\u00e9sistant et \u00e9l\u00e9gant. Certains mod\u00e8les sont doubl\u00e9s de [&hellip;]<\/p>","protected":false},"featured_media":16941,"comment_status":"open","ping_status":"closed","template":"","meta":{"inline_featured_image":false},"product_brand":[],"product_cat":[151,70,71],"product_tag":[],"class_list":{"0":"post-13899","1":"product","2":"type-product","3":"status-publish","4":"has-post-thumbnail","6":"product_cat-cocoons","7":"product_cat-pour-nos-teckels","8":"product_cat-pour-se-coucher","10":"first","11":"instock","12":"taxable","13":"shipping-taxable","14":"purchasable","15":"product-type-variable"},"yoast_head":"<!-- This site is optimized with the Yoast SEO plugin v26.6 - https:\/\/yoast.com\/wordpress\/plugins\/seo\/ -->\n<title>Cocoon - Grotte \u00e0 c\u00e2lins sans fourrure - Lucienne la Parisienne<\/title>\n<meta name=\"robots\" content=\"index, follow, max-snippet:-1, max-image-preview:large, max-video-preview:-1\" \/>\n<link rel=\"canonical\" href=\"https:\/\/luciennelaparisienne.fr\/it\/prodotto\/cocoon-grotte-a-calins-sans-fourrure\/\" \/>\n<meta property=\"og:locale\" content=\"it_IT\" \/>\n<meta property=\"og:type\" content=\"article\" \/>\n<meta property=\"og:title\" content=\"Cocoon - Grotte \u00e0 c\u00e2lins sans fourrure - Lucienne la Parisienne\" \/>\n<meta property=\"og:description\" content=\"Cocoon &#8211; Grotte \u00e0 c\u00e2lins sans fourrure Nous vous proposons un Cocoon sans fourrure, id\u00e9al en version \u00e9t\u00e9 ou pour les teckels qui n\u2019aiment pas la fourrure. Ce Cocoon est confectionn\u00e9 dans un tissu d\u2019ameublement de tr\u00e8s haute qualit\u00e9, \u00e0 la fois r\u00e9sistant et \u00e9l\u00e9gant. Certains mod\u00e8les sont doubl\u00e9s de [&hellip;]\" \/>\n<meta property=\"og:url\" content=\"https:\/\/luciennelaparisienne.fr\/it\/prodotto\/cocoon-grotte-a-calins-sans-fourrure\/\" \/>\n<meta property=\"og:site_name\" content=\"Lucienne la Parisienne\" \/>\n<meta property=\"article:modified_time\" content=\"2026-04-07T17:55:53+00:00\" \/>\n<meta property=\"og:image\" content=\"https:\/\/luciennelaparisienne.fr\/wp-content\/uploads\/2025\/05\/mal-3-1.jpg\" \/>\n\t<meta property=\"og:image:width\" content=\"1000\" \/>\n\t<meta property=\"og:image:height\" content=\"1000\" \/>\n\t<meta property=\"og:image:type\" content=\"image\/jpeg\" \/>\n<meta name=\"twitter:card\" content=\"summary_large_image\" \/>\n<meta name=\"twitter:label1\" content=\"Tempo di lettura stimato\" \/>\n\t<meta name=\"twitter:data1\" content=\"1 minuto\" \/>\n<script type=\"application\/ld+json\" class=\"yoast-schema-graph\">{\"@context\":\"https:\/\/schema.org\",\"@graph\":[{\"@type\":\"WebPage\",\"@id\":\"https:\/\/luciennelaparisienne.fr\/produit\/cocoon-grotte-a-calins-sans-fourrure\/\",\"url\":\"https:\/\/luciennelaparisienne.fr\/produit\/cocoon-grotte-a-calins-sans-fourrure\/\",\"name\":\"Cocoon - Grotte \u00e0 c\u00e2lins sans fourrure - Lucienne la Parisienne\",\"isPartOf\":{\"@id\":\"https:\/\/luciennelaparisienne.fr\/#website\"},\"primaryImageOfPage\":{\"@id\":\"https:\/\/luciennelaparisienne.fr\/produit\/cocoon-grotte-a-calins-sans-fourrure\/#primaryimage\"},\"image\":{\"@id\":\"https:\/\/luciennelaparisienne.fr\/produit\/cocoon-grotte-a-calins-sans-fourrure\/#primaryimage\"},\"thumbnailUrl\":\"https:\/\/luciennelaparisienne.fr\/wp-content\/uploads\/2025\/05\/mal-3-1.jpg\",\"datePublished\":\"2025-05-15T20:01:57+00:00\",\"dateModified\":\"2026-04-07T17:55:53+00:00\",\"breadcrumb\":{\"@id\":\"https:\/\/luciennelaparisienne.fr\/produit\/cocoon-grotte-a-calins-sans-fourrure\/#breadcrumb\"},\"inLanguage\":\"it-IT\",\"potentialAction\":[{\"@type\":\"ReadAction\",\"target\":[\"https:\/\/luciennelaparisienne.fr\/produit\/cocoon-grotte-a-calins-sans-fourrure\/\"]}]},{\"@type\":\"ImageObject\",\"inLanguage\":\"it-IT\",\"@id\":\"https:\/\/luciennelaparisienne.fr\/produit\/cocoon-grotte-a-calins-sans-fourrure\/#primaryimage\",\"url\":\"https:\/\/luciennelaparisienne.fr\/wp-content\/uploads\/2025\/05\/mal-3-1.jpg\",\"contentUrl\":\"https:\/\/luciennelaparisienne.fr\/wp-content\/uploads\/2025\/05\/mal-3-1.jpg\",\"width\":1000,\"height\":1000},{\"@type\":\"BreadcrumbList\",\"@id\":\"https:\/\/luciennelaparisienne.fr\/produit\/cocoon-grotte-a-calins-sans-fourrure\/#breadcrumb\",\"itemListElement\":[{\"@type\":\"ListItem\",\"position\":1,\"name\":\"Accueil\",\"item\":\"https:\/\/luciennelaparisienne.fr\/\"},{\"@type\":\"ListItem\",\"position\":2,\"name\":\"Boutique\",\"item\":\"https:\/\/luciennelaparisienne.fr\/shop\/\"},{\"@type\":\"ListItem\",\"position\":3,\"name\":\"Cocoon &#8211; Grotte \u00e0 c\u00e2lins sans fourrure\"}]},{\"@type\":\"WebSite\",\"@id\":\"https:\/\/luciennelaparisienne.fr\/#website\",\"url\":\"https:\/\/luciennelaparisienne.fr\/\",\"name\":\"Lucienne la Parisienne\",\"description\":\"Produits pour Teckels\",\"potentialAction\":[{\"@type\":\"SearchAction\",\"target\":{\"@type\":\"EntryPoint\",\"urlTemplate\":\"https:\/\/luciennelaparisienne.fr\/?s={search_term_string}\"},\"query-input\":{\"@type\":\"PropertyValueSpecification\",\"valueRequired\":true,\"valueName\":\"search_term_string\"}}],\"inLanguage\":\"it-IT\"}]}<\/script>\n<!-- \/ Yoast SEO plugin. -->","yoast_head_json":{"title":"Cocoon - Grotte \u00e0 c\u00e2lins sans fourrure - Lucienne la Parisienne","robots":{"index":"index","follow":"follow","max-snippet":"max-snippet:-1","max-image-preview":"max-image-preview:large","max-video-preview":"max-video-preview:-1"},"canonical":"https:\/\/luciennelaparisienne.fr\/it\/prodotto\/cocoon-grotte-a-calins-sans-fourrure\/","og_locale":"it_IT","og_type":"article","og_title":"Cocoon - Grotte \u00e0 c\u00e2lins sans fourrure - Lucienne la Parisienne","og_description":"Cocoon &#8211; Grotte \u00e0 c\u00e2lins sans fourrure Nous vous proposons un Cocoon sans fourrure, id\u00e9al en version \u00e9t\u00e9 ou pour les teckels qui n\u2019aiment pas la fourrure. Ce Cocoon est confectionn\u00e9 dans un tissu d\u2019ameublement de tr\u00e8s haute qualit\u00e9, \u00e0 la fois r\u00e9sistant et \u00e9l\u00e9gant. Certains mod\u00e8les sont doubl\u00e9s de [&hellip;]","og_url":"https:\/\/luciennelaparisienne.fr\/it\/prodotto\/cocoon-grotte-a-calins-sans-fourrure\/","og_site_name":"Lucienne la Parisienne","article_modified_time":"2026-04-07T17:55:53+00:00","og_image":[{"width":1000,"height":1000,"url":"https:\/\/luciennelaparisienne.fr\/wp-content\/uploads\/2025\/05\/mal-3-1.jpg","type":"image\/jpeg"}],"twitter_card":"summary_large_image","twitter_misc":{"Tempo di lettura stimato":"1 minuto"},"schema":{"@context":"https:\/\/schema.org","@graph":[{"@type":"WebPage","@id":"https:\/\/luciennelaparisienne.fr\/produit\/cocoon-grotte-a-calins-sans-fourrure\/","url":"https:\/\/luciennelaparisienne.fr\/produit\/cocoon-grotte-a-calins-sans-fourrure\/","name":"Cocoon - Grotte \u00e0 c\u00e2lins sans fourrure - Lucienne la Parisienne","isPartOf":{"@id":"https:\/\/luciennelaparisienne.fr\/#website"},"primaryImageOfPage":{"@id":"https:\/\/luciennelaparisienne.fr\/produit\/cocoon-grotte-a-calins-sans-fourrure\/#primaryimage"},"image":{"@id":"https:\/\/luciennelaparisienne.fr\/produit\/cocoon-grotte-a-calins-sans-fourrure\/#primaryimage"},"thumbnailUrl":"https:\/\/luciennelaparisienne.fr\/wp-content\/uploads\/2025\/05\/mal-3-1.jpg","datePublished":"2025-05-15T20:01:57+00:00","dateModified":"2026-04-07T17:55:53+00:00","breadcrumb":{"@id":"https:\/\/luciennelaparisienne.fr\/produit\/cocoon-grotte-a-calins-sans-fourrure\/#breadcrumb"},"inLanguage":"it-IT","potentialAction":[{"@type":"ReadAction","target":["https:\/\/luciennelaparisienne.fr\/produit\/cocoon-grotte-a-calins-sans-fourrure\/"]}]},{"@type":"ImageObject","inLanguage":"it-IT","@id":"https:\/\/luciennelaparisienne.fr\/produit\/cocoon-grotte-a-calins-sans-fourrure\/#primaryimage","url":"https:\/\/luciennelaparisienne.fr\/wp-content\/uploads\/2025\/05\/mal-3-1.jpg","contentUrl":"https:\/\/luciennelaparisienne.fr\/wp-content\/uploads\/2025\/05\/mal-3-1.jpg","width":1000,"height":1000},{"@type":"BreadcrumbList","@id":"https:\/\/luciennelaparisienne.fr\/produit\/cocoon-grotte-a-calins-sans-fourrure\/#breadcrumb","itemListElement":[{"@type":"ListItem","position":1,"name":"Accueil","item":"https:\/\/luciennelaparisienne.fr\/"},{"@type":"ListItem","position":2,"name":"Boutique","item":"https:\/\/luciennelaparisienne.fr\/shop\/"},{"@type":"ListItem","position":3,"name":"Cocoon &#8211; Grotte \u00e0 c\u00e2lins sans fourrure"}]},{"@type":"WebSite","@id":"https:\/\/luciennelaparisienne.fr\/#website","url":"https:\/\/luciennelaparisienne.fr\/","name":"Lucienne la Parisienne","description":"Produits pour Teckels","potentialAction":[{"@type":"SearchAction","target":{"@type":"EntryPoint","urlTemplate":"https:\/\/luciennelaparisienne.fr\/?s={search_term_string}"},"query-input":{"@type":"PropertyValueSpecification","valueRequired":true,"valueName":"search_term_string"}}],"inLanguage":"it-IT"}]}},"_links":{"self":[{"href":"https:\/\/luciennelaparisienne.fr\/it\/wp-json\/wp\/v2\/product\/13899","targetHints":{"allow":["GET"]}}],"collection":[{"href":"https:\/\/luciennelaparisienne.fr\/it\/wp-json\/wp\/v2\/product"}],"about":[{"href":"https:\/\/luciennelaparisienne.fr\/it\/wp-json\/wp\/v2\/types\/product"}],"replies":[{"embeddable":true,"href":"https:\/\/luciennelaparisienne.fr\/it\/wp-json\/wp\/v2\/comments?post=13899"}],"wp:featuredmedia":[{"embeddable":true,"href":"https:\/\/luciennelaparisienne.fr\/it\/wp-json\/wp\/v2\/media\/16941"}],"wp:attachment":[{"href":"https:\/\/luciennelaparisienne.fr\/it\/wp-json\/wp\/v2\/media?parent=13899"}],"wp:term":[{"taxonomy":"product_brand","embeddable":true,"href":"https:\/\/luciennelaparisienne.fr\/it\/wp-json\/wp\/v2\/product_brand?post=13899"},{"taxonomy":"product_cat","embeddable":true,"href":"https:\/\/luciennelaparisienne.fr\/it\/wp-json\/wp\/v2\/product_cat?post=13899"},{"taxonomy":"product_tag","embeddable":true,"href":"https:\/\/luciennelaparisienne.fr\/it\/wp-json\/wp\/v2\/product_tag?post=13899"}],"curies":[{"name":"wp","href":"https:\/\/api.w.org\/{rel}","templated":true}]}}