{"id":14035,"date":"2025-06-09T12:52:52","date_gmt":"2025-06-09T10:52:52","guid":{"rendered":"https:\/\/luciennelaparisienne.fr\/?post_type=product&#038;p=14035"},"modified":"2026-04-08T01:53:08","modified_gmt":"2026-04-07T23:53:08","slug":"sac-shopping-lucienne","status":"publish","type":"product","link":"https:\/\/luciennelaparisienne.fr\/it\/prodotto\/sac-shopping-lucienne\/","title":{"rendered":"Borsa shopping Lucienne"},"content":{"rendered":"<p>Siete stati in molti a chiedermi di creare una borsa di stoffa semplice per poter trasportare le cose dei vostri bassotti.<\/p>\n<p>E poich\u00e9 vi ascolto sempre\u2026 ecco, la nuova meraviglia \u00e8 finalmente pronta!<\/p>\n<p>Il disegno, naturalmente, \u00e8 stato realizzato da mia figlia.<\/p>\n<p>Una borsa shopping 100% Lucienne la Parisienne, pensata per i fedeli della nostra marca!<\/p>\n<p>Il tessuto in tela di cotone \u00e8 molto resistente pur rimanendo leggero \u2013 perfetto da infilare in qualsiasi borsa o valigia.<\/p>\n<p>Ora Lucienne ti accompagna ovunque!<\/p>\n<p>Puoi metterci il guinzaglio, le leccornie, la borraccia e tante altre cose.<\/p>\n<p><strong>Caratteristiche<\/strong><strong>\u202f:<\/strong><strong>\u00a0\u00a0<\/strong><\/p>\n<p>Colore: rosso<\/p>\n<p>Tessuto: tela di cotone<\/p>\n<p><strong>Manutenzione<\/strong><strong>\u202f:<\/strong><strong>\u00a0\u00a0<\/strong><\/p>\n<p>Lavare a mano o in lavatrice a 30\u202f\u00b0C. No a lavaggio a secco, asciugatura in asciugatrice e candeggio. Stirare delicatamente al rovescio, non stirare direttamente sulla stampa!<\/p>\n<p><strong>Taglia unica :\u00a0<\/strong>35 cm x 41 cm, lunghezza dei manici 60 cm.<\/p>\n<p>&nbsp;<\/p>","protected":false},"excerpt":{"rendered":"<p>Vous avez \u00e9t\u00e9 nombreux \u00e0 me demander de cr\u00e9er un sac en tissu tout simple pour pouvoir transporter les affaires de vos teckels. Et comme je suis toujours \u00e0 votre \u00e9coute\u2026 voil\u00e0, la nouvelle merveille est enfin pr\u00eate ! Le dessin, bien s\u00fbr, a \u00e9t\u00e9 r\u00e9alis\u00e9 par ma fille. Un [&hellip;]<\/p>","protected":false},"featured_media":14055,"comment_status":"open","ping_status":"closed","template":"","meta":{"inline_featured_image":false},"product_brand":[],"product_cat":[137,154,157,75,155,70],"product_tag":[],"class_list":{"0":"post-14035","1":"product","2":"type-product","3":"status-publish","4":"has-post-thumbnail","6":"product_cat-accessoires","7":"product_cat-jouets-et-accessoires","8":"product_cat-la-parisienne","9":"product_cat-pour-les-dogparents","10":"product_cat-sacs","11":"product_cat-pour-nos-teckels","13":"first","14":"instock","15":"taxable","16":"shipping-taxable","17":"purchasable","18":"product-type-simple"},"yoast_head":"<!-- This site is optimized with the Yoast SEO plugin v26.6 - https:\/\/yoast.com\/wordpress\/plugins\/seo\/ -->\n<title>Sac shopping Lucienne - Lucienne la Parisienne<\/title>\n<meta name=\"robots\" content=\"index, follow, max-snippet:-1, max-image-preview:large, max-video-preview:-1\" \/>\n<link rel=\"canonical\" href=\"https:\/\/luciennelaparisienne.fr\/it\/prodotto\/sac-shopping-lucienne\/\" \/>\n<meta property=\"og:locale\" content=\"it_IT\" \/>\n<meta property=\"og:type\" content=\"article\" \/>\n<meta property=\"og:title\" content=\"Sac shopping Lucienne - Lucienne la Parisienne\" \/>\n<meta property=\"og:description\" content=\"Vous avez \u00e9t\u00e9 nombreux \u00e0 me demander de cr\u00e9er un sac en tissu tout simple pour pouvoir transporter les affaires de vos teckels. Et comme je suis toujours \u00e0 votre \u00e9coute\u2026 voil\u00e0, la nouvelle merveille est enfin pr\u00eate ! Le dessin, bien s\u00fbr, a \u00e9t\u00e9 r\u00e9alis\u00e9 par ma fille. Un [&hellip;]\" \/>\n<meta property=\"og:url\" content=\"https:\/\/luciennelaparisienne.fr\/it\/prodotto\/sac-shopping-lucienne\/\" \/>\n<meta property=\"og:site_name\" content=\"Lucienne la Parisienne\" \/>\n<meta property=\"article:modified_time\" content=\"2026-04-07T23:53:08+00:00\" \/>\n<meta property=\"og:image\" content=\"https:\/\/luciennelaparisienne.fr\/wp-content\/uploads\/2025\/06\/mal-03768.jpg\" \/>\n\t<meta property=\"og:image:width\" content=\"1000\" \/>\n\t<meta property=\"og:image:height\" content=\"1000\" \/>\n\t<meta property=\"og:image:type\" content=\"image\/jpeg\" \/>\n<meta name=\"twitter:card\" content=\"summary_large_image\" \/>\n<meta name=\"twitter:label1\" content=\"Tempo di lettura stimato\" \/>\n\t<meta name=\"twitter:data1\" content=\"1 minuto\" \/>\n<script type=\"application\/ld+json\" class=\"yoast-schema-graph\">{\"@context\":\"https:\/\/schema.org\",\"@graph\":[{\"@type\":\"WebPage\",\"@id\":\"https:\/\/luciennelaparisienne.fr\/produit\/sac-shopping-lucienne\/\",\"url\":\"https:\/\/luciennelaparisienne.fr\/produit\/sac-shopping-lucienne\/\",\"name\":\"Sac shopping Lucienne - Lucienne la Parisienne\",\"isPartOf\":{\"@id\":\"https:\/\/luciennelaparisienne.fr\/#website\"},\"primaryImageOfPage\":{\"@id\":\"https:\/\/luciennelaparisienne.fr\/produit\/sac-shopping-lucienne\/#primaryimage\"},\"image\":{\"@id\":\"https:\/\/luciennelaparisienne.fr\/produit\/sac-shopping-lucienne\/#primaryimage\"},\"thumbnailUrl\":\"https:\/\/luciennelaparisienne.fr\/wp-content\/uploads\/2025\/06\/mal-03768.jpg\",\"datePublished\":\"2025-06-09T10:52:52+00:00\",\"dateModified\":\"2026-04-07T23:53:08+00:00\",\"breadcrumb\":{\"@id\":\"https:\/\/luciennelaparisienne.fr\/produit\/sac-shopping-lucienne\/#breadcrumb\"},\"inLanguage\":\"it-IT\",\"potentialAction\":[{\"@type\":\"ReadAction\",\"target\":[\"https:\/\/luciennelaparisienne.fr\/produit\/sac-shopping-lucienne\/\"]}]},{\"@type\":\"ImageObject\",\"inLanguage\":\"it-IT\",\"@id\":\"https:\/\/luciennelaparisienne.fr\/produit\/sac-shopping-lucienne\/#primaryimage\",\"url\":\"https:\/\/luciennelaparisienne.fr\/wp-content\/uploads\/2025\/06\/mal-03768.jpg\",\"contentUrl\":\"https:\/\/luciennelaparisienne.fr\/wp-content\/uploads\/2025\/06\/mal-03768.jpg\",\"width\":1000,\"height\":1000},{\"@type\":\"BreadcrumbList\",\"@id\":\"https:\/\/luciennelaparisienne.fr\/produit\/sac-shopping-lucienne\/#breadcrumb\",\"itemListElement\":[{\"@type\":\"ListItem\",\"position\":1,\"name\":\"Accueil\",\"item\":\"https:\/\/luciennelaparisienne.fr\/\"},{\"@type\":\"ListItem\",\"position\":2,\"name\":\"Boutique\",\"item\":\"https:\/\/luciennelaparisienne.fr\/shop\/\"},{\"@type\":\"ListItem\",\"position\":3,\"name\":\"Sac shopping Lucienne\"}]},{\"@type\":\"WebSite\",\"@id\":\"https:\/\/luciennelaparisienne.fr\/#website\",\"url\":\"https:\/\/luciennelaparisienne.fr\/\",\"name\":\"Lucienne la Parisienne\",\"description\":\"Produits pour Teckels\",\"potentialAction\":[{\"@type\":\"SearchAction\",\"target\":{\"@type\":\"EntryPoint\",\"urlTemplate\":\"https:\/\/luciennelaparisienne.fr\/?s={search_term_string}\"},\"query-input\":{\"@type\":\"PropertyValueSpecification\",\"valueRequired\":true,\"valueName\":\"search_term_string\"}}],\"inLanguage\":\"it-IT\"}]}<\/script>\n<!-- \/ Yoast SEO plugin. -->","yoast_head_json":{"title":"Sac shopping Lucienne - Lucienne la Parisienne","robots":{"index":"index","follow":"follow","max-snippet":"max-snippet:-1","max-image-preview":"max-image-preview:large","max-video-preview":"max-video-preview:-1"},"canonical":"https:\/\/luciennelaparisienne.fr\/it\/prodotto\/sac-shopping-lucienne\/","og_locale":"it_IT","og_type":"article","og_title":"Sac shopping Lucienne - Lucienne la Parisienne","og_description":"Vous avez \u00e9t\u00e9 nombreux \u00e0 me demander de cr\u00e9er un sac en tissu tout simple pour pouvoir transporter les affaires de vos teckels. Et comme je suis toujours \u00e0 votre \u00e9coute\u2026 voil\u00e0, la nouvelle merveille est enfin pr\u00eate ! Le dessin, bien s\u00fbr, a \u00e9t\u00e9 r\u00e9alis\u00e9 par ma fille. Un [&hellip;]","og_url":"https:\/\/luciennelaparisienne.fr\/it\/prodotto\/sac-shopping-lucienne\/","og_site_name":"Lucienne la Parisienne","article_modified_time":"2026-04-07T23:53:08+00:00","og_image":[{"width":1000,"height":1000,"url":"https:\/\/luciennelaparisienne.fr\/wp-content\/uploads\/2025\/06\/mal-03768.jpg","type":"image\/jpeg"}],"twitter_card":"summary_large_image","twitter_misc":{"Tempo di lettura stimato":"1 minuto"},"schema":{"@context":"https:\/\/schema.org","@graph":[{"@type":"WebPage","@id":"https:\/\/luciennelaparisienne.fr\/produit\/sac-shopping-lucienne\/","url":"https:\/\/luciennelaparisienne.fr\/produit\/sac-shopping-lucienne\/","name":"Sac shopping Lucienne - Lucienne la Parisienne","isPartOf":{"@id":"https:\/\/luciennelaparisienne.fr\/#website"},"primaryImageOfPage":{"@id":"https:\/\/luciennelaparisienne.fr\/produit\/sac-shopping-lucienne\/#primaryimage"},"image":{"@id":"https:\/\/luciennelaparisienne.fr\/produit\/sac-shopping-lucienne\/#primaryimage"},"thumbnailUrl":"https:\/\/luciennelaparisienne.fr\/wp-content\/uploads\/2025\/06\/mal-03768.jpg","datePublished":"2025-06-09T10:52:52+00:00","dateModified":"2026-04-07T23:53:08+00:00","breadcrumb":{"@id":"https:\/\/luciennelaparisienne.fr\/produit\/sac-shopping-lucienne\/#breadcrumb"},"inLanguage":"it-IT","potentialAction":[{"@type":"ReadAction","target":["https:\/\/luciennelaparisienne.fr\/produit\/sac-shopping-lucienne\/"]}]},{"@type":"ImageObject","inLanguage":"it-IT","@id":"https:\/\/luciennelaparisienne.fr\/produit\/sac-shopping-lucienne\/#primaryimage","url":"https:\/\/luciennelaparisienne.fr\/wp-content\/uploads\/2025\/06\/mal-03768.jpg","contentUrl":"https:\/\/luciennelaparisienne.fr\/wp-content\/uploads\/2025\/06\/mal-03768.jpg","width":1000,"height":1000},{"@type":"BreadcrumbList","@id":"https:\/\/luciennelaparisienne.fr\/produit\/sac-shopping-lucienne\/#breadcrumb","itemListElement":[{"@type":"ListItem","position":1,"name":"Accueil","item":"https:\/\/luciennelaparisienne.fr\/"},{"@type":"ListItem","position":2,"name":"Boutique","item":"https:\/\/luciennelaparisienne.fr\/shop\/"},{"@type":"ListItem","position":3,"name":"Sac shopping Lucienne"}]},{"@type":"WebSite","@id":"https:\/\/luciennelaparisienne.fr\/#website","url":"https:\/\/luciennelaparisienne.fr\/","name":"Lucienne la Parisienne","description":"Produits pour Teckels","potentialAction":[{"@type":"SearchAction","target":{"@type":"EntryPoint","urlTemplate":"https:\/\/luciennelaparisienne.fr\/?s={search_term_string}"},"query-input":{"@type":"PropertyValueSpecification","valueRequired":true,"valueName":"search_term_string"}}],"inLanguage":"it-IT"}]}},"_links":{"self":[{"href":"https:\/\/luciennelaparisienne.fr\/it\/wp-json\/wp\/v2\/product\/14035","targetHints":{"allow":["GET"]}}],"collection":[{"href":"https:\/\/luciennelaparisienne.fr\/it\/wp-json\/wp\/v2\/product"}],"about":[{"href":"https:\/\/luciennelaparisienne.fr\/it\/wp-json\/wp\/v2\/types\/product"}],"replies":[{"embeddable":true,"href":"https:\/\/luciennelaparisienne.fr\/it\/wp-json\/wp\/v2\/comments?post=14035"}],"wp:featuredmedia":[{"embeddable":true,"href":"https:\/\/luciennelaparisienne.fr\/it\/wp-json\/wp\/v2\/media\/14055"}],"wp:attachment":[{"href":"https:\/\/luciennelaparisienne.fr\/it\/wp-json\/wp\/v2\/media?parent=14035"}],"wp:term":[{"taxonomy":"product_brand","embeddable":true,"href":"https:\/\/luciennelaparisienne.fr\/it\/wp-json\/wp\/v2\/product_brand?post=14035"},{"taxonomy":"product_cat","embeddable":true,"href":"https:\/\/luciennelaparisienne.fr\/it\/wp-json\/wp\/v2\/product_cat?post=14035"},{"taxonomy":"product_tag","embeddable":true,"href":"https:\/\/luciennelaparisienne.fr\/it\/wp-json\/wp\/v2\/product_tag?post=14035"}],"curies":[{"name":"wp","href":"https:\/\/api.w.org\/{rel}","templated":true}]}}