{"id":14058,"date":"2025-06-09T20:45:48","date_gmt":"2025-06-09T18:45:48","guid":{"rendered":"https:\/\/luciennelaparisienne.fr\/produit\/carte-cadeau\/"},"modified":"2026-01-09T20:49:24","modified_gmt":"2026-01-09T19:49:24","slug":"carte-cadeau","status":"publish","type":"product","link":"https:\/\/luciennelaparisienne.fr\/it\/prodotto\/carte-cadeau\/","title":{"rendered":"Carta regalo"},"content":{"rendered":"<p>Cerchi un regalo chic per un bassotto?<\/p>\n<p>La carta regalo firmata Lucienne \u00e8 la scelta migliore! Con la sua maglietta a righe, il suo basco rosso e il suo sguardo malizioso, Lucienne la Parisienne incarna l\u2019eleganza francese.<\/p>\n<p>Regala stile, comfort 100% bassotto e un tocco di Parigi!<\/p>\n<p>Che sia per un compleanno o semplicemente per fare piacere, la carta regalo \u2018Lucienne\u2019 permette ai tuoi cari di scegliere il loro capo preferito, in totale libert\u00e0.<\/p>\n<p>\u201cSono disponibili diversi importi: 50\u20ac, 100\u20ac, 150\u20ac, 200\u20ac, 300\u20ac.<\/p>\n<p>Disponibile in versione digitale o da stampare e inserire in una bella busta regalo!<\/p>","protected":false},"excerpt":{"rendered":"<p>Carta regalo ideale per fare felice all\u2019istante. Carta 100% digitale, inviata direttamente via email.<\/p>","protected":false},"featured_media":14111,"comment_status":"open","ping_status":"closed","template":"","meta":{"inline_featured_image":false},"product_brand":[],"product_cat":[15],"product_tag":[],"class_list":{"0":"post-14058","1":"product","2":"type-product","3":"status-publish","4":"has-post-thumbnail","6":"product_cat-non-classe","8":"first","9":"instock","10":"purchasable","11":"product-type-pw-gift-card"},"yoast_head":"<!-- This site is optimized with the Yoast SEO plugin v26.6 - https:\/\/yoast.com\/wordpress\/plugins\/seo\/ -->\n<title>Carte Cadeau - Lucienne la Parisienne<\/title>\n<meta name=\"robots\" content=\"index, follow, max-snippet:-1, max-image-preview:large, max-video-preview:-1\" \/>\n<link rel=\"canonical\" href=\"https:\/\/luciennelaparisienne.fr\/it\/prodotto\/carte-cadeau\/\" \/>\n<meta property=\"og:locale\" content=\"it_IT\" \/>\n<meta property=\"og:type\" content=\"article\" \/>\n<meta property=\"og:title\" content=\"Carte Cadeau - Lucienne la Parisienne\" \/>\n<meta property=\"og:description\" content=\"Carte cadeau id\u00e9ale pour faire plaisir instantan\u00e9ment. Carte 100% digitale, livr\u00e9e directement par email.\" \/>\n<meta property=\"og:url\" content=\"https:\/\/luciennelaparisienne.fr\/it\/prodotto\/carte-cadeau\/\" \/>\n<meta property=\"og:site_name\" content=\"Lucienne la Parisienne\" \/>\n<meta property=\"article:modified_time\" content=\"2026-01-09T19:49:24+00:00\" \/>\n<meta property=\"og:image\" content=\"https:\/\/luciennelaparisienne.fr\/wp-content\/uploads\/2025\/06\/carte-cadeau-lucienne-min.jpg\" \/>\n\t<meta property=\"og:image:width\" content=\"1024\" \/>\n\t<meta property=\"og:image:height\" content=\"1024\" \/>\n\t<meta property=\"og:image:type\" content=\"image\/jpeg\" \/>\n<meta name=\"twitter:card\" content=\"summary_large_image\" \/>\n<meta name=\"twitter:label1\" content=\"Tempo di lettura stimato\" \/>\n\t<meta name=\"twitter:data1\" content=\"1 minuto\" \/>\n<script type=\"application\/ld+json\" class=\"yoast-schema-graph\">{\"@context\":\"https:\/\/schema.org\",\"@graph\":[{\"@type\":\"WebPage\",\"@id\":\"https:\/\/luciennelaparisienne.fr\/produit\/carte-cadeau\/\",\"url\":\"https:\/\/luciennelaparisienne.fr\/produit\/carte-cadeau\/\",\"name\":\"Carte Cadeau - Lucienne la Parisienne\",\"isPartOf\":{\"@id\":\"https:\/\/luciennelaparisienne.fr\/#website\"},\"primaryImageOfPage\":{\"@id\":\"https:\/\/luciennelaparisienne.fr\/produit\/carte-cadeau\/#primaryimage\"},\"image\":{\"@id\":\"https:\/\/luciennelaparisienne.fr\/produit\/carte-cadeau\/#primaryimage\"},\"thumbnailUrl\":\"https:\/\/luciennelaparisienne.fr\/wp-content\/uploads\/2025\/06\/carte-cadeau-lucienne-min.jpg\",\"datePublished\":\"2025-06-09T18:45:48+00:00\",\"dateModified\":\"2026-01-09T19:49:24+00:00\",\"breadcrumb\":{\"@id\":\"https:\/\/luciennelaparisienne.fr\/produit\/carte-cadeau\/#breadcrumb\"},\"inLanguage\":\"it-IT\",\"potentialAction\":[{\"@type\":\"ReadAction\",\"target\":[\"https:\/\/luciennelaparisienne.fr\/produit\/carte-cadeau\/\"]}]},{\"@type\":\"ImageObject\",\"inLanguage\":\"it-IT\",\"@id\":\"https:\/\/luciennelaparisienne.fr\/produit\/carte-cadeau\/#primaryimage\",\"url\":\"https:\/\/luciennelaparisienne.fr\/wp-content\/uploads\/2025\/06\/carte-cadeau-lucienne-min.jpg\",\"contentUrl\":\"https:\/\/luciennelaparisienne.fr\/wp-content\/uploads\/2025\/06\/carte-cadeau-lucienne-min.jpg\",\"width\":1024,\"height\":1024},{\"@type\":\"BreadcrumbList\",\"@id\":\"https:\/\/luciennelaparisienne.fr\/produit\/carte-cadeau\/#breadcrumb\",\"itemListElement\":[{\"@type\":\"ListItem\",\"position\":1,\"name\":\"Accueil\",\"item\":\"https:\/\/luciennelaparisienne.fr\/\"},{\"@type\":\"ListItem\",\"position\":2,\"name\":\"Boutique\",\"item\":\"https:\/\/luciennelaparisienne.fr\/shop\/\"},{\"@type\":\"ListItem\",\"position\":3,\"name\":\"Carte Cadeau\"}]},{\"@type\":\"WebSite\",\"@id\":\"https:\/\/luciennelaparisienne.fr\/#website\",\"url\":\"https:\/\/luciennelaparisienne.fr\/\",\"name\":\"Lucienne la Parisienne\",\"description\":\"Produits pour Teckels\",\"potentialAction\":[{\"@type\":\"SearchAction\",\"target\":{\"@type\":\"EntryPoint\",\"urlTemplate\":\"https:\/\/luciennelaparisienne.fr\/?s={search_term_string}\"},\"query-input\":{\"@type\":\"PropertyValueSpecification\",\"valueRequired\":true,\"valueName\":\"search_term_string\"}}],\"inLanguage\":\"it-IT\"}]}<\/script>\n<!-- \/ Yoast SEO plugin. -->","yoast_head_json":{"title":"Carte Cadeau - Lucienne la Parisienne","robots":{"index":"index","follow":"follow","max-snippet":"max-snippet:-1","max-image-preview":"max-image-preview:large","max-video-preview":"max-video-preview:-1"},"canonical":"https:\/\/luciennelaparisienne.fr\/it\/prodotto\/carte-cadeau\/","og_locale":"it_IT","og_type":"article","og_title":"Carte Cadeau - Lucienne la Parisienne","og_description":"Carte cadeau id\u00e9ale pour faire plaisir instantan\u00e9ment. Carte 100% digitale, livr\u00e9e directement par email.","og_url":"https:\/\/luciennelaparisienne.fr\/it\/prodotto\/carte-cadeau\/","og_site_name":"Lucienne la Parisienne","article_modified_time":"2026-01-09T19:49:24+00:00","og_image":[{"width":1024,"height":1024,"url":"https:\/\/luciennelaparisienne.fr\/wp-content\/uploads\/2025\/06\/carte-cadeau-lucienne-min.jpg","type":"image\/jpeg"}],"twitter_card":"summary_large_image","twitter_misc":{"Tempo di lettura stimato":"1 minuto"},"schema":{"@context":"https:\/\/schema.org","@graph":[{"@type":"WebPage","@id":"https:\/\/luciennelaparisienne.fr\/produit\/carte-cadeau\/","url":"https:\/\/luciennelaparisienne.fr\/produit\/carte-cadeau\/","name":"Carte Cadeau - Lucienne la Parisienne","isPartOf":{"@id":"https:\/\/luciennelaparisienne.fr\/#website"},"primaryImageOfPage":{"@id":"https:\/\/luciennelaparisienne.fr\/produit\/carte-cadeau\/#primaryimage"},"image":{"@id":"https:\/\/luciennelaparisienne.fr\/produit\/carte-cadeau\/#primaryimage"},"thumbnailUrl":"https:\/\/luciennelaparisienne.fr\/wp-content\/uploads\/2025\/06\/carte-cadeau-lucienne-min.jpg","datePublished":"2025-06-09T18:45:48+00:00","dateModified":"2026-01-09T19:49:24+00:00","breadcrumb":{"@id":"https:\/\/luciennelaparisienne.fr\/produit\/carte-cadeau\/#breadcrumb"},"inLanguage":"it-IT","potentialAction":[{"@type":"ReadAction","target":["https:\/\/luciennelaparisienne.fr\/produit\/carte-cadeau\/"]}]},{"@type":"ImageObject","inLanguage":"it-IT","@id":"https:\/\/luciennelaparisienne.fr\/produit\/carte-cadeau\/#primaryimage","url":"https:\/\/luciennelaparisienne.fr\/wp-content\/uploads\/2025\/06\/carte-cadeau-lucienne-min.jpg","contentUrl":"https:\/\/luciennelaparisienne.fr\/wp-content\/uploads\/2025\/06\/carte-cadeau-lucienne-min.jpg","width":1024,"height":1024},{"@type":"BreadcrumbList","@id":"https:\/\/luciennelaparisienne.fr\/produit\/carte-cadeau\/#breadcrumb","itemListElement":[{"@type":"ListItem","position":1,"name":"Accueil","item":"https:\/\/luciennelaparisienne.fr\/"},{"@type":"ListItem","position":2,"name":"Boutique","item":"https:\/\/luciennelaparisienne.fr\/shop\/"},{"@type":"ListItem","position":3,"name":"Carte Cadeau"}]},{"@type":"WebSite","@id":"https:\/\/luciennelaparisienne.fr\/#website","url":"https:\/\/luciennelaparisienne.fr\/","name":"Lucienne la Parisienne","description":"Produits pour Teckels","potentialAction":[{"@type":"SearchAction","target":{"@type":"EntryPoint","urlTemplate":"https:\/\/luciennelaparisienne.fr\/?s={search_term_string}"},"query-input":{"@type":"PropertyValueSpecification","valueRequired":true,"valueName":"search_term_string"}}],"inLanguage":"it-IT"}]}},"_links":{"self":[{"href":"https:\/\/luciennelaparisienne.fr\/it\/wp-json\/wp\/v2\/product\/14058","targetHints":{"allow":["GET"]}}],"collection":[{"href":"https:\/\/luciennelaparisienne.fr\/it\/wp-json\/wp\/v2\/product"}],"about":[{"href":"https:\/\/luciennelaparisienne.fr\/it\/wp-json\/wp\/v2\/types\/product"}],"replies":[{"embeddable":true,"href":"https:\/\/luciennelaparisienne.fr\/it\/wp-json\/wp\/v2\/comments?post=14058"}],"wp:featuredmedia":[{"embeddable":true,"href":"https:\/\/luciennelaparisienne.fr\/it\/wp-json\/wp\/v2\/media\/14111"}],"wp:attachment":[{"href":"https:\/\/luciennelaparisienne.fr\/it\/wp-json\/wp\/v2\/media?parent=14058"}],"wp:term":[{"taxonomy":"product_brand","embeddable":true,"href":"https:\/\/luciennelaparisienne.fr\/it\/wp-json\/wp\/v2\/product_brand?post=14058"},{"taxonomy":"product_cat","embeddable":true,"href":"https:\/\/luciennelaparisienne.fr\/it\/wp-json\/wp\/v2\/product_cat?post=14058"},{"taxonomy":"product_tag","embeddable":true,"href":"https:\/\/luciennelaparisienne.fr\/it\/wp-json\/wp\/v2\/product_tag?post=14058"}],"curies":[{"name":"wp","href":"https:\/\/api.w.org\/{rel}","templated":true}]}}