{"id":14096,"date":"2025-06-11T12:57:53","date_gmt":"2025-06-11T10:57:53","guid":{"rendered":"https:\/\/luciennelaparisienne.fr\/?post_type=product&#038;p=14096"},"modified":"2026-04-08T01:53:11","modified_gmt":"2026-04-07T23:53:11","slug":"tee-shirt-lucienne-sur-stand-uo-paddle","status":"publish","type":"product","link":"https:\/\/luciennelaparisienne.fr\/it\/prodotto\/tee-shirt-lucienne-sur-stand-uo-paddle\/","title":{"rendered":"T-shirt Lucienne sul Stand Up Paddle."},"content":{"rendered":"<p><strong>T-shirt Lucienne sul Stand Up Paddle.<\/strong><\/p>\n<p>Per celebrare l\u2019amore di Lucienne per il stand up paddle, abbiamo creato una t-shirt unica, proprio come lei.<\/p>\n<p>Lucienne \u2013 sempre chic, anche sul paddle.<\/p>\n<p>Sportiva, coraggiosa e determinata, non si tira indietro davanti a nessuna onda!<\/p>\n<p>Con le sue piccole zampette ma con una grande volont\u00e0, traccia la sua strada sull\u2019acqua con eleganza e chic parigino.<\/p>\n<p>Con il suo fascino da piccola iconica parigina, Lucienne ti accompagna ovunque con eleganza e umorismo.<\/p>\n<p>Questa t-shirt \u00e8 molto pi\u00f9 di un capo d\u2019abbigliamento \u2013 \u00e8 un ricordo, una dichiarazione, una passione indossata con orgoglio.<\/p>\n<p>Il disegno di Lucienne, teckel con marini\u00e8re e berretto, \u00e8 stato ideato dalla sua giovane padroncina di 11 anni \u2013 una vera artista appassionata di moda e Parigi.<\/p>\n<p>Un\u2019occhiolino a tutti gli amanti dei bassotti e del tocco francese!<\/p>\n<p>La prima edizione delle magliette \u00e8 stata progettata e stampata in Ucraina, paese d\u2019origine di Viktoriya, la creatrice del marchio, per sostenere il suo paese con cuore e convinzione. Edizione limitata.<\/p>\n<p><strong>\u00a0<\/strong><strong>Caratteristiche<\/strong>\u00a0:<\/p>\n<p>Composizione: 95% cotone, 5% elastan.<\/p>\n<p>Peso: 200 g\/m\u00b2.<\/p>\n<p><strong>Manutenzione<\/strong>\u00a0:<\/p>\n<p>Lavare a 30\u00b0C al rovescio con capi simili. Non usare l\u2019asciugatrice. Stirare a bassa temperatura senza contatto diretto con la stampa.<\/p>\n<p><strong>Disponibile nelle taglie: <\/strong>S, M, L, XL<\/p>\n<p>Taglio unisex, comodo per tutti gli stili.<\/p>","protected":false},"excerpt":{"rendered":"<p>Tee-shirt Lucienne sur Stand Up Paddle. Pour c\u00e9l\u00e9brer l\u2019amour de Lucienne pour le stand up paddle, nous avons cr\u00e9\u00e9 un tee-shirt unique, \u00e0 son image. Lucienne &#8211; toujours chic, m\u00eame sur un paddle. Sportive, courageuse et d\u00e9termin\u00e9e, elle ne recule devant aucune vague! Avec ses petites pattes mais avec une [&hellip;]<\/p>","protected":false},"featured_media":14232,"comment_status":"open","ping_status":"closed","template":"","meta":{"inline_featured_image":false},"product_brand":[],"product_cat":[137,156,157,75,70,71,73],"product_tag":[],"class_list":{"0":"post-14096","1":"product","2":"type-product","3":"status-publish","4":"has-post-thumbnail","6":"product_cat-accessoires","7":"product_cat-collections","8":"product_cat-la-parisienne","9":"product_cat-pour-les-dogparents","10":"product_cat-pour-nos-teckels","11":"product_cat-pour-se-coucher","12":"product_cat-pour-voyager","14":"first","15":"instock","16":"taxable","17":"shipping-taxable","18":"purchasable","19":"product-type-variable"},"yoast_head":"<!-- This site is optimized with the Yoast SEO plugin v26.6 - https:\/\/yoast.com\/wordpress\/plugins\/seo\/ -->\n<title>Tapis de voyage fin et doux pour Teckel, Chien &amp; Chiot<\/title>\n<meta name=\"description\" content=\"Magnifiques v\u00eatements &amp; accessoires pour prendre soin de son chien. Produits con\u00e7us pour les teckels 100% artisanaux et fabriqu\u00e9s en France.\" \/>\n<meta name=\"robots\" content=\"index, follow, max-snippet:-1, max-image-preview:large, max-video-preview:-1\" \/>\n<link rel=\"canonical\" href=\"https:\/\/luciennelaparisienne.fr\/it\/prodotto\/tee-shirt-lucienne-sur-stand-uo-paddle\/\" \/>\n<meta property=\"og:locale\" content=\"it_IT\" \/>\n<meta property=\"og:type\" content=\"article\" \/>\n<meta property=\"og:title\" content=\"Tapis de voyage fin et doux pour Teckel, Chien &amp; Chiot\" \/>\n<meta property=\"og:description\" content=\"Magnifiques v\u00eatements &amp; accessoires pour prendre soin de son chien. Produits con\u00e7us pour les teckels 100% artisanaux et fabriqu\u00e9s en France.\" \/>\n<meta property=\"og:url\" content=\"https:\/\/luciennelaparisienne.fr\/it\/prodotto\/tee-shirt-lucienne-sur-stand-uo-paddle\/\" \/>\n<meta property=\"og:site_name\" content=\"Lucienne la Parisienne\" \/>\n<meta property=\"article:modified_time\" content=\"2026-04-07T23:53:11+00:00\" \/>\n<meta property=\"og:image\" content=\"https:\/\/luciennelaparisienne.fr\/wp-content\/uploads\/2025\/06\/55555.jpg\" \/>\n\t<meta property=\"og:image:width\" content=\"1065\" \/>\n\t<meta property=\"og:image:height\" content=\"1065\" \/>\n\t<meta property=\"og:image:type\" content=\"image\/jpeg\" \/>\n<meta name=\"twitter:card\" content=\"summary_large_image\" \/>\n<meta name=\"twitter:label1\" content=\"Tempo di lettura stimato\" \/>\n\t<meta name=\"twitter:data1\" content=\"2 minuti\" \/>\n<script type=\"application\/ld+json\" class=\"yoast-schema-graph\">{\"@context\":\"https:\/\/schema.org\",\"@graph\":[{\"@type\":\"WebPage\",\"@id\":\"https:\/\/luciennelaparisienne.fr\/produit\/tee-shirt-lucienne-sur-stand-uo-paddle\/\",\"url\":\"https:\/\/luciennelaparisienne.fr\/produit\/tee-shirt-lucienne-sur-stand-uo-paddle\/\",\"name\":\"Tapis de voyage fin et doux pour Teckel, Chien & Chiot\",\"isPartOf\":{\"@id\":\"https:\/\/luciennelaparisienne.fr\/#website\"},\"primaryImageOfPage\":{\"@id\":\"https:\/\/luciennelaparisienne.fr\/produit\/tee-shirt-lucienne-sur-stand-uo-paddle\/#primaryimage\"},\"image\":{\"@id\":\"https:\/\/luciennelaparisienne.fr\/produit\/tee-shirt-lucienne-sur-stand-uo-paddle\/#primaryimage\"},\"thumbnailUrl\":\"https:\/\/luciennelaparisienne.fr\/wp-content\/uploads\/2025\/06\/55555.jpg\",\"datePublished\":\"2025-06-11T10:57:53+00:00\",\"dateModified\":\"2026-04-07T23:53:11+00:00\",\"description\":\"Magnifiques v\u00eatements & accessoires pour prendre soin de son chien. Produits con\u00e7us pour les teckels 100% artisanaux et fabriqu\u00e9s en France.\",\"breadcrumb\":{\"@id\":\"https:\/\/luciennelaparisienne.fr\/produit\/tee-shirt-lucienne-sur-stand-uo-paddle\/#breadcrumb\"},\"inLanguage\":\"it-IT\",\"potentialAction\":[{\"@type\":\"ReadAction\",\"target\":[\"https:\/\/luciennelaparisienne.fr\/produit\/tee-shirt-lucienne-sur-stand-uo-paddle\/\"]}]},{\"@type\":\"ImageObject\",\"inLanguage\":\"it-IT\",\"@id\":\"https:\/\/luciennelaparisienne.fr\/produit\/tee-shirt-lucienne-sur-stand-uo-paddle\/#primaryimage\",\"url\":\"https:\/\/luciennelaparisienne.fr\/wp-content\/uploads\/2025\/06\/55555.jpg\",\"contentUrl\":\"https:\/\/luciennelaparisienne.fr\/wp-content\/uploads\/2025\/06\/55555.jpg\",\"width\":1065,\"height\":1065,\"caption\":\"Print\"},{\"@type\":\"BreadcrumbList\",\"@id\":\"https:\/\/luciennelaparisienne.fr\/produit\/tee-shirt-lucienne-sur-stand-uo-paddle\/#breadcrumb\",\"itemListElement\":[{\"@type\":\"ListItem\",\"position\":1,\"name\":\"Accueil\",\"item\":\"https:\/\/luciennelaparisienne.fr\/\"},{\"@type\":\"ListItem\",\"position\":2,\"name\":\"Boutique\",\"item\":\"https:\/\/luciennelaparisienne.fr\/shop\/\"},{\"@type\":\"ListItem\",\"position\":3,\"name\":\"Tee-shirt Lucienne sur Stand Up Paddle.\"}]},{\"@type\":\"WebSite\",\"@id\":\"https:\/\/luciennelaparisienne.fr\/#website\",\"url\":\"https:\/\/luciennelaparisienne.fr\/\",\"name\":\"Lucienne la Parisienne\",\"description\":\"Produits pour Teckels\",\"potentialAction\":[{\"@type\":\"SearchAction\",\"target\":{\"@type\":\"EntryPoint\",\"urlTemplate\":\"https:\/\/luciennelaparisienne.fr\/?s={search_term_string}\"},\"query-input\":{\"@type\":\"PropertyValueSpecification\",\"valueRequired\":true,\"valueName\":\"search_term_string\"}}],\"inLanguage\":\"it-IT\"}]}<\/script>\n<!-- \/ Yoast SEO plugin. -->","yoast_head_json":{"title":"Tapis de voyage fin et doux pour Teckel, Chien & Chiot","description":"Magnifiques v\u00eatements & accessoires pour prendre soin de son chien. Produits con\u00e7us pour les teckels 100% artisanaux et fabriqu\u00e9s en France.","robots":{"index":"index","follow":"follow","max-snippet":"max-snippet:-1","max-image-preview":"max-image-preview:large","max-video-preview":"max-video-preview:-1"},"canonical":"https:\/\/luciennelaparisienne.fr\/it\/prodotto\/tee-shirt-lucienne-sur-stand-uo-paddle\/","og_locale":"it_IT","og_type":"article","og_title":"Tapis de voyage fin et doux pour Teckel, Chien & Chiot","og_description":"Magnifiques v\u00eatements & accessoires pour prendre soin de son chien. Produits con\u00e7us pour les teckels 100% artisanaux et fabriqu\u00e9s en France.","og_url":"https:\/\/luciennelaparisienne.fr\/it\/prodotto\/tee-shirt-lucienne-sur-stand-uo-paddle\/","og_site_name":"Lucienne la Parisienne","article_modified_time":"2026-04-07T23:53:11+00:00","og_image":[{"width":1065,"height":1065,"url":"https:\/\/luciennelaparisienne.fr\/wp-content\/uploads\/2025\/06\/55555.jpg","type":"image\/jpeg"}],"twitter_card":"summary_large_image","twitter_misc":{"Tempo di lettura stimato":"2 minuti"},"schema":{"@context":"https:\/\/schema.org","@graph":[{"@type":"WebPage","@id":"https:\/\/luciennelaparisienne.fr\/produit\/tee-shirt-lucienne-sur-stand-uo-paddle\/","url":"https:\/\/luciennelaparisienne.fr\/produit\/tee-shirt-lucienne-sur-stand-uo-paddle\/","name":"Tapis de voyage fin et doux pour Teckel, Chien & Chiot","isPartOf":{"@id":"https:\/\/luciennelaparisienne.fr\/#website"},"primaryImageOfPage":{"@id":"https:\/\/luciennelaparisienne.fr\/produit\/tee-shirt-lucienne-sur-stand-uo-paddle\/#primaryimage"},"image":{"@id":"https:\/\/luciennelaparisienne.fr\/produit\/tee-shirt-lucienne-sur-stand-uo-paddle\/#primaryimage"},"thumbnailUrl":"https:\/\/luciennelaparisienne.fr\/wp-content\/uploads\/2025\/06\/55555.jpg","datePublished":"2025-06-11T10:57:53+00:00","dateModified":"2026-04-07T23:53:11+00:00","description":"Magnifiques v\u00eatements & accessoires pour prendre soin de son chien. Produits con\u00e7us pour les teckels 100% artisanaux et fabriqu\u00e9s en France.","breadcrumb":{"@id":"https:\/\/luciennelaparisienne.fr\/produit\/tee-shirt-lucienne-sur-stand-uo-paddle\/#breadcrumb"},"inLanguage":"it-IT","potentialAction":[{"@type":"ReadAction","target":["https:\/\/luciennelaparisienne.fr\/produit\/tee-shirt-lucienne-sur-stand-uo-paddle\/"]}]},{"@type":"ImageObject","inLanguage":"it-IT","@id":"https:\/\/luciennelaparisienne.fr\/produit\/tee-shirt-lucienne-sur-stand-uo-paddle\/#primaryimage","url":"https:\/\/luciennelaparisienne.fr\/wp-content\/uploads\/2025\/06\/55555.jpg","contentUrl":"https:\/\/luciennelaparisienne.fr\/wp-content\/uploads\/2025\/06\/55555.jpg","width":1065,"height":1065,"caption":"Print"},{"@type":"BreadcrumbList","@id":"https:\/\/luciennelaparisienne.fr\/produit\/tee-shirt-lucienne-sur-stand-uo-paddle\/#breadcrumb","itemListElement":[{"@type":"ListItem","position":1,"name":"Accueil","item":"https:\/\/luciennelaparisienne.fr\/"},{"@type":"ListItem","position":2,"name":"Boutique","item":"https:\/\/luciennelaparisienne.fr\/shop\/"},{"@type":"ListItem","position":3,"name":"Tee-shirt Lucienne sur Stand Up Paddle."}]},{"@type":"WebSite","@id":"https:\/\/luciennelaparisienne.fr\/#website","url":"https:\/\/luciennelaparisienne.fr\/","name":"Lucienne la Parisienne","description":"Produits pour Teckels","potentialAction":[{"@type":"SearchAction","target":{"@type":"EntryPoint","urlTemplate":"https:\/\/luciennelaparisienne.fr\/?s={search_term_string}"},"query-input":{"@type":"PropertyValueSpecification","valueRequired":true,"valueName":"search_term_string"}}],"inLanguage":"it-IT"}]}},"_links":{"self":[{"href":"https:\/\/luciennelaparisienne.fr\/it\/wp-json\/wp\/v2\/product\/14096","targetHints":{"allow":["GET"]}}],"collection":[{"href":"https:\/\/luciennelaparisienne.fr\/it\/wp-json\/wp\/v2\/product"}],"about":[{"href":"https:\/\/luciennelaparisienne.fr\/it\/wp-json\/wp\/v2\/types\/product"}],"replies":[{"embeddable":true,"href":"https:\/\/luciennelaparisienne.fr\/it\/wp-json\/wp\/v2\/comments?post=14096"}],"wp:featuredmedia":[{"embeddable":true,"href":"https:\/\/luciennelaparisienne.fr\/it\/wp-json\/wp\/v2\/media\/14232"}],"wp:attachment":[{"href":"https:\/\/luciennelaparisienne.fr\/it\/wp-json\/wp\/v2\/media?parent=14096"}],"wp:term":[{"taxonomy":"product_brand","embeddable":true,"href":"https:\/\/luciennelaparisienne.fr\/it\/wp-json\/wp\/v2\/product_brand?post=14096"},{"taxonomy":"product_cat","embeddable":true,"href":"https:\/\/luciennelaparisienne.fr\/it\/wp-json\/wp\/v2\/product_cat?post=14096"},{"taxonomy":"product_tag","embeddable":true,"href":"https:\/\/luciennelaparisienne.fr\/it\/wp-json\/wp\/v2\/product_tag?post=14096"}],"curies":[{"name":"wp","href":"https:\/\/api.w.org\/{rel}","templated":true}]}}