{"id":14228,"date":"2025-06-23T16:57:18","date_gmt":"2025-06-23T14:57:18","guid":{"rendered":"https:\/\/luciennelaparisienne.fr\/?post_type=product&#038;p=14228"},"modified":"2026-03-06T19:01:27","modified_gmt":"2026-03-06T18:01:27","slug":"lot-de-2-stickers-teckel-a-bord-lucienne-la-parisienne","status":"publish","type":"product","link":"https:\/\/luciennelaparisienne.fr\/it\/prodotto\/lot-de-2-stickers-teckel-a-bord-lucienne-la-parisienne\/","title":{"rendered":"Lot de 2 stickers Teckel \u00e0 bord Lucienne la Parisienne"},"content":{"rendered":"<p><span data-contrast=\"none\">Adesivi per auto \u201cBassotto a bordo\u201d <\/span>Per gli amanti del marchio e per chi ha senso dell\u2019umorismo! <span data-contrast=\"none\">Con questo adesivo la tua auto sar\u00e0 ancora pi\u00f9 bella!<\/span><\/p>\n<p><span data-contrast=\"none\">Questi<\/span> <span data-contrast=\"none\">adesivi sono realizzati in PVC impermeabile di alta qualit\u00e0, hanno una forte aderenza, una grande durata, resistono alle alte temperature e possono essere utilizzati per un lungo periodo.\u00a0<\/span><span data-ccp-props=\"{&quot;134233117&quot;:false,&quot;134233118&quot;:false,&quot;201341983&quot;:0,&quot;335559738&quot;:0,&quot;335559739&quot;:384,&quot;335559740&quot;:240}\">\u00a0<\/span><\/p>\n<p><span data-contrast=\"none\">Autocollant facile \u00e0 utiliser : nettoyez d&rsquo;abord votre voiture, puis arrachez simplement l\u2019autocollant et enfin appuyez pendant un moment. <\/span><span data-ccp-props=\"{&quot;134233117&quot;:false,&quot;134233118&quot;:false,&quot;201341983&quot;:0,&quot;335559738&quot;:0,&quot;335559739&quot;:384,&quot;335559740&quot;:240}\">\u00a0<\/span><\/p>\n<p><span data-contrast=\"none\">Potete anche applicarlo su superfici lisce: finestra, computer portatile, frigorifero, muro, scrivania, porta, valigia, armadietto, ecc.<\/span><span data-ccp-props=\"{&quot;134233117&quot;:false,&quot;134233118&quot;:false,&quot;201341983&quot;:0,&quot;335559738&quot;:0,&quot;335559739&quot;:384,&quot;335559740&quot;:240}\">\u00a0<\/span><\/p>\n<p>Set di 2 adesivi. Spedizione gratuita.<\/p>","protected":false},"excerpt":{"rendered":"<p>Produit en cours de fabrication, livraison pr\u00e9vue sous 15 jours.<\/p>","protected":false},"featured_media":14231,"comment_status":"open","ping_status":"closed","template":"","meta":{"inline_featured_image":false},"product_brand":[],"product_cat":[154,75,116],"product_tag":[],"class_list":{"0":"post-14228","1":"product","2":"type-product","3":"status-publish","4":"has-post-thumbnail","6":"product_cat-jouets-et-accessoires","7":"product_cat-pour-les-dogparents","8":"product_cat-stickers","9":"product_shipping_class-free-shipping","11":"first","12":"due_in_15","13":"featured","14":"taxable","15":"shipping-taxable","16":"purchasable","17":"product-type-simple"},"yoast_head":"<!-- This site is optimized with the Yoast SEO plugin v26.6 - https:\/\/yoast.com\/wordpress\/plugins\/seo\/ -->\n<title>Sticker, Autocollant Teckel \u00e0 bord | Lucienne la Parisienne<\/title>\n<meta name=\"description\" content=\"Magnifiques accessoires pour passionn\u00e9s de Teckels. Produits 100% artisanaux et fabriqu\u00e9s en France.\" \/>\n<meta name=\"robots\" content=\"index, follow, max-snippet:-1, max-image-preview:large, max-video-preview:-1\" \/>\n<link rel=\"canonical\" href=\"https:\/\/luciennelaparisienne.fr\/it\/prodotto\/lot-de-2-stickers-teckel-a-bord-lucienne-la-parisienne\/\" \/>\n<meta property=\"og:locale\" content=\"it_IT\" \/>\n<meta property=\"og:type\" content=\"article\" \/>\n<meta property=\"og:title\" content=\"Sticker, Autocollant Teckel \u00e0 bord | Lucienne la Parisienne\" \/>\n<meta property=\"og:description\" content=\"Magnifiques accessoires pour passionn\u00e9s de Teckels. Produits 100% artisanaux et fabriqu\u00e9s en France.\" \/>\n<meta property=\"og:url\" content=\"https:\/\/luciennelaparisienne.fr\/it\/prodotto\/lot-de-2-stickers-teckel-a-bord-lucienne-la-parisienne\/\" \/>\n<meta property=\"og:site_name\" content=\"Lucienne la Parisienne\" \/>\n<meta property=\"article:modified_time\" content=\"2026-03-06T18:01:27+00:00\" \/>\n<meta property=\"og:image\" content=\"https:\/\/luciennelaparisienne.fr\/wp-content\/uploads\/2025\/06\/erasebg-transformed-9.png\" \/>\n\t<meta property=\"og:image:width\" content=\"1087\" \/>\n\t<meta property=\"og:image:height\" content=\"1087\" \/>\n\t<meta property=\"og:image:type\" content=\"image\/png\" \/>\n<meta name=\"twitter:card\" content=\"summary_large_image\" \/>\n<meta name=\"twitter:label1\" content=\"Tempo di lettura stimato\" \/>\n\t<meta name=\"twitter:data1\" content=\"1 minuto\" \/>\n<script type=\"application\/ld+json\" class=\"yoast-schema-graph\">{\"@context\":\"https:\/\/schema.org\",\"@graph\":[{\"@type\":\"WebPage\",\"@id\":\"https:\/\/luciennelaparisienne.fr\/produit\/lot-de-2-stickers-teckel-a-bord-lucienne-la-parisienne\/\",\"url\":\"https:\/\/luciennelaparisienne.fr\/produit\/lot-de-2-stickers-teckel-a-bord-lucienne-la-parisienne\/\",\"name\":\"Sticker, Autocollant Teckel \u00e0 bord | Lucienne la Parisienne\",\"isPartOf\":{\"@id\":\"https:\/\/luciennelaparisienne.fr\/#website\"},\"primaryImageOfPage\":{\"@id\":\"https:\/\/luciennelaparisienne.fr\/produit\/lot-de-2-stickers-teckel-a-bord-lucienne-la-parisienne\/#primaryimage\"},\"image\":{\"@id\":\"https:\/\/luciennelaparisienne.fr\/produit\/lot-de-2-stickers-teckel-a-bord-lucienne-la-parisienne\/#primaryimage\"},\"thumbnailUrl\":\"https:\/\/luciennelaparisienne.fr\/wp-content\/uploads\/2025\/06\/erasebg-transformed-9.png\",\"datePublished\":\"2025-06-23T14:57:18+00:00\",\"dateModified\":\"2026-03-06T18:01:27+00:00\",\"description\":\"Magnifiques accessoires pour passionn\u00e9s de Teckels. Produits 100% artisanaux et fabriqu\u00e9s en France.\",\"breadcrumb\":{\"@id\":\"https:\/\/luciennelaparisienne.fr\/produit\/lot-de-2-stickers-teckel-a-bord-lucienne-la-parisienne\/#breadcrumb\"},\"inLanguage\":\"it-IT\",\"potentialAction\":[{\"@type\":\"ReadAction\",\"target\":[\"https:\/\/luciennelaparisienne.fr\/produit\/lot-de-2-stickers-teckel-a-bord-lucienne-la-parisienne\/\"]}]},{\"@type\":\"ImageObject\",\"inLanguage\":\"it-IT\",\"@id\":\"https:\/\/luciennelaparisienne.fr\/produit\/lot-de-2-stickers-teckel-a-bord-lucienne-la-parisienne\/#primaryimage\",\"url\":\"https:\/\/luciennelaparisienne.fr\/wp-content\/uploads\/2025\/06\/erasebg-transformed-9.png\",\"contentUrl\":\"https:\/\/luciennelaparisienne.fr\/wp-content\/uploads\/2025\/06\/erasebg-transformed-9.png\",\"width\":1087,\"height\":1087},{\"@type\":\"BreadcrumbList\",\"@id\":\"https:\/\/luciennelaparisienne.fr\/produit\/lot-de-2-stickers-teckel-a-bord-lucienne-la-parisienne\/#breadcrumb\",\"itemListElement\":[{\"@type\":\"ListItem\",\"position\":1,\"name\":\"Accueil\",\"item\":\"https:\/\/luciennelaparisienne.fr\/\"},{\"@type\":\"ListItem\",\"position\":2,\"name\":\"Boutique\",\"item\":\"https:\/\/luciennelaparisienne.fr\/shop\/\"},{\"@type\":\"ListItem\",\"position\":3,\"name\":\"Lot de 2 stickers Teckel \u00e0 bord Lucienne la Parisienne\"}]},{\"@type\":\"WebSite\",\"@id\":\"https:\/\/luciennelaparisienne.fr\/#website\",\"url\":\"https:\/\/luciennelaparisienne.fr\/\",\"name\":\"Lucienne la Parisienne\",\"description\":\"Produits pour Teckels\",\"potentialAction\":[{\"@type\":\"SearchAction\",\"target\":{\"@type\":\"EntryPoint\",\"urlTemplate\":\"https:\/\/luciennelaparisienne.fr\/?s={search_term_string}\"},\"query-input\":{\"@type\":\"PropertyValueSpecification\",\"valueRequired\":true,\"valueName\":\"search_term_string\"}}],\"inLanguage\":\"it-IT\"}]}<\/script>\n<!-- \/ Yoast SEO plugin. -->","yoast_head_json":{"title":"Sticker, Autocollant Teckel \u00e0 bord | Lucienne la Parisienne","description":"Magnifiques accessoires pour passionn\u00e9s de Teckels. Produits 100% artisanaux et fabriqu\u00e9s en France.","robots":{"index":"index","follow":"follow","max-snippet":"max-snippet:-1","max-image-preview":"max-image-preview:large","max-video-preview":"max-video-preview:-1"},"canonical":"https:\/\/luciennelaparisienne.fr\/it\/prodotto\/lot-de-2-stickers-teckel-a-bord-lucienne-la-parisienne\/","og_locale":"it_IT","og_type":"article","og_title":"Sticker, Autocollant Teckel \u00e0 bord | Lucienne la Parisienne","og_description":"Magnifiques accessoires pour passionn\u00e9s de Teckels. Produits 100% artisanaux et fabriqu\u00e9s en France.","og_url":"https:\/\/luciennelaparisienne.fr\/it\/prodotto\/lot-de-2-stickers-teckel-a-bord-lucienne-la-parisienne\/","og_site_name":"Lucienne la Parisienne","article_modified_time":"2026-03-06T18:01:27+00:00","og_image":[{"width":1087,"height":1087,"url":"https:\/\/luciennelaparisienne.fr\/wp-content\/uploads\/2025\/06\/erasebg-transformed-9.png","type":"image\/png"}],"twitter_card":"summary_large_image","twitter_misc":{"Tempo di lettura stimato":"1 minuto"},"schema":{"@context":"https:\/\/schema.org","@graph":[{"@type":"WebPage","@id":"https:\/\/luciennelaparisienne.fr\/produit\/lot-de-2-stickers-teckel-a-bord-lucienne-la-parisienne\/","url":"https:\/\/luciennelaparisienne.fr\/produit\/lot-de-2-stickers-teckel-a-bord-lucienne-la-parisienne\/","name":"Sticker, Autocollant Teckel \u00e0 bord | Lucienne la Parisienne","isPartOf":{"@id":"https:\/\/luciennelaparisienne.fr\/#website"},"primaryImageOfPage":{"@id":"https:\/\/luciennelaparisienne.fr\/produit\/lot-de-2-stickers-teckel-a-bord-lucienne-la-parisienne\/#primaryimage"},"image":{"@id":"https:\/\/luciennelaparisienne.fr\/produit\/lot-de-2-stickers-teckel-a-bord-lucienne-la-parisienne\/#primaryimage"},"thumbnailUrl":"https:\/\/luciennelaparisienne.fr\/wp-content\/uploads\/2025\/06\/erasebg-transformed-9.png","datePublished":"2025-06-23T14:57:18+00:00","dateModified":"2026-03-06T18:01:27+00:00","description":"Magnifiques accessoires pour passionn\u00e9s de Teckels. Produits 100% artisanaux et fabriqu\u00e9s en France.","breadcrumb":{"@id":"https:\/\/luciennelaparisienne.fr\/produit\/lot-de-2-stickers-teckel-a-bord-lucienne-la-parisienne\/#breadcrumb"},"inLanguage":"it-IT","potentialAction":[{"@type":"ReadAction","target":["https:\/\/luciennelaparisienne.fr\/produit\/lot-de-2-stickers-teckel-a-bord-lucienne-la-parisienne\/"]}]},{"@type":"ImageObject","inLanguage":"it-IT","@id":"https:\/\/luciennelaparisienne.fr\/produit\/lot-de-2-stickers-teckel-a-bord-lucienne-la-parisienne\/#primaryimage","url":"https:\/\/luciennelaparisienne.fr\/wp-content\/uploads\/2025\/06\/erasebg-transformed-9.png","contentUrl":"https:\/\/luciennelaparisienne.fr\/wp-content\/uploads\/2025\/06\/erasebg-transformed-9.png","width":1087,"height":1087},{"@type":"BreadcrumbList","@id":"https:\/\/luciennelaparisienne.fr\/produit\/lot-de-2-stickers-teckel-a-bord-lucienne-la-parisienne\/#breadcrumb","itemListElement":[{"@type":"ListItem","position":1,"name":"Accueil","item":"https:\/\/luciennelaparisienne.fr\/"},{"@type":"ListItem","position":2,"name":"Boutique","item":"https:\/\/luciennelaparisienne.fr\/shop\/"},{"@type":"ListItem","position":3,"name":"Lot de 2 stickers Teckel \u00e0 bord Lucienne la Parisienne"}]},{"@type":"WebSite","@id":"https:\/\/luciennelaparisienne.fr\/#website","url":"https:\/\/luciennelaparisienne.fr\/","name":"Lucienne la Parisienne","description":"Produits pour Teckels","potentialAction":[{"@type":"SearchAction","target":{"@type":"EntryPoint","urlTemplate":"https:\/\/luciennelaparisienne.fr\/?s={search_term_string}"},"query-input":{"@type":"PropertyValueSpecification","valueRequired":true,"valueName":"search_term_string"}}],"inLanguage":"it-IT"}]}},"_links":{"self":[{"href":"https:\/\/luciennelaparisienne.fr\/it\/wp-json\/wp\/v2\/product\/14228","targetHints":{"allow":["GET"]}}],"collection":[{"href":"https:\/\/luciennelaparisienne.fr\/it\/wp-json\/wp\/v2\/product"}],"about":[{"href":"https:\/\/luciennelaparisienne.fr\/it\/wp-json\/wp\/v2\/types\/product"}],"replies":[{"embeddable":true,"href":"https:\/\/luciennelaparisienne.fr\/it\/wp-json\/wp\/v2\/comments?post=14228"}],"wp:featuredmedia":[{"embeddable":true,"href":"https:\/\/luciennelaparisienne.fr\/it\/wp-json\/wp\/v2\/media\/14231"}],"wp:attachment":[{"href":"https:\/\/luciennelaparisienne.fr\/it\/wp-json\/wp\/v2\/media?parent=14228"}],"wp:term":[{"taxonomy":"product_brand","embeddable":true,"href":"https:\/\/luciennelaparisienne.fr\/it\/wp-json\/wp\/v2\/product_brand?post=14228"},{"taxonomy":"product_cat","embeddable":true,"href":"https:\/\/luciennelaparisienne.fr\/it\/wp-json\/wp\/v2\/product_cat?post=14228"},{"taxonomy":"product_tag","embeddable":true,"href":"https:\/\/luciennelaparisienne.fr\/it\/wp-json\/wp\/v2\/product_tag?post=14228"}],"curies":[{"name":"wp","href":"https:\/\/api.w.org\/{rel}","templated":true}]}}