{"id":14677,"date":"2025-09-18T17:07:37","date_gmt":"2025-09-18T15:07:37","guid":{"rendered":"https:\/\/luciennelaparisienne.fr\/?post_type=product&#038;p=14677"},"modified":"2026-03-19T22:39:07","modified_gmt":"2026-03-19T21:39:07","slug":"doudoune-rivoli","status":"publish","type":"product","link":"https:\/\/luciennelaparisienne.fr\/it\/prodotto\/doudoune-rivoli\/","title":{"rendered":"Doudoune Rivoli"},"content":{"rendered":"<p>La doudoune Rivoli est un nouveau\u00a0 manteau \u00e0 la fois chaud, tr\u00e8s l\u00e9ger et impermeable.<\/p>\n<p>Le manteau avec des boutons pressions.<\/p>\n<p>Ce manteau va prot\u00e9ger et chauffer votre teckel pendant le temps froid sec ou de pluie.<\/p>\n<p>Remplissage en polyester donc lavage et s\u00e9chage facile et rapide. En int\u00e9rieur il est en polaire tr\u00e8s doux.<\/p>\n<p>Une ouverture pour le harnais est pr\u00e9vue sur le haut du dos.<\/p>\n<p>Tr\u00e8s facile \u00e0 mettre, il suffit de glisser sur la t\u00eate de votre chien et fermer les boutons sur un cot\u00e9.<\/p>\n<p>En interieur la doublure est en polaire, la couleur rose poudr\u00e9e doubl\u00e9e par la moumoute.<\/p>\n<p>Caratteristiche:<\/p>\n<p>Couleur : Rouge, bleue marine, noir et rouge, rose poudr\u00e9e.<\/p>\n<p>Tessuto: 84% Poliestere, 16% Poliamide<\/p>\n<p>Lavaggio a mano o in lavatrice a 30 \u00b0C. Strizzatura e asciugatura leggera.<\/p>\n<p>Disponibles en tailles :<\/p>\n<p>Disponibles en tailles:<\/p>\n<p>XXS: Bassotto Kaninchen 3-4 kg<\/p>\n<p>XS : Teckel Nain 5 kg<\/p>\n<p>S: Bassotto Nano 6-7 kg<\/p>\n<p>M : Teckel Standard 8-8,5 kg<\/p>\n<p>L : Teckel grand Standard 9-10 kg<\/p>\n<p>XL : Teckel grand Standard 10 kg +<\/p>\n<p>La taille XL se fabrique sur demande et apr\u00e8s le r\u00e8glement.<\/p>\n<p><strong>La produzione su misura avviene dopo il pagamento e richiede 2 settimane.<\/strong><\/p>\n<p>Si prega di notare che i colori nelle foto possono essere leggermente diversi.<\/p>","protected":false},"excerpt":{"rendered":"<p>La doudoune Rivoli est un nouveau\u00a0 manteau \u00e0 la fois chaud, tr\u00e8s l\u00e9ger et impermeable. Le manteau avec des boutons pressions. Ce manteau va prot\u00e9ger et chauffer votre teckel pendant le temps froid sec ou de pluie. Remplissage en polyester donc lavage et s\u00e9chage facile et rapide. En int\u00e9rieur il [&hellip;]<\/p>","protected":false},"featured_media":15220,"comment_status":"open","ping_status":"closed","template":"","meta":{"inline_featured_image":false},"product_brand":[],"product_cat":[153,70,72],"product_tag":[],"class_list":{"0":"post-14677","1":"product","2":"type-product","3":"status-publish","4":"has-post-thumbnail","6":"product_cat-vetements","7":"product_cat-pour-nos-teckels","8":"product_cat-pour-shabiller","10":"first","11":"instock","12":"sale","13":"taxable","14":"shipping-taxable","15":"purchasable","16":"product-type-variable","17":"has-default-attributes"},"yoast_head":"<!-- This site is optimized with the Yoast SEO plugin v26.6 - https:\/\/yoast.com\/wordpress\/plugins\/seo\/ -->\n<title>Doudoune Rivoli - Lucienne la Parisienne<\/title>\n<meta name=\"robots\" content=\"index, follow, max-snippet:-1, max-image-preview:large, max-video-preview:-1\" \/>\n<link rel=\"canonical\" href=\"https:\/\/luciennelaparisienne.fr\/it\/prodotto\/doudoune-rivoli\/\" \/>\n<meta property=\"og:locale\" content=\"it_IT\" \/>\n<meta property=\"og:type\" content=\"article\" \/>\n<meta property=\"og:title\" content=\"Doudoune Rivoli - Lucienne la Parisienne\" \/>\n<meta property=\"og:description\" content=\"La doudoune Rivoli est un nouveau\u00a0 manteau \u00e0 la fois chaud, tr\u00e8s l\u00e9ger et impermeable. Le manteau avec des boutons pressions. Ce manteau va prot\u00e9ger et chauffer votre teckel pendant le temps froid sec ou de pluie. Remplissage en polyester donc lavage et s\u00e9chage facile et rapide. En int\u00e9rieur il [&hellip;]\" \/>\n<meta property=\"og:url\" content=\"https:\/\/luciennelaparisienne.fr\/it\/prodotto\/doudoune-rivoli\/\" \/>\n<meta property=\"og:site_name\" content=\"Lucienne la Parisienne\" \/>\n<meta property=\"article:modified_time\" content=\"2026-03-19T21:39:07+00:00\" \/>\n<meta property=\"og:image\" content=\"https:\/\/luciennelaparisienne.fr\/wp-content\/uploads\/2025\/09\/1-072.jpg\" \/>\n\t<meta property=\"og:image:width\" content=\"600\" \/>\n\t<meta property=\"og:image:height\" content=\"600\" \/>\n\t<meta property=\"og:image:type\" content=\"image\/jpeg\" \/>\n<meta name=\"twitter:card\" content=\"summary_large_image\" \/>\n<meta name=\"twitter:label1\" content=\"Tempo di lettura stimato\" \/>\n\t<meta name=\"twitter:data1\" content=\"2 minuti\" \/>\n<script type=\"application\/ld+json\" class=\"yoast-schema-graph\">{\"@context\":\"https:\/\/schema.org\",\"@graph\":[{\"@type\":\"WebPage\",\"@id\":\"https:\/\/luciennelaparisienne.fr\/produit\/doudoune-rivoli\/\",\"url\":\"https:\/\/luciennelaparisienne.fr\/produit\/doudoune-rivoli\/\",\"name\":\"Doudoune Rivoli - Lucienne la Parisienne\",\"isPartOf\":{\"@id\":\"https:\/\/luciennelaparisienne.fr\/#website\"},\"primaryImageOfPage\":{\"@id\":\"https:\/\/luciennelaparisienne.fr\/produit\/doudoune-rivoli\/#primaryimage\"},\"image\":{\"@id\":\"https:\/\/luciennelaparisienne.fr\/produit\/doudoune-rivoli\/#primaryimage\"},\"thumbnailUrl\":\"https:\/\/luciennelaparisienne.fr\/wp-content\/uploads\/2025\/09\/1-072.jpg\",\"datePublished\":\"2025-09-18T15:07:37+00:00\",\"dateModified\":\"2026-03-19T21:39:07+00:00\",\"breadcrumb\":{\"@id\":\"https:\/\/luciennelaparisienne.fr\/produit\/doudoune-rivoli\/#breadcrumb\"},\"inLanguage\":\"it-IT\",\"potentialAction\":[{\"@type\":\"ReadAction\",\"target\":[\"https:\/\/luciennelaparisienne.fr\/produit\/doudoune-rivoli\/\"]}]},{\"@type\":\"ImageObject\",\"inLanguage\":\"it-IT\",\"@id\":\"https:\/\/luciennelaparisienne.fr\/produit\/doudoune-rivoli\/#primaryimage\",\"url\":\"https:\/\/luciennelaparisienne.fr\/wp-content\/uploads\/2025\/09\/1-072.jpg\",\"contentUrl\":\"https:\/\/luciennelaparisienne.fr\/wp-content\/uploads\/2025\/09\/1-072.jpg\",\"width\":600,\"height\":600},{\"@type\":\"BreadcrumbList\",\"@id\":\"https:\/\/luciennelaparisienne.fr\/produit\/doudoune-rivoli\/#breadcrumb\",\"itemListElement\":[{\"@type\":\"ListItem\",\"position\":1,\"name\":\"Accueil\",\"item\":\"https:\/\/luciennelaparisienne.fr\/\"},{\"@type\":\"ListItem\",\"position\":2,\"name\":\"Boutique\",\"item\":\"https:\/\/luciennelaparisienne.fr\/shop\/\"},{\"@type\":\"ListItem\",\"position\":3,\"name\":\"Doudoune Rivoli\"}]},{\"@type\":\"WebSite\",\"@id\":\"https:\/\/luciennelaparisienne.fr\/#website\",\"url\":\"https:\/\/luciennelaparisienne.fr\/\",\"name\":\"Lucienne la Parisienne\",\"description\":\"Produits pour Teckels\",\"potentialAction\":[{\"@type\":\"SearchAction\",\"target\":{\"@type\":\"EntryPoint\",\"urlTemplate\":\"https:\/\/luciennelaparisienne.fr\/?s={search_term_string}\"},\"query-input\":{\"@type\":\"PropertyValueSpecification\",\"valueRequired\":true,\"valueName\":\"search_term_string\"}}],\"inLanguage\":\"it-IT\"}]}<\/script>\n<!-- \/ Yoast SEO plugin. -->","yoast_head_json":{"title":"Doudoune Rivoli - Lucienne la Parisienne","robots":{"index":"index","follow":"follow","max-snippet":"max-snippet:-1","max-image-preview":"max-image-preview:large","max-video-preview":"max-video-preview:-1"},"canonical":"https:\/\/luciennelaparisienne.fr\/it\/prodotto\/doudoune-rivoli\/","og_locale":"it_IT","og_type":"article","og_title":"Doudoune Rivoli - Lucienne la Parisienne","og_description":"La doudoune Rivoli est un nouveau\u00a0 manteau \u00e0 la fois chaud, tr\u00e8s l\u00e9ger et impermeable. Le manteau avec des boutons pressions. Ce manteau va prot\u00e9ger et chauffer votre teckel pendant le temps froid sec ou de pluie. Remplissage en polyester donc lavage et s\u00e9chage facile et rapide. En int\u00e9rieur il [&hellip;]","og_url":"https:\/\/luciennelaparisienne.fr\/it\/prodotto\/doudoune-rivoli\/","og_site_name":"Lucienne la Parisienne","article_modified_time":"2026-03-19T21:39:07+00:00","og_image":[{"width":600,"height":600,"url":"https:\/\/luciennelaparisienne.fr\/wp-content\/uploads\/2025\/09\/1-072.jpg","type":"image\/jpeg"}],"twitter_card":"summary_large_image","twitter_misc":{"Tempo di lettura stimato":"2 minuti"},"schema":{"@context":"https:\/\/schema.org","@graph":[{"@type":"WebPage","@id":"https:\/\/luciennelaparisienne.fr\/produit\/doudoune-rivoli\/","url":"https:\/\/luciennelaparisienne.fr\/produit\/doudoune-rivoli\/","name":"Doudoune Rivoli - Lucienne la Parisienne","isPartOf":{"@id":"https:\/\/luciennelaparisienne.fr\/#website"},"primaryImageOfPage":{"@id":"https:\/\/luciennelaparisienne.fr\/produit\/doudoune-rivoli\/#primaryimage"},"image":{"@id":"https:\/\/luciennelaparisienne.fr\/produit\/doudoune-rivoli\/#primaryimage"},"thumbnailUrl":"https:\/\/luciennelaparisienne.fr\/wp-content\/uploads\/2025\/09\/1-072.jpg","datePublished":"2025-09-18T15:07:37+00:00","dateModified":"2026-03-19T21:39:07+00:00","breadcrumb":{"@id":"https:\/\/luciennelaparisienne.fr\/produit\/doudoune-rivoli\/#breadcrumb"},"inLanguage":"it-IT","potentialAction":[{"@type":"ReadAction","target":["https:\/\/luciennelaparisienne.fr\/produit\/doudoune-rivoli\/"]}]},{"@type":"ImageObject","inLanguage":"it-IT","@id":"https:\/\/luciennelaparisienne.fr\/produit\/doudoune-rivoli\/#primaryimage","url":"https:\/\/luciennelaparisienne.fr\/wp-content\/uploads\/2025\/09\/1-072.jpg","contentUrl":"https:\/\/luciennelaparisienne.fr\/wp-content\/uploads\/2025\/09\/1-072.jpg","width":600,"height":600},{"@type":"BreadcrumbList","@id":"https:\/\/luciennelaparisienne.fr\/produit\/doudoune-rivoli\/#breadcrumb","itemListElement":[{"@type":"ListItem","position":1,"name":"Accueil","item":"https:\/\/luciennelaparisienne.fr\/"},{"@type":"ListItem","position":2,"name":"Boutique","item":"https:\/\/luciennelaparisienne.fr\/shop\/"},{"@type":"ListItem","position":3,"name":"Doudoune Rivoli"}]},{"@type":"WebSite","@id":"https:\/\/luciennelaparisienne.fr\/#website","url":"https:\/\/luciennelaparisienne.fr\/","name":"Lucienne la Parisienne","description":"Produits pour Teckels","potentialAction":[{"@type":"SearchAction","target":{"@type":"EntryPoint","urlTemplate":"https:\/\/luciennelaparisienne.fr\/?s={search_term_string}"},"query-input":{"@type":"PropertyValueSpecification","valueRequired":true,"valueName":"search_term_string"}}],"inLanguage":"it-IT"}]}},"_links":{"self":[{"href":"https:\/\/luciennelaparisienne.fr\/it\/wp-json\/wp\/v2\/product\/14677","targetHints":{"allow":["GET"]}}],"collection":[{"href":"https:\/\/luciennelaparisienne.fr\/it\/wp-json\/wp\/v2\/product"}],"about":[{"href":"https:\/\/luciennelaparisienne.fr\/it\/wp-json\/wp\/v2\/types\/product"}],"replies":[{"embeddable":true,"href":"https:\/\/luciennelaparisienne.fr\/it\/wp-json\/wp\/v2\/comments?post=14677"}],"wp:featuredmedia":[{"embeddable":true,"href":"https:\/\/luciennelaparisienne.fr\/it\/wp-json\/wp\/v2\/media\/15220"}],"wp:attachment":[{"href":"https:\/\/luciennelaparisienne.fr\/it\/wp-json\/wp\/v2\/media?parent=14677"}],"wp:term":[{"taxonomy":"product_brand","embeddable":true,"href":"https:\/\/luciennelaparisienne.fr\/it\/wp-json\/wp\/v2\/product_brand?post=14677"},{"taxonomy":"product_cat","embeddable":true,"href":"https:\/\/luciennelaparisienne.fr\/it\/wp-json\/wp\/v2\/product_cat?post=14677"},{"taxonomy":"product_tag","embeddable":true,"href":"https:\/\/luciennelaparisienne.fr\/it\/wp-json\/wp\/v2\/product_tag?post=14677"}],"curies":[{"name":"wp","href":"https:\/\/api.w.org\/{rel}","templated":true}]}}