{"id":14935,"date":"2025-10-09T07:56:56","date_gmt":"2025-10-09T05:56:56","guid":{"rendered":"https:\/\/luciennelaparisienne.fr\/?post_type=product&#038;p=14935"},"modified":"2026-04-10T08:18:56","modified_gmt":"2026-04-10T06:18:56","slug":"sac-de-transport-teckel-beige-et-noir","status":"publish","type":"product","link":"https:\/\/luciennelaparisienne.fr\/it\/prodotto\/sac-de-transport-teckel-beige-et-noir\/","title":{"rendered":"Sac de transport Teckel beige et noir"},"content":{"rendered":"<p>I nostri cani adorano accompagnarci ovunque. Soprattutto i teckel, che sono molto affettuosi e facili da portare.<\/p>\n<p>La borsa \u00e8 indispensabile, soprattutto se amate portare il vostro teckel con voi nella vita di tutti i giorni.<\/p>\n<p>Abbiamo creato una borsa che pu\u00f2 essere sia una borsa che una cuccia. La nostra borsa \u00e8 molto adatta per la citt\u00e0, dove il vostro cane pu\u00f2 stare molto comodamente nel taxi, al ristorante o a casa degli amici.<\/p>\n<p>Inoltre, la borsa pu\u00f2 servirvi da cuccia durante i vostri viaggi!<\/p>\n<p>La borsa \u00e8 realizzata in materiale impermeabile, si lava facilmente a mano o in lavatrice. Basta una semplice spugna per pulire le piccole macchie.<\/p>\n<p>Il fondo \u00e8 rigido, il che garantisce un buon supporto per la schiena fragile dei nostri teckel. Il fondo ha una copertura con cerniera che si pu\u00f2 rimuovere per essere lavata.<\/p>\n<p>La borsa \u00e8 dotata di una copertura che si lava facilmente in lavatrice. La copertura si rimuove e pu\u00f2 essere sostituita con quella in pelliccia per l'inverno.<\/p>\n<p>Le maniglie sono realizzate con cinturini piatti e larghi per non dare fastidio alla spalla. In ogni borsa c'\u00e8 una grande tasca con zip. \u00c8 presente anche una tracolla in nylon. Il fermaglio per unire le maniglie non \u00e8 obbligatorio, ma pu\u00f2 essere aggiunto.<\/p>\n<p>Le sac se ferme en zippe et dispose d\u2019une sangle int\u00e9rieure pour accrocher le chien. Petit sac rond \u00e0 friandises n\u2019est pas inclus mais peut \u00eatre achet\u00e9 s\u00e9par\u00e9ment.<\/p>\n<p>Infine, le nostre borse sono molto chic ed eleganti e possono sostituire la tua borsa a mano! \ud83d\ude0a<\/p>\n<p><strong>Caratteristiche<\/strong><strong>\u202f:<\/strong><strong>\u00a0\u00a0<\/strong><\/p>\n<p>Couleur: Beige et noire avec des diff\u00e9rentes housses en fourrures artificielles.<\/p>\n<p>Tessuto: poliestere impermeabile.<\/p>\n<p>Housse: Chinchilla, lapin noir. Possible choisir la housse d&rsquo;une autre couleur.<\/p>\n<ul>\n<li>Una tracolla in nylon<\/li>\n<li>Housse amovible avec la mousse en interieur<\/li>\n<li>Cinghia interna per agganciare il cane<\/li>\n<li>Fondo rigido con copertura con cerniera<\/li>\n<li>Grande tasca<\/li>\n<li>Borsa con cerniera<\/li>\n<\/ul>\n<p><strong>Manutenzione<\/strong><strong>\u202f:<\/strong><strong>\u00a0<\/strong><\/p>\n<p>Lavaggio a mano o in lavatrice a 30\u00b0C. Centrifuga e asciugatura leggera, non lavare a secco, non usare candeggina. Non stirare!<\/p>\n<p><strong>Taille:<\/strong><\/p>\n<p>M: 55 cm lunghezza della borsa, 45 cm lunghezza del fondo (kaninchen e nani fino a 6 kg)<\/p>\n<p>L: 60 cm lunghezza della borsa, 50 cm lunghezza del fondo (piccoli standard 8 kg o due kaninchen)<\/p>\n<p>XL: 70 cm lunghezza della borsa, 60 cm lunghezza del fondo (standard 9 kg+ o due nani)<\/p>","protected":false},"excerpt":{"rendered":"<p>Nos chiens adorent nous accompagner partout. Surtout les teckels qui sont tr\u00e8s attachants et faciles \u00e0 porter. Le sac est indispensable surtout si vous aimez emmener votre teckel avec vous dans la vie de tous les jours. Nous avons cr\u00e9\u00e9 un sac qui peut \u00e0 la fois faire sac et [&hellip;]<\/p>","protected":false},"featured_media":17040,"comment_status":"open","ping_status":"closed","template":"","meta":{"inline_featured_image":false},"product_brand":[],"product_cat":[155,70],"product_tag":[],"class_list":{"0":"post-14935","1":"product","2":"type-product","3":"status-publish","4":"has-post-thumbnail","6":"product_cat-sacs","7":"product_cat-pour-nos-teckels","9":"first","10":"instock","11":"taxable","12":"shipping-taxable","13":"purchasable","14":"product-type-variable"},"yoast_head":"<!-- This site is optimized with the Yoast SEO plugin v26.6 - https:\/\/yoast.com\/wordpress\/plugins\/seo\/ -->\n<title>Sac de transport Teckel beige et noir - Lucienne la Parisienne<\/title>\n<meta name=\"robots\" content=\"index, follow, max-snippet:-1, max-image-preview:large, max-video-preview:-1\" \/>\n<link rel=\"canonical\" href=\"https:\/\/luciennelaparisienne.fr\/it\/prodotto\/sac-de-transport-teckel-beige-et-noir\/\" \/>\n<meta property=\"og:locale\" content=\"it_IT\" \/>\n<meta property=\"og:type\" content=\"article\" \/>\n<meta property=\"og:title\" content=\"Sac de transport Teckel beige et noir - Lucienne la Parisienne\" \/>\n<meta property=\"og:description\" content=\"Nos chiens adorent nous accompagner partout. Surtout les teckels qui sont tr\u00e8s attachants et faciles \u00e0 porter. Le sac est indispensable surtout si vous aimez emmener votre teckel avec vous dans la vie de tous les jours. Nous avons cr\u00e9\u00e9 un sac qui peut \u00e0 la fois faire sac et [&hellip;]\" \/>\n<meta property=\"og:url\" content=\"https:\/\/luciennelaparisienne.fr\/it\/prodotto\/sac-de-transport-teckel-beige-et-noir\/\" \/>\n<meta property=\"og:site_name\" content=\"Lucienne la Parisienne\" \/>\n<meta property=\"article:modified_time\" content=\"2026-04-10T06:18:56+00:00\" \/>\n<meta property=\"og:image\" content=\"https:\/\/luciennelaparisienne.fr\/wp-content\/uploads\/2025\/10\/9Q8A0723.jpg\" \/>\n\t<meta property=\"og:image:width\" content=\"1080\" \/>\n\t<meta property=\"og:image:height\" content=\"1080\" \/>\n\t<meta property=\"og:image:type\" content=\"image\/jpeg\" \/>\n<meta name=\"twitter:card\" content=\"summary_large_image\" \/>\n<meta name=\"twitter:label1\" content=\"Tempo di lettura stimato\" \/>\n\t<meta name=\"twitter:data1\" content=\"3 minuti\" \/>\n<script type=\"application\/ld+json\" class=\"yoast-schema-graph\">{\"@context\":\"https:\/\/schema.org\",\"@graph\":[{\"@type\":\"WebPage\",\"@id\":\"https:\/\/luciennelaparisienne.fr\/produit\/sac-de-transport-teckel-beige-et-noir\/\",\"url\":\"https:\/\/luciennelaparisienne.fr\/produit\/sac-de-transport-teckel-beige-et-noir\/\",\"name\":\"Sac de transport Teckel beige et noir - Lucienne la Parisienne\",\"isPartOf\":{\"@id\":\"https:\/\/luciennelaparisienne.fr\/#website\"},\"primaryImageOfPage\":{\"@id\":\"https:\/\/luciennelaparisienne.fr\/produit\/sac-de-transport-teckel-beige-et-noir\/#primaryimage\"},\"image\":{\"@id\":\"https:\/\/luciennelaparisienne.fr\/produit\/sac-de-transport-teckel-beige-et-noir\/#primaryimage\"},\"thumbnailUrl\":\"https:\/\/luciennelaparisienne.fr\/wp-content\/uploads\/2025\/10\/9Q8A0723.jpg\",\"datePublished\":\"2025-10-09T05:56:56+00:00\",\"dateModified\":\"2026-04-10T06:18:56+00:00\",\"breadcrumb\":{\"@id\":\"https:\/\/luciennelaparisienne.fr\/produit\/sac-de-transport-teckel-beige-et-noir\/#breadcrumb\"},\"inLanguage\":\"it-IT\",\"potentialAction\":[{\"@type\":\"ReadAction\",\"target\":[\"https:\/\/luciennelaparisienne.fr\/produit\/sac-de-transport-teckel-beige-et-noir\/\"]}]},{\"@type\":\"ImageObject\",\"inLanguage\":\"it-IT\",\"@id\":\"https:\/\/luciennelaparisienne.fr\/produit\/sac-de-transport-teckel-beige-et-noir\/#primaryimage\",\"url\":\"https:\/\/luciennelaparisienne.fr\/wp-content\/uploads\/2025\/10\/9Q8A0723.jpg\",\"contentUrl\":\"https:\/\/luciennelaparisienne.fr\/wp-content\/uploads\/2025\/10\/9Q8A0723.jpg\",\"width\":1080,\"height\":1080},{\"@type\":\"BreadcrumbList\",\"@id\":\"https:\/\/luciennelaparisienne.fr\/produit\/sac-de-transport-teckel-beige-et-noir\/#breadcrumb\",\"itemListElement\":[{\"@type\":\"ListItem\",\"position\":1,\"name\":\"Accueil\",\"item\":\"https:\/\/luciennelaparisienne.fr\/\"},{\"@type\":\"ListItem\",\"position\":2,\"name\":\"Boutique\",\"item\":\"https:\/\/luciennelaparisienne.fr\/shop\/\"},{\"@type\":\"ListItem\",\"position\":3,\"name\":\"Sac de transport Teckel beige et noir\"}]},{\"@type\":\"WebSite\",\"@id\":\"https:\/\/luciennelaparisienne.fr\/#website\",\"url\":\"https:\/\/luciennelaparisienne.fr\/\",\"name\":\"Lucienne la Parisienne\",\"description\":\"Produits pour Teckels\",\"potentialAction\":[{\"@type\":\"SearchAction\",\"target\":{\"@type\":\"EntryPoint\",\"urlTemplate\":\"https:\/\/luciennelaparisienne.fr\/?s={search_term_string}\"},\"query-input\":{\"@type\":\"PropertyValueSpecification\",\"valueRequired\":true,\"valueName\":\"search_term_string\"}}],\"inLanguage\":\"it-IT\"}]}<\/script>\n<!-- \/ Yoast SEO plugin. -->","yoast_head_json":{"title":"Sac de transport Teckel beige et noir - Lucienne la Parisienne","robots":{"index":"index","follow":"follow","max-snippet":"max-snippet:-1","max-image-preview":"max-image-preview:large","max-video-preview":"max-video-preview:-1"},"canonical":"https:\/\/luciennelaparisienne.fr\/it\/prodotto\/sac-de-transport-teckel-beige-et-noir\/","og_locale":"it_IT","og_type":"article","og_title":"Sac de transport Teckel beige et noir - Lucienne la Parisienne","og_description":"Nos chiens adorent nous accompagner partout. Surtout les teckels qui sont tr\u00e8s attachants et faciles \u00e0 porter. Le sac est indispensable surtout si vous aimez emmener votre teckel avec vous dans la vie de tous les jours. Nous avons cr\u00e9\u00e9 un sac qui peut \u00e0 la fois faire sac et [&hellip;]","og_url":"https:\/\/luciennelaparisienne.fr\/it\/prodotto\/sac-de-transport-teckel-beige-et-noir\/","og_site_name":"Lucienne la Parisienne","article_modified_time":"2026-04-10T06:18:56+00:00","og_image":[{"width":1080,"height":1080,"url":"https:\/\/luciennelaparisienne.fr\/wp-content\/uploads\/2025\/10\/9Q8A0723.jpg","type":"image\/jpeg"}],"twitter_card":"summary_large_image","twitter_misc":{"Tempo di lettura stimato":"3 minuti"},"schema":{"@context":"https:\/\/schema.org","@graph":[{"@type":"WebPage","@id":"https:\/\/luciennelaparisienne.fr\/produit\/sac-de-transport-teckel-beige-et-noir\/","url":"https:\/\/luciennelaparisienne.fr\/produit\/sac-de-transport-teckel-beige-et-noir\/","name":"Sac de transport Teckel beige et noir - Lucienne la Parisienne","isPartOf":{"@id":"https:\/\/luciennelaparisienne.fr\/#website"},"primaryImageOfPage":{"@id":"https:\/\/luciennelaparisienne.fr\/produit\/sac-de-transport-teckel-beige-et-noir\/#primaryimage"},"image":{"@id":"https:\/\/luciennelaparisienne.fr\/produit\/sac-de-transport-teckel-beige-et-noir\/#primaryimage"},"thumbnailUrl":"https:\/\/luciennelaparisienne.fr\/wp-content\/uploads\/2025\/10\/9Q8A0723.jpg","datePublished":"2025-10-09T05:56:56+00:00","dateModified":"2026-04-10T06:18:56+00:00","breadcrumb":{"@id":"https:\/\/luciennelaparisienne.fr\/produit\/sac-de-transport-teckel-beige-et-noir\/#breadcrumb"},"inLanguage":"it-IT","potentialAction":[{"@type":"ReadAction","target":["https:\/\/luciennelaparisienne.fr\/produit\/sac-de-transport-teckel-beige-et-noir\/"]}]},{"@type":"ImageObject","inLanguage":"it-IT","@id":"https:\/\/luciennelaparisienne.fr\/produit\/sac-de-transport-teckel-beige-et-noir\/#primaryimage","url":"https:\/\/luciennelaparisienne.fr\/wp-content\/uploads\/2025\/10\/9Q8A0723.jpg","contentUrl":"https:\/\/luciennelaparisienne.fr\/wp-content\/uploads\/2025\/10\/9Q8A0723.jpg","width":1080,"height":1080},{"@type":"BreadcrumbList","@id":"https:\/\/luciennelaparisienne.fr\/produit\/sac-de-transport-teckel-beige-et-noir\/#breadcrumb","itemListElement":[{"@type":"ListItem","position":1,"name":"Accueil","item":"https:\/\/luciennelaparisienne.fr\/"},{"@type":"ListItem","position":2,"name":"Boutique","item":"https:\/\/luciennelaparisienne.fr\/shop\/"},{"@type":"ListItem","position":3,"name":"Sac de transport Teckel beige et noir"}]},{"@type":"WebSite","@id":"https:\/\/luciennelaparisienne.fr\/#website","url":"https:\/\/luciennelaparisienne.fr\/","name":"Lucienne la Parisienne","description":"Produits pour Teckels","potentialAction":[{"@type":"SearchAction","target":{"@type":"EntryPoint","urlTemplate":"https:\/\/luciennelaparisienne.fr\/?s={search_term_string}"},"query-input":{"@type":"PropertyValueSpecification","valueRequired":true,"valueName":"search_term_string"}}],"inLanguage":"it-IT"}]}},"_links":{"self":[{"href":"https:\/\/luciennelaparisienne.fr\/it\/wp-json\/wp\/v2\/product\/14935","targetHints":{"allow":["GET"]}}],"collection":[{"href":"https:\/\/luciennelaparisienne.fr\/it\/wp-json\/wp\/v2\/product"}],"about":[{"href":"https:\/\/luciennelaparisienne.fr\/it\/wp-json\/wp\/v2\/types\/product"}],"replies":[{"embeddable":true,"href":"https:\/\/luciennelaparisienne.fr\/it\/wp-json\/wp\/v2\/comments?post=14935"}],"wp:featuredmedia":[{"embeddable":true,"href":"https:\/\/luciennelaparisienne.fr\/it\/wp-json\/wp\/v2\/media\/17040"}],"wp:attachment":[{"href":"https:\/\/luciennelaparisienne.fr\/it\/wp-json\/wp\/v2\/media?parent=14935"}],"wp:term":[{"taxonomy":"product_brand","embeddable":true,"href":"https:\/\/luciennelaparisienne.fr\/it\/wp-json\/wp\/v2\/product_brand?post=14935"},{"taxonomy":"product_cat","embeddable":true,"href":"https:\/\/luciennelaparisienne.fr\/it\/wp-json\/wp\/v2\/product_cat?post=14935"},{"taxonomy":"product_tag","embeddable":true,"href":"https:\/\/luciennelaparisienne.fr\/it\/wp-json\/wp\/v2\/product_tag?post=14935"}],"curies":[{"name":"wp","href":"https:\/\/api.w.org\/{rel}","templated":true}]}}