{"id":15275,"date":"2025-11-08T09:19:39","date_gmt":"2025-11-08T08:19:39","guid":{"rendered":"https:\/\/luciennelaparisienne.fr\/?post_type=product&#038;p=15275"},"modified":"2026-04-22T14:10:21","modified_gmt":"2026-04-22T12:10:21","slug":"pull-en-polaire-zebre","status":"publish","type":"product","link":"https:\/\/luciennelaparisienne.fr\/it\/prodotto\/pull-en-polaire-zebre\/","title":{"rendered":"Pull en polaire Z\u00e8bre"},"content":{"rendered":"<p><strong>Pull en polaire\u00a0<\/strong><br \/>\n<span style=\"font-size: 10pt;\">Questo maglione in pile, caldo e piacevole al tatto, \u00e8 stato creato appositamente per i nostri teckel che hanno un corpo snodato e zampe corte.<\/span><br \/>\n<span style=\"font-size: 10pt;\">Ce pull n\u2019a pas de fermeture ou de boucle, il se glisse par la t\u00eate et reste pr\u00e8s du corps pour souligner la belle silhouette du teckel ! Il n&rsquo;y a pas d\u2019ouverture pour le harnais, le harnais peut \u00eatre mis par-dessus le pull. Si vous avez besoin d&rsquo;une ouverture, merci d\u2019indiquer votre demande dans les commentaires de commande.<\/span><\/p>\n<p><strong>Caratteristiche:<\/strong><br \/>\n<span style=\"font-size: 10pt;\">Couleur : Z\u00e9bre<\/span><br \/>\n<span style=\"font-size: 10pt;\">Tessuto: 84% Poliestere, 16% Poliamide<\/span><\/p>\n<p><strong>Manutenzione:<\/strong><span style=\"font-size: 10pt;\"> Lavaggio a mano o in lavatrice a 30 \u00b0C. Strizzatura e asciugatura leggera.<\/span><\/p>\n<p><strong>Disponible en tailles :<\/strong><br \/>\n<span style=\"font-size: 10pt;\">XXS: Bassotto Kaninchen 3-4 kg<\/span><br \/>\n<span style=\"font-size: 10pt;\">XS : Teckel Nain 5 kg<\/span><br \/>\n<span style=\"font-size: 10pt;\">S: Bassotto Nano 6-7 kg<\/span><br \/>\n<span style=\"font-size: 10pt;\">\u00c8 possibile ordinare su misura, grazie di <a href=\"https:\/\/luciennelaparisienne.fr\/contactez-nous\/\"><strong>contattarci tramite la sezione contatti<\/strong><\/a>.<\/span><br \/>\n<span style=\"font-size: 10pt;\"><strong>La produzione su misura avviene dopo il pagamento e richiede 2 settimane.<\/strong><\/span><\/p>\n<p><em>Merci de noter que les couleurs visibles sur les photos peuvent l\u00e9g\u00e8rement varier selon les \u00e9crans.<\/em><\/p>\n<p>&nbsp;<\/p>\n<p>&nbsp;<\/p>","protected":false},"excerpt":{"rendered":"<p>Pull en polaire\u00a0 Ce pull en polaire chaud et agr\u00e9able au toucher est fait sp\u00e9cialement pour nos teckels qui ont le corps mince et des pattes courtes. Ce pull n\u2019a pas de fermeture ou de boucle, il se glisse par la t\u00eate et reste pr\u00e8s du corps pour souligner la [&hellip;]<\/p>","protected":false},"featured_media":15282,"comment_status":"open","ping_status":"closed","template":"","meta":{"inline_featured_image":false},"product_brand":[],"product_cat":[156,203,70,72,153],"product_tag":[],"class_list":{"0":"post-15275","1":"product","2":"type-product","3":"status-publish","4":"has-post-thumbnail","6":"product_cat-collections","7":"product_cat-fin-de-collection","8":"product_cat-pour-nos-teckels","9":"product_cat-pour-shabiller","10":"product_cat-vetements","12":"first","13":"instock","14":"taxable","15":"shipping-taxable","16":"purchasable","17":"product-type-variable"},"yoast_head":"<!-- This site is optimized with the Yoast SEO plugin v26.6 - https:\/\/yoast.com\/wordpress\/plugins\/seo\/ -->\n<title>Pull en polaire pour Chien, Teckel | Lucienne la Parisienne<\/title>\n<meta name=\"description\" content=\"Magnifiques v\u00eatements &amp; accessoires pour prendre soin de son chien. Produits con\u00e7us pour les teckels 100% artisanaux et fabriqu\u00e9s en France.\" \/>\n<meta name=\"robots\" content=\"index, follow, max-snippet:-1, max-image-preview:large, max-video-preview:-1\" \/>\n<link rel=\"canonical\" href=\"https:\/\/luciennelaparisienne.fr\/it\/prodotto\/pull-en-polaire-zebre\/\" \/>\n<meta property=\"og:locale\" content=\"it_IT\" \/>\n<meta property=\"og:type\" content=\"article\" \/>\n<meta property=\"og:title\" content=\"Pull en polaire pour Chien, Teckel | Lucienne la Parisienne\" \/>\n<meta property=\"og:description\" content=\"Magnifiques v\u00eatements &amp; accessoires pour prendre soin de son chien. Produits con\u00e7us pour les teckels 100% artisanaux et fabriqu\u00e9s en France.\" \/>\n<meta property=\"og:url\" content=\"https:\/\/luciennelaparisienne.fr\/it\/prodotto\/pull-en-polaire-zebre\/\" \/>\n<meta property=\"og:site_name\" content=\"Lucienne la Parisienne\" \/>\n<meta property=\"article:modified_time\" content=\"2026-04-22T12:10:21+00:00\" \/>\n<meta property=\"og:image\" content=\"https:\/\/luciennelaparisienne.fr\/wp-content\/uploads\/2025\/11\/mal-03342.jpg\" \/>\n\t<meta property=\"og:image:width\" content=\"1000\" \/>\n\t<meta property=\"og:image:height\" content=\"1000\" \/>\n\t<meta property=\"og:image:type\" content=\"image\/jpeg\" \/>\n<meta name=\"twitter:card\" content=\"summary_large_image\" \/>\n<meta name=\"twitter:label1\" content=\"Tempo di lettura stimato\" \/>\n\t<meta name=\"twitter:data1\" content=\"2 minuti\" \/>\n<script type=\"application\/ld+json\" class=\"yoast-schema-graph\">{\"@context\":\"https:\/\/schema.org\",\"@graph\":[{\"@type\":\"WebPage\",\"@id\":\"https:\/\/luciennelaparisienne.fr\/produit\/pull-en-polaire-zebre\/\",\"url\":\"https:\/\/luciennelaparisienne.fr\/produit\/pull-en-polaire-zebre\/\",\"name\":\"Pull en polaire pour Chien, Teckel | Lucienne la Parisienne\",\"isPartOf\":{\"@id\":\"https:\/\/luciennelaparisienne.fr\/#website\"},\"primaryImageOfPage\":{\"@id\":\"https:\/\/luciennelaparisienne.fr\/produit\/pull-en-polaire-zebre\/#primaryimage\"},\"image\":{\"@id\":\"https:\/\/luciennelaparisienne.fr\/produit\/pull-en-polaire-zebre\/#primaryimage\"},\"thumbnailUrl\":\"https:\/\/luciennelaparisienne.fr\/wp-content\/uploads\/2025\/11\/mal-03342.jpg\",\"datePublished\":\"2025-11-08T08:19:39+00:00\",\"dateModified\":\"2026-04-22T12:10:21+00:00\",\"description\":\"Magnifiques v\u00eatements & accessoires pour prendre soin de son chien. Produits con\u00e7us pour les teckels 100% artisanaux et fabriqu\u00e9s en France.\",\"breadcrumb\":{\"@id\":\"https:\/\/luciennelaparisienne.fr\/produit\/pull-en-polaire-zebre\/#breadcrumb\"},\"inLanguage\":\"it-IT\",\"potentialAction\":[{\"@type\":\"ReadAction\",\"target\":[\"https:\/\/luciennelaparisienne.fr\/produit\/pull-en-polaire-zebre\/\"]}]},{\"@type\":\"ImageObject\",\"inLanguage\":\"it-IT\",\"@id\":\"https:\/\/luciennelaparisienne.fr\/produit\/pull-en-polaire-zebre\/#primaryimage\",\"url\":\"https:\/\/luciennelaparisienne.fr\/wp-content\/uploads\/2025\/11\/mal-03342.jpg\",\"contentUrl\":\"https:\/\/luciennelaparisienne.fr\/wp-content\/uploads\/2025\/11\/mal-03342.jpg\",\"width\":1000,\"height\":1000},{\"@type\":\"BreadcrumbList\",\"@id\":\"https:\/\/luciennelaparisienne.fr\/produit\/pull-en-polaire-zebre\/#breadcrumb\",\"itemListElement\":[{\"@type\":\"ListItem\",\"position\":1,\"name\":\"Accueil\",\"item\":\"https:\/\/luciennelaparisienne.fr\/\"},{\"@type\":\"ListItem\",\"position\":2,\"name\":\"Boutique\",\"item\":\"https:\/\/luciennelaparisienne.fr\/shop\/\"},{\"@type\":\"ListItem\",\"position\":3,\"name\":\"Pull en polaire Z\u00e8bre\"}]},{\"@type\":\"WebSite\",\"@id\":\"https:\/\/luciennelaparisienne.fr\/#website\",\"url\":\"https:\/\/luciennelaparisienne.fr\/\",\"name\":\"Lucienne la Parisienne\",\"description\":\"Produits pour Teckels\",\"potentialAction\":[{\"@type\":\"SearchAction\",\"target\":{\"@type\":\"EntryPoint\",\"urlTemplate\":\"https:\/\/luciennelaparisienne.fr\/?s={search_term_string}\"},\"query-input\":{\"@type\":\"PropertyValueSpecification\",\"valueRequired\":true,\"valueName\":\"search_term_string\"}}],\"inLanguage\":\"it-IT\"}]}<\/script>\n<!-- \/ Yoast SEO plugin. -->","yoast_head_json":{"title":"Pull en polaire pour Chien, Teckel | Lucienne la Parisienne","description":"Magnifiques v\u00eatements & accessoires pour prendre soin de son chien. Produits con\u00e7us pour les teckels 100% artisanaux et fabriqu\u00e9s en France.","robots":{"index":"index","follow":"follow","max-snippet":"max-snippet:-1","max-image-preview":"max-image-preview:large","max-video-preview":"max-video-preview:-1"},"canonical":"https:\/\/luciennelaparisienne.fr\/it\/prodotto\/pull-en-polaire-zebre\/","og_locale":"it_IT","og_type":"article","og_title":"Pull en polaire pour Chien, Teckel | Lucienne la Parisienne","og_description":"Magnifiques v\u00eatements & accessoires pour prendre soin de son chien. Produits con\u00e7us pour les teckels 100% artisanaux et fabriqu\u00e9s en France.","og_url":"https:\/\/luciennelaparisienne.fr\/it\/prodotto\/pull-en-polaire-zebre\/","og_site_name":"Lucienne la Parisienne","article_modified_time":"2026-04-22T12:10:21+00:00","og_image":[{"width":1000,"height":1000,"url":"https:\/\/luciennelaparisienne.fr\/wp-content\/uploads\/2025\/11\/mal-03342.jpg","type":"image\/jpeg"}],"twitter_card":"summary_large_image","twitter_misc":{"Tempo di lettura stimato":"2 minuti"},"schema":{"@context":"https:\/\/schema.org","@graph":[{"@type":"WebPage","@id":"https:\/\/luciennelaparisienne.fr\/produit\/pull-en-polaire-zebre\/","url":"https:\/\/luciennelaparisienne.fr\/produit\/pull-en-polaire-zebre\/","name":"Pull en polaire pour Chien, Teckel | Lucienne la Parisienne","isPartOf":{"@id":"https:\/\/luciennelaparisienne.fr\/#website"},"primaryImageOfPage":{"@id":"https:\/\/luciennelaparisienne.fr\/produit\/pull-en-polaire-zebre\/#primaryimage"},"image":{"@id":"https:\/\/luciennelaparisienne.fr\/produit\/pull-en-polaire-zebre\/#primaryimage"},"thumbnailUrl":"https:\/\/luciennelaparisienne.fr\/wp-content\/uploads\/2025\/11\/mal-03342.jpg","datePublished":"2025-11-08T08:19:39+00:00","dateModified":"2026-04-22T12:10:21+00:00","description":"Magnifiques v\u00eatements & accessoires pour prendre soin de son chien. Produits con\u00e7us pour les teckels 100% artisanaux et fabriqu\u00e9s en France.","breadcrumb":{"@id":"https:\/\/luciennelaparisienne.fr\/produit\/pull-en-polaire-zebre\/#breadcrumb"},"inLanguage":"it-IT","potentialAction":[{"@type":"ReadAction","target":["https:\/\/luciennelaparisienne.fr\/produit\/pull-en-polaire-zebre\/"]}]},{"@type":"ImageObject","inLanguage":"it-IT","@id":"https:\/\/luciennelaparisienne.fr\/produit\/pull-en-polaire-zebre\/#primaryimage","url":"https:\/\/luciennelaparisienne.fr\/wp-content\/uploads\/2025\/11\/mal-03342.jpg","contentUrl":"https:\/\/luciennelaparisienne.fr\/wp-content\/uploads\/2025\/11\/mal-03342.jpg","width":1000,"height":1000},{"@type":"BreadcrumbList","@id":"https:\/\/luciennelaparisienne.fr\/produit\/pull-en-polaire-zebre\/#breadcrumb","itemListElement":[{"@type":"ListItem","position":1,"name":"Accueil","item":"https:\/\/luciennelaparisienne.fr\/"},{"@type":"ListItem","position":2,"name":"Boutique","item":"https:\/\/luciennelaparisienne.fr\/shop\/"},{"@type":"ListItem","position":3,"name":"Pull en polaire Z\u00e8bre"}]},{"@type":"WebSite","@id":"https:\/\/luciennelaparisienne.fr\/#website","url":"https:\/\/luciennelaparisienne.fr\/","name":"Lucienne la Parisienne","description":"Produits pour Teckels","potentialAction":[{"@type":"SearchAction","target":{"@type":"EntryPoint","urlTemplate":"https:\/\/luciennelaparisienne.fr\/?s={search_term_string}"},"query-input":{"@type":"PropertyValueSpecification","valueRequired":true,"valueName":"search_term_string"}}],"inLanguage":"it-IT"}]}},"_links":{"self":[{"href":"https:\/\/luciennelaparisienne.fr\/it\/wp-json\/wp\/v2\/product\/15275","targetHints":{"allow":["GET"]}}],"collection":[{"href":"https:\/\/luciennelaparisienne.fr\/it\/wp-json\/wp\/v2\/product"}],"about":[{"href":"https:\/\/luciennelaparisienne.fr\/it\/wp-json\/wp\/v2\/types\/product"}],"replies":[{"embeddable":true,"href":"https:\/\/luciennelaparisienne.fr\/it\/wp-json\/wp\/v2\/comments?post=15275"}],"wp:featuredmedia":[{"embeddable":true,"href":"https:\/\/luciennelaparisienne.fr\/it\/wp-json\/wp\/v2\/media\/15282"}],"wp:attachment":[{"href":"https:\/\/luciennelaparisienne.fr\/it\/wp-json\/wp\/v2\/media?parent=15275"}],"wp:term":[{"taxonomy":"product_brand","embeddable":true,"href":"https:\/\/luciennelaparisienne.fr\/it\/wp-json\/wp\/v2\/product_brand?post=15275"},{"taxonomy":"product_cat","embeddable":true,"href":"https:\/\/luciennelaparisienne.fr\/it\/wp-json\/wp\/v2\/product_cat?post=15275"},{"taxonomy":"product_tag","embeddable":true,"href":"https:\/\/luciennelaparisienne.fr\/it\/wp-json\/wp\/v2\/product_tag?post=15275"}],"curies":[{"name":"wp","href":"https:\/\/api.w.org\/{rel}","templated":true}]}}