{"id":15518,"date":"2025-11-27T18:48:04","date_gmt":"2025-11-27T17:48:04","guid":{"rendered":"https:\/\/luciennelaparisienne.fr\/?post_type=product&#038;p=15518"},"modified":"2026-02-06T11:11:47","modified_gmt":"2026-02-06T10:11:47","slug":"couverture-ecossaise","status":"publish","type":"product","link":"https:\/\/luciennelaparisienne.fr\/it\/prodotto\/couverture-ecossaise\/","title":{"rendered":"Couverture Ecossaise"},"content":{"rendered":"<p><span data-contrast=\"none\">Nous vous proposons cette couverture en fourrure doubl\u00e9e polaire \u00e9cossaise. La couverture en double face est tr\u00e8s \u00e9l\u00e9gante et douce.<\/span><\/p>\n<p><span data-contrast=\"none\">Les teckels adorent \u00eatre au chaud. Surtout les poils ras qui sont frileux. C&rsquo;est pourquoi les plaids et les couvertures serons tr\u00e8s appr\u00e9ci\u00e9s par eux\u202f! \u00a0<\/span><\/p>\n<p><span data-contrast=\"none\"> I vostri bassotto adoreranno la sua texture morbida e accogliente. <\/span><span data-contrast=\"none\">La couverture est faite \u00e0 la main.<\/span><\/p>\n<p><span data-contrast=\"none\">Ce sera aussi une v\u00e9ritable pi\u00e8ce de d\u00e9coration pour votre salon ou votre chambre.<\/span><\/p>\n<p><strong>Caratteristiche:\u00a0\u00a0<\/strong><\/p>\n<p><span data-contrast=\"none\">Tessuto:<\/span><span data-contrast=\"none\"> fausse fourrure doubl\u00e9e avec du tissu polaire.\u00a0<\/span><\/p>\n<p><strong>Manutenzione:\u00a0\u00a0<\/strong><\/p>\n<p><span data-contrast=\"none\">Lavaggio a mano o in lavatrice a 30\u00b0C. Centrifuga e asciugatura leggera, non lavare a secco, non usare candeggina. Non stirare!<\/span><span data-ccp-props=\"{&quot;134233117&quot;:false,&quot;134233118&quot;:false,&quot;201341983&quot;:0,&quot;335559738&quot;:0,&quot;335559739&quot;:312,&quot;335559740&quot;:240}\">\u00a0<\/span><\/p>\n<p><span data-contrast=\"none\">Dimensioni: 75x85cm<\/span><\/p>","protected":false},"excerpt":{"rendered":"<p>Nous vous proposons cette couverture en fourrure doubl\u00e9e polaire \u00e9cossaise. La couverture en double face est tr\u00e8s \u00e9l\u00e9gante et douce. Les teckels adorent \u00eatre au chaud. Surtout les poils ras qui sont frileux. C&rsquo;est pourquoi les plaids et les couvertures serons tr\u00e8s appr\u00e9ci\u00e9s par eux\u202f! \u00a0 Vos teckels vont adorer [&hellip;]<\/p>","protected":false},"featured_media":15521,"comment_status":"open","ping_status":"closed","template":"","meta":{"inline_featured_image":false},"product_brand":[],"product_cat":[156,152,70,71],"product_tag":[],"class_list":{"0":"post-15518","1":"product","2":"type-product","3":"status-publish","4":"has-post-thumbnail","6":"product_cat-collections","7":"product_cat-plaids-couvertures-tapis","8":"product_cat-pour-nos-teckels","9":"product_cat-pour-se-coucher","11":"first","12":"instock","13":"taxable","14":"shipping-taxable","15":"purchasable","16":"product-type-simple"},"yoast_head":"<!-- This site is optimized with the Yoast SEO plugin v26.6 - https:\/\/yoast.com\/wordpress\/plugins\/seo\/ -->\n<title>Couverture Plaid confortable pour Teckel, Chien &amp; Chiot<\/title>\n<meta name=\"description\" content=\"Magnifiques v\u00eatements &amp; accessoires pour prendre soin de son chien. Produits con\u00e7us pour les teckels 100% artisanaux et fabriqu\u00e9s en France.\" \/>\n<meta name=\"robots\" content=\"index, follow, max-snippet:-1, max-image-preview:large, max-video-preview:-1\" \/>\n<link rel=\"canonical\" href=\"https:\/\/luciennelaparisienne.fr\/it\/prodotto\/couverture-ecossaise\/\" \/>\n<meta property=\"og:locale\" content=\"it_IT\" \/>\n<meta property=\"og:type\" content=\"article\" \/>\n<meta property=\"og:title\" content=\"Couverture Plaid confortable pour Teckel, Chien &amp; Chiot\" \/>\n<meta property=\"og:description\" content=\"Magnifiques v\u00eatements &amp; accessoires pour prendre soin de son chien. Produits con\u00e7us pour les teckels 100% artisanaux et fabriqu\u00e9s en France.\" \/>\n<meta property=\"og:url\" content=\"https:\/\/luciennelaparisienne.fr\/it\/prodotto\/couverture-ecossaise\/\" \/>\n<meta property=\"og:site_name\" content=\"Lucienne la Parisienne\" \/>\n<meta property=\"article:modified_time\" content=\"2026-02-06T10:11:47+00:00\" \/>\n<meta property=\"og:image\" content=\"https:\/\/luciennelaparisienne.fr\/wp-content\/uploads\/2025\/11\/mal-04887.jpg\" \/>\n\t<meta property=\"og:image:width\" content=\"1000\" \/>\n\t<meta property=\"og:image:height\" content=\"1000\" \/>\n\t<meta property=\"og:image:type\" content=\"image\/jpeg\" \/>\n<meta name=\"twitter:card\" content=\"summary_large_image\" \/>\n<meta name=\"twitter:label1\" content=\"Tempo di lettura stimato\" \/>\n\t<meta name=\"twitter:data1\" content=\"1 minuto\" \/>\n<script type=\"application\/ld+json\" class=\"yoast-schema-graph\">{\"@context\":\"https:\/\/schema.org\",\"@graph\":[{\"@type\":\"WebPage\",\"@id\":\"https:\/\/luciennelaparisienne.fr\/produit\/couverture-ecossaise\/\",\"url\":\"https:\/\/luciennelaparisienne.fr\/produit\/couverture-ecossaise\/\",\"name\":\"Couverture Plaid confortable pour Teckel, Chien & Chiot\",\"isPartOf\":{\"@id\":\"https:\/\/luciennelaparisienne.fr\/#website\"},\"primaryImageOfPage\":{\"@id\":\"https:\/\/luciennelaparisienne.fr\/produit\/couverture-ecossaise\/#primaryimage\"},\"image\":{\"@id\":\"https:\/\/luciennelaparisienne.fr\/produit\/couverture-ecossaise\/#primaryimage\"},\"thumbnailUrl\":\"https:\/\/luciennelaparisienne.fr\/wp-content\/uploads\/2025\/11\/mal-04887.jpg\",\"datePublished\":\"2025-11-27T17:48:04+00:00\",\"dateModified\":\"2026-02-06T10:11:47+00:00\",\"description\":\"Magnifiques v\u00eatements & accessoires pour prendre soin de son chien. Produits con\u00e7us pour les teckels 100% artisanaux et fabriqu\u00e9s en France.\",\"breadcrumb\":{\"@id\":\"https:\/\/luciennelaparisienne.fr\/produit\/couverture-ecossaise\/#breadcrumb\"},\"inLanguage\":\"it-IT\",\"potentialAction\":[{\"@type\":\"ReadAction\",\"target\":[\"https:\/\/luciennelaparisienne.fr\/produit\/couverture-ecossaise\/\"]}]},{\"@type\":\"ImageObject\",\"inLanguage\":\"it-IT\",\"@id\":\"https:\/\/luciennelaparisienne.fr\/produit\/couverture-ecossaise\/#primaryimage\",\"url\":\"https:\/\/luciennelaparisienne.fr\/wp-content\/uploads\/2025\/11\/mal-04887.jpg\",\"contentUrl\":\"https:\/\/luciennelaparisienne.fr\/wp-content\/uploads\/2025\/11\/mal-04887.jpg\",\"width\":1000,\"height\":1000},{\"@type\":\"BreadcrumbList\",\"@id\":\"https:\/\/luciennelaparisienne.fr\/produit\/couverture-ecossaise\/#breadcrumb\",\"itemListElement\":[{\"@type\":\"ListItem\",\"position\":1,\"name\":\"Accueil\",\"item\":\"https:\/\/luciennelaparisienne.fr\/\"},{\"@type\":\"ListItem\",\"position\":2,\"name\":\"Boutique\",\"item\":\"https:\/\/luciennelaparisienne.fr\/shop\/\"},{\"@type\":\"ListItem\",\"position\":3,\"name\":\"Couverture Ecossaise\"}]},{\"@type\":\"WebSite\",\"@id\":\"https:\/\/luciennelaparisienne.fr\/#website\",\"url\":\"https:\/\/luciennelaparisienne.fr\/\",\"name\":\"Lucienne la Parisienne\",\"description\":\"Produits pour Teckels\",\"potentialAction\":[{\"@type\":\"SearchAction\",\"target\":{\"@type\":\"EntryPoint\",\"urlTemplate\":\"https:\/\/luciennelaparisienne.fr\/?s={search_term_string}\"},\"query-input\":{\"@type\":\"PropertyValueSpecification\",\"valueRequired\":true,\"valueName\":\"search_term_string\"}}],\"inLanguage\":\"it-IT\"}]}<\/script>\n<!-- \/ Yoast SEO plugin. -->","yoast_head_json":{"title":"Couverture Plaid confortable pour Teckel, Chien & Chiot","description":"Magnifiques v\u00eatements & accessoires pour prendre soin de son chien. Produits con\u00e7us pour les teckels 100% artisanaux et fabriqu\u00e9s en France.","robots":{"index":"index","follow":"follow","max-snippet":"max-snippet:-1","max-image-preview":"max-image-preview:large","max-video-preview":"max-video-preview:-1"},"canonical":"https:\/\/luciennelaparisienne.fr\/it\/prodotto\/couverture-ecossaise\/","og_locale":"it_IT","og_type":"article","og_title":"Couverture Plaid confortable pour Teckel, Chien & Chiot","og_description":"Magnifiques v\u00eatements & accessoires pour prendre soin de son chien. Produits con\u00e7us pour les teckels 100% artisanaux et fabriqu\u00e9s en France.","og_url":"https:\/\/luciennelaparisienne.fr\/it\/prodotto\/couverture-ecossaise\/","og_site_name":"Lucienne la Parisienne","article_modified_time":"2026-02-06T10:11:47+00:00","og_image":[{"width":1000,"height":1000,"url":"https:\/\/luciennelaparisienne.fr\/wp-content\/uploads\/2025\/11\/mal-04887.jpg","type":"image\/jpeg"}],"twitter_card":"summary_large_image","twitter_misc":{"Tempo di lettura stimato":"1 minuto"},"schema":{"@context":"https:\/\/schema.org","@graph":[{"@type":"WebPage","@id":"https:\/\/luciennelaparisienne.fr\/produit\/couverture-ecossaise\/","url":"https:\/\/luciennelaparisienne.fr\/produit\/couverture-ecossaise\/","name":"Couverture Plaid confortable pour Teckel, Chien & Chiot","isPartOf":{"@id":"https:\/\/luciennelaparisienne.fr\/#website"},"primaryImageOfPage":{"@id":"https:\/\/luciennelaparisienne.fr\/produit\/couverture-ecossaise\/#primaryimage"},"image":{"@id":"https:\/\/luciennelaparisienne.fr\/produit\/couverture-ecossaise\/#primaryimage"},"thumbnailUrl":"https:\/\/luciennelaparisienne.fr\/wp-content\/uploads\/2025\/11\/mal-04887.jpg","datePublished":"2025-11-27T17:48:04+00:00","dateModified":"2026-02-06T10:11:47+00:00","description":"Magnifiques v\u00eatements & accessoires pour prendre soin de son chien. Produits con\u00e7us pour les teckels 100% artisanaux et fabriqu\u00e9s en France.","breadcrumb":{"@id":"https:\/\/luciennelaparisienne.fr\/produit\/couverture-ecossaise\/#breadcrumb"},"inLanguage":"it-IT","potentialAction":[{"@type":"ReadAction","target":["https:\/\/luciennelaparisienne.fr\/produit\/couverture-ecossaise\/"]}]},{"@type":"ImageObject","inLanguage":"it-IT","@id":"https:\/\/luciennelaparisienne.fr\/produit\/couverture-ecossaise\/#primaryimage","url":"https:\/\/luciennelaparisienne.fr\/wp-content\/uploads\/2025\/11\/mal-04887.jpg","contentUrl":"https:\/\/luciennelaparisienne.fr\/wp-content\/uploads\/2025\/11\/mal-04887.jpg","width":1000,"height":1000},{"@type":"BreadcrumbList","@id":"https:\/\/luciennelaparisienne.fr\/produit\/couverture-ecossaise\/#breadcrumb","itemListElement":[{"@type":"ListItem","position":1,"name":"Accueil","item":"https:\/\/luciennelaparisienne.fr\/"},{"@type":"ListItem","position":2,"name":"Boutique","item":"https:\/\/luciennelaparisienne.fr\/shop\/"},{"@type":"ListItem","position":3,"name":"Couverture Ecossaise"}]},{"@type":"WebSite","@id":"https:\/\/luciennelaparisienne.fr\/#website","url":"https:\/\/luciennelaparisienne.fr\/","name":"Lucienne la Parisienne","description":"Produits pour Teckels","potentialAction":[{"@type":"SearchAction","target":{"@type":"EntryPoint","urlTemplate":"https:\/\/luciennelaparisienne.fr\/?s={search_term_string}"},"query-input":{"@type":"PropertyValueSpecification","valueRequired":true,"valueName":"search_term_string"}}],"inLanguage":"it-IT"}]}},"_links":{"self":[{"href":"https:\/\/luciennelaparisienne.fr\/it\/wp-json\/wp\/v2\/product\/15518","targetHints":{"allow":["GET"]}}],"collection":[{"href":"https:\/\/luciennelaparisienne.fr\/it\/wp-json\/wp\/v2\/product"}],"about":[{"href":"https:\/\/luciennelaparisienne.fr\/it\/wp-json\/wp\/v2\/types\/product"}],"replies":[{"embeddable":true,"href":"https:\/\/luciennelaparisienne.fr\/it\/wp-json\/wp\/v2\/comments?post=15518"}],"wp:featuredmedia":[{"embeddable":true,"href":"https:\/\/luciennelaparisienne.fr\/it\/wp-json\/wp\/v2\/media\/15521"}],"wp:attachment":[{"href":"https:\/\/luciennelaparisienne.fr\/it\/wp-json\/wp\/v2\/media?parent=15518"}],"wp:term":[{"taxonomy":"product_brand","embeddable":true,"href":"https:\/\/luciennelaparisienne.fr\/it\/wp-json\/wp\/v2\/product_brand?post=15518"},{"taxonomy":"product_cat","embeddable":true,"href":"https:\/\/luciennelaparisienne.fr\/it\/wp-json\/wp\/v2\/product_cat?post=15518"},{"taxonomy":"product_tag","embeddable":true,"href":"https:\/\/luciennelaparisienne.fr\/it\/wp-json\/wp\/v2\/product_tag?post=15518"}],"curies":[{"name":"wp","href":"https:\/\/api.w.org\/{rel}","templated":true}]}}