{"id":15786,"date":"2025-12-03T17:41:49","date_gmt":"2025-12-03T16:41:49","guid":{"rendered":"https:\/\/luciennelaparisienne.fr\/?post_type=product&#038;p=15786"},"modified":"2026-04-22T14:08:25","modified_gmt":"2026-04-22T12:08:25","slug":"manteau-trocadero","status":"publish","type":"product","link":"https:\/\/luciennelaparisienne.fr\/it\/prodotto\/manteau-trocadero\/","title":{"rendered":"Manteau Trocad\u00e9ro"},"content":{"rendered":"<p><strong>Manteau Trocad\u00e9ro<\/strong><br \/>\n<span style=\"font-size: 10pt;\">Le manteau Trocad\u00e9ro est un nouveau mod\u00e8le \u00e0 la fois chaud, l\u00e9ger et imperm\u00e9able.<\/span><br \/>\n<span style=\"font-size: 10pt;\">Dot\u00e9 de boutons-pressions, ce manteau prot\u00e8ge efficacement votre teckel par temps humide. <\/span><span style=\"font-size: 10pt;\">L\u2019int\u00e9rieur est doubl\u00e9 d\u2019un tissu imperm\u00e9able, donc il ne va pas absorber l\u2019humidit\u00e9 venant du sol. <\/span><span style=\"font-size: 10pt;\">Il se lave et se s\u00e8che tr\u00e8s facilement et rapidement.<\/span><br \/>\n<span style=\"font-size: 10pt;\">Une ouverture pour harnais est pr\u00e9vue sur le haut du dos.\u00a0 <\/span><span style=\"font-size: 10pt;\">Tr\u00e8s simple \u00e0 enfiler : il suffit de passer le manteau par la t\u00eate de votre chien puis de fermer les boutons sur le c\u00f4t\u00e9.\u00a0<\/span><br \/>\n<span style=\"font-size: 10pt;\">Parfait pour la mi-saison : l\u00e9ger mais suffisamment chaud.<\/span><\/p>\n<p><strong>Caratteristiche<\/strong> :<br \/>\n<span style=\"font-size: 10pt;\">Couleur : Noir bleue, noir vert, noir rose poudr\u00e9e.<\/span><br \/>\n<span style=\"font-size: 10pt;\">Tessuto: 84% Poliestere, 16% Poliamide<\/span><\/p>\n<p><strong>Manutenzione: <\/strong><span style=\"font-size: 10pt;\">Lavaggio a mano o in lavatrice a 30 \u00b0C. Strizzatura e asciugatura leggera.<\/span><\/p>\n<p><strong>Disponible en tailles :<\/strong><br \/>\n<span style=\"font-size: 10pt;\">XS : Teckel Nain 5 kg<\/span><br \/>\n<span style=\"font-size: 10pt;\">S: Bassotto Nano 6-7 kg<\/span><br \/>\n<span style=\"font-size: 10pt;\">M : Teckel Standard 8-8,5 kg<\/span><br \/>\n<span style=\"font-size: 10pt;\">L : Teckel grand Standard 9-10 kg<\/span><br \/>\n<span style=\"font-size: 10pt;\">XL : Teckel grand Standard 10 kg +<\/span><br \/>\n<span style=\"font-size: 10pt;\">Le taglie XXS e XL sono disponibili solo su prenotazione e dopo il pagamento.<\/span><br \/>\n<span style=\"font-size: 10pt;\">\u00c8 possibile ordinare su misura, grazie di <a href=\"https:\/\/luciennelaparisienne.fr\/contactez-nous\/\"><strong>contattarci tramite la sezione contatti<\/strong><\/a>.<\/span><br \/>\n<span style=\"font-size: 10pt;\"><strong>La produzione su misura avviene dopo il pagamento e richiede 2 settimane.<\/strong><\/span><\/p>\n<p><em>Merci de noter que les couleurs visibles sur les photos peuvent l\u00e9g\u00e8rement varier selon les \u00e9crans.<\/em><\/p>","protected":false},"excerpt":{"rendered":"<p>Manteau Trocad\u00e9ro Le manteau Trocad\u00e9ro est un nouveau mod\u00e8le \u00e0 la fois chaud, l\u00e9ger et imperm\u00e9able. Dot\u00e9 de boutons-pressions, ce manteau prot\u00e8ge efficacement votre teckel par temps humide. L\u2019int\u00e9rieur est doubl\u00e9 d\u2019un tissu imperm\u00e9able, donc il ne va pas absorber l\u2019humidit\u00e9 venant du sol. Il se lave et se s\u00e8che [&hellip;]<\/p>","protected":false},"featured_media":15991,"comment_status":"open","ping_status":"closed","template":"","meta":{"inline_featured_image":false},"product_brand":[],"product_cat":[203,70,72,153],"product_tag":[],"class_list":{"0":"post-15786","1":"product","2":"type-product","3":"status-publish","4":"has-post-thumbnail","6":"product_cat-fin-de-collection","7":"product_cat-pour-nos-teckels","8":"product_cat-pour-shabiller","9":"product_cat-vetements","11":"first","12":"instock","13":"taxable","14":"shipping-taxable","15":"purchasable","16":"product-type-variable","17":"has-default-attributes"},"yoast_head":"<!-- This site is optimized with the Yoast SEO plugin v26.6 - https:\/\/yoast.com\/wordpress\/plugins\/seo\/ -->\n<title>Manteau Trocad\u00e9ro - Lucienne la Parisienne<\/title>\n<meta name=\"robots\" content=\"index, follow, max-snippet:-1, max-image-preview:large, max-video-preview:-1\" \/>\n<link rel=\"canonical\" href=\"https:\/\/luciennelaparisienne.fr\/it\/prodotto\/manteau-trocadero\/\" \/>\n<meta property=\"og:locale\" content=\"it_IT\" \/>\n<meta property=\"og:type\" content=\"article\" \/>\n<meta property=\"og:title\" content=\"Manteau Trocad\u00e9ro - Lucienne la Parisienne\" \/>\n<meta property=\"og:description\" content=\"Manteau Trocad\u00e9ro Le manteau Trocad\u00e9ro est un nouveau mod\u00e8le \u00e0 la fois chaud, l\u00e9ger et imperm\u00e9able. Dot\u00e9 de boutons-pressions, ce manteau prot\u00e8ge efficacement votre teckel par temps humide. L\u2019int\u00e9rieur est doubl\u00e9 d\u2019un tissu imperm\u00e9able, donc il ne va pas absorber l\u2019humidit\u00e9 venant du sol. Il se lave et se s\u00e8che [&hellip;]\" \/>\n<meta property=\"og:url\" content=\"https:\/\/luciennelaparisienne.fr\/it\/prodotto\/manteau-trocadero\/\" \/>\n<meta property=\"og:site_name\" content=\"Lucienne la Parisienne\" \/>\n<meta property=\"article:modified_time\" content=\"2026-04-22T12:08:25+00:00\" \/>\n<meta property=\"og:image\" content=\"https:\/\/luciennelaparisienne.fr\/wp-content\/uploads\/2025\/12\/2-05.jpg\" \/>\n\t<meta property=\"og:image:width\" content=\"1000\" \/>\n\t<meta property=\"og:image:height\" content=\"1000\" \/>\n\t<meta property=\"og:image:type\" content=\"image\/jpeg\" \/>\n<meta name=\"twitter:card\" content=\"summary_large_image\" \/>\n<meta name=\"twitter:label1\" content=\"Tempo di lettura stimato\" \/>\n\t<meta name=\"twitter:data1\" content=\"2 minuti\" \/>\n<script type=\"application\/ld+json\" class=\"yoast-schema-graph\">{\"@context\":\"https:\/\/schema.org\",\"@graph\":[{\"@type\":\"WebPage\",\"@id\":\"https:\/\/luciennelaparisienne.fr\/produit\/manteau-trocadero\/\",\"url\":\"https:\/\/luciennelaparisienne.fr\/produit\/manteau-trocadero\/\",\"name\":\"Manteau Trocad\u00e9ro - Lucienne la Parisienne\",\"isPartOf\":{\"@id\":\"https:\/\/luciennelaparisienne.fr\/#website\"},\"primaryImageOfPage\":{\"@id\":\"https:\/\/luciennelaparisienne.fr\/produit\/manteau-trocadero\/#primaryimage\"},\"image\":{\"@id\":\"https:\/\/luciennelaparisienne.fr\/produit\/manteau-trocadero\/#primaryimage\"},\"thumbnailUrl\":\"https:\/\/luciennelaparisienne.fr\/wp-content\/uploads\/2025\/12\/2-05.jpg\",\"datePublished\":\"2025-12-03T16:41:49+00:00\",\"dateModified\":\"2026-04-22T12:08:25+00:00\",\"breadcrumb\":{\"@id\":\"https:\/\/luciennelaparisienne.fr\/produit\/manteau-trocadero\/#breadcrumb\"},\"inLanguage\":\"it-IT\",\"potentialAction\":[{\"@type\":\"ReadAction\",\"target\":[\"https:\/\/luciennelaparisienne.fr\/produit\/manteau-trocadero\/\"]}]},{\"@type\":\"ImageObject\",\"inLanguage\":\"it-IT\",\"@id\":\"https:\/\/luciennelaparisienne.fr\/produit\/manteau-trocadero\/#primaryimage\",\"url\":\"https:\/\/luciennelaparisienne.fr\/wp-content\/uploads\/2025\/12\/2-05.jpg\",\"contentUrl\":\"https:\/\/luciennelaparisienne.fr\/wp-content\/uploads\/2025\/12\/2-05.jpg\",\"width\":1000,\"height\":1000},{\"@type\":\"BreadcrumbList\",\"@id\":\"https:\/\/luciennelaparisienne.fr\/produit\/manteau-trocadero\/#breadcrumb\",\"itemListElement\":[{\"@type\":\"ListItem\",\"position\":1,\"name\":\"Accueil\",\"item\":\"https:\/\/luciennelaparisienne.fr\/\"},{\"@type\":\"ListItem\",\"position\":2,\"name\":\"Boutique\",\"item\":\"https:\/\/luciennelaparisienne.fr\/shop\/\"},{\"@type\":\"ListItem\",\"position\":3,\"name\":\"Manteau Trocad\u00e9ro\"}]},{\"@type\":\"WebSite\",\"@id\":\"https:\/\/luciennelaparisienne.fr\/#website\",\"url\":\"https:\/\/luciennelaparisienne.fr\/\",\"name\":\"Lucienne la Parisienne\",\"description\":\"Produits pour Teckels\",\"potentialAction\":[{\"@type\":\"SearchAction\",\"target\":{\"@type\":\"EntryPoint\",\"urlTemplate\":\"https:\/\/luciennelaparisienne.fr\/?s={search_term_string}\"},\"query-input\":{\"@type\":\"PropertyValueSpecification\",\"valueRequired\":true,\"valueName\":\"search_term_string\"}}],\"inLanguage\":\"it-IT\"}]}<\/script>\n<!-- \/ Yoast SEO plugin. -->","yoast_head_json":{"title":"Manteau Trocad\u00e9ro - Lucienne la Parisienne","robots":{"index":"index","follow":"follow","max-snippet":"max-snippet:-1","max-image-preview":"max-image-preview:large","max-video-preview":"max-video-preview:-1"},"canonical":"https:\/\/luciennelaparisienne.fr\/it\/prodotto\/manteau-trocadero\/","og_locale":"it_IT","og_type":"article","og_title":"Manteau Trocad\u00e9ro - Lucienne la Parisienne","og_description":"Manteau Trocad\u00e9ro Le manteau Trocad\u00e9ro est un nouveau mod\u00e8le \u00e0 la fois chaud, l\u00e9ger et imperm\u00e9able. Dot\u00e9 de boutons-pressions, ce manteau prot\u00e8ge efficacement votre teckel par temps humide. L\u2019int\u00e9rieur est doubl\u00e9 d\u2019un tissu imperm\u00e9able, donc il ne va pas absorber l\u2019humidit\u00e9 venant du sol. Il se lave et se s\u00e8che [&hellip;]","og_url":"https:\/\/luciennelaparisienne.fr\/it\/prodotto\/manteau-trocadero\/","og_site_name":"Lucienne la Parisienne","article_modified_time":"2026-04-22T12:08:25+00:00","og_image":[{"width":1000,"height":1000,"url":"https:\/\/luciennelaparisienne.fr\/wp-content\/uploads\/2025\/12\/2-05.jpg","type":"image\/jpeg"}],"twitter_card":"summary_large_image","twitter_misc":{"Tempo di lettura stimato":"2 minuti"},"schema":{"@context":"https:\/\/schema.org","@graph":[{"@type":"WebPage","@id":"https:\/\/luciennelaparisienne.fr\/produit\/manteau-trocadero\/","url":"https:\/\/luciennelaparisienne.fr\/produit\/manteau-trocadero\/","name":"Manteau Trocad\u00e9ro - Lucienne la Parisienne","isPartOf":{"@id":"https:\/\/luciennelaparisienne.fr\/#website"},"primaryImageOfPage":{"@id":"https:\/\/luciennelaparisienne.fr\/produit\/manteau-trocadero\/#primaryimage"},"image":{"@id":"https:\/\/luciennelaparisienne.fr\/produit\/manteau-trocadero\/#primaryimage"},"thumbnailUrl":"https:\/\/luciennelaparisienne.fr\/wp-content\/uploads\/2025\/12\/2-05.jpg","datePublished":"2025-12-03T16:41:49+00:00","dateModified":"2026-04-22T12:08:25+00:00","breadcrumb":{"@id":"https:\/\/luciennelaparisienne.fr\/produit\/manteau-trocadero\/#breadcrumb"},"inLanguage":"it-IT","potentialAction":[{"@type":"ReadAction","target":["https:\/\/luciennelaparisienne.fr\/produit\/manteau-trocadero\/"]}]},{"@type":"ImageObject","inLanguage":"it-IT","@id":"https:\/\/luciennelaparisienne.fr\/produit\/manteau-trocadero\/#primaryimage","url":"https:\/\/luciennelaparisienne.fr\/wp-content\/uploads\/2025\/12\/2-05.jpg","contentUrl":"https:\/\/luciennelaparisienne.fr\/wp-content\/uploads\/2025\/12\/2-05.jpg","width":1000,"height":1000},{"@type":"BreadcrumbList","@id":"https:\/\/luciennelaparisienne.fr\/produit\/manteau-trocadero\/#breadcrumb","itemListElement":[{"@type":"ListItem","position":1,"name":"Accueil","item":"https:\/\/luciennelaparisienne.fr\/"},{"@type":"ListItem","position":2,"name":"Boutique","item":"https:\/\/luciennelaparisienne.fr\/shop\/"},{"@type":"ListItem","position":3,"name":"Manteau Trocad\u00e9ro"}]},{"@type":"WebSite","@id":"https:\/\/luciennelaparisienne.fr\/#website","url":"https:\/\/luciennelaparisienne.fr\/","name":"Lucienne la Parisienne","description":"Produits pour Teckels","potentialAction":[{"@type":"SearchAction","target":{"@type":"EntryPoint","urlTemplate":"https:\/\/luciennelaparisienne.fr\/?s={search_term_string}"},"query-input":{"@type":"PropertyValueSpecification","valueRequired":true,"valueName":"search_term_string"}}],"inLanguage":"it-IT"}]}},"_links":{"self":[{"href":"https:\/\/luciennelaparisienne.fr\/it\/wp-json\/wp\/v2\/product\/15786","targetHints":{"allow":["GET"]}}],"collection":[{"href":"https:\/\/luciennelaparisienne.fr\/it\/wp-json\/wp\/v2\/product"}],"about":[{"href":"https:\/\/luciennelaparisienne.fr\/it\/wp-json\/wp\/v2\/types\/product"}],"replies":[{"embeddable":true,"href":"https:\/\/luciennelaparisienne.fr\/it\/wp-json\/wp\/v2\/comments?post=15786"}],"wp:featuredmedia":[{"embeddable":true,"href":"https:\/\/luciennelaparisienne.fr\/it\/wp-json\/wp\/v2\/media\/15991"}],"wp:attachment":[{"href":"https:\/\/luciennelaparisienne.fr\/it\/wp-json\/wp\/v2\/media?parent=15786"}],"wp:term":[{"taxonomy":"product_brand","embeddable":true,"href":"https:\/\/luciennelaparisienne.fr\/it\/wp-json\/wp\/v2\/product_brand?post=15786"},{"taxonomy":"product_cat","embeddable":true,"href":"https:\/\/luciennelaparisienne.fr\/it\/wp-json\/wp\/v2\/product_cat?post=15786"},{"taxonomy":"product_tag","embeddable":true,"href":"https:\/\/luciennelaparisienne.fr\/it\/wp-json\/wp\/v2\/product_tag?post=15786"}],"curies":[{"name":"wp","href":"https:\/\/api.w.org\/{rel}","templated":true}]}}