{"id":15937,"date":"2025-12-23T11:59:03","date_gmt":"2025-12-23T10:59:03","guid":{"rendered":"https:\/\/luciennelaparisienne.fr\/?post_type=product&#038;p=15937"},"modified":"2026-04-20T10:36:35","modified_gmt":"2026-04-20T08:36:35","slug":"doudoune-haussmann","status":"publish","type":"product","link":"https:\/\/luciennelaparisienne.fr\/it\/prodotto\/doudoune-haussmann\/","title":{"rendered":"Doudoune Haussmann"},"content":{"rendered":"<p><strong>Doudoune Haussmann<\/strong><br \/>\n<span style=\"font-size: 10pt;\">Cette doudoune Haussmann tr\u00e8s noble est sublim\u00e9e par un col en fausse fourrure bordeaux ou chocolat apportant une touche chic, douce et intemporelle. <\/span><br \/>\n<span style=\"font-size: 10pt;\">Une ouverture discr\u00e8te pour le harnais est pr\u00e9vue sur le dos. <\/span><span style=\"font-size: 10pt;\">La doudoune se ferme par boutons pression, simples et pratiques \u00e0 manipuler.<\/span><br \/>\n<span style=\"font-size: 10pt;\">Ce mod\u00e8le a \u00e9t\u00e9 pens\u00e9 pour respecter la morphologie du teckel : sans \u00e9lastiques pour les pattes, il offre une libert\u00e9 de mouvement optimale tout en maintenant parfaitement la chaleur.\u00a0<\/span><br \/>\n<span style=\"font-size: 10pt;\">L\u2019\u00e9l\u00e9gance hivernale au service du confort de votre teckel.<\/span><\/p>\n<p><strong>Caratteristiche\u00a0<\/strong>:<\/p>\n<p><span style=\"font-size: 10pt;\">Couleurs : Bleu marine , Chocolat, Moka<\/span><\/p>\n<p><span style=\"font-size: 10pt;\">Tessuto: 100% Poliestere<\/span><\/p>\n<p><strong>Manutenzione: <\/strong><span style=\"font-size: 10pt;\">Lavaggio a mano o in lavatrice a 30 \u00b0C. Strizzatura e asciugatura leggera.<\/span><\/p>\n<p><span style=\"font-size: 10pt;\"><em>Merci de noter que les couleurs visibles sur les photos peuvent l\u00e9g\u00e8rement varier selon les \u00e9crans.<\/em><\/span><\/p>\n<p><strong>Dimensions :<\/strong><\/p>\n<p>Le taglie XXS e XL sono disponibili solo su prenotazione e dopo il pagamento.<\/p>\n<p>\u00c8 possibile ordinare su misura, grazie di <a href=\"https:\/\/luciennelaparisienne.fr\/contactez-nous\/\"><strong>contattarci tramite la sezione contatti<\/strong><\/a>.<\/p>\n<p><strong>La produzione su misura avviene dopo il pagamento e richiede 2 settimane.<\/strong><\/p>\n<p>Si prega di notare che i colori nelle foto possono essere leggermente diversi.<\/p>\n<p>&nbsp;<\/p>","protected":false},"excerpt":{"rendered":"<p>Doudoune Haussmann Cette doudoune Haussmann tr\u00e8s noble est sublim\u00e9e par un col en fausse fourrure bordeaux ou chocolat apportant une touche chic, douce et intemporelle. Une ouverture discr\u00e8te pour le harnais est pr\u00e9vue sur le dos. La doudoune se ferme par boutons pression, simples et pratiques \u00e0 manipuler. Ce mod\u00e8le [&hellip;]<\/p>","protected":false},"featured_media":16652,"comment_status":"open","ping_status":"closed","template":"","meta":{"inline_featured_image":false},"product_brand":[],"product_cat":[70,72,153],"product_tag":[],"class_list":{"0":"post-15937","1":"product","2":"type-product","3":"status-publish","4":"has-post-thumbnail","6":"product_cat-pour-nos-teckels","7":"product_cat-pour-shabiller","8":"product_cat-vetements","10":"first","11":"instock","12":"featured","13":"taxable","14":"shipping-taxable","15":"purchasable","16":"product-type-variable"},"yoast_head":"<!-- This site is optimized with the Yoast SEO plugin v26.6 - https:\/\/yoast.com\/wordpress\/plugins\/seo\/ -->\n<title>Doudoune confortable pour Chien, Teckel | Lucienne la Parisienne<\/title>\n<meta name=\"description\" content=\"Magnifiques v\u00eatements &amp; accessoires pour prendre soin de son chien. Produits con\u00e7us pour les teckels 100% artisanaux et fabriqu\u00e9s en France.\" \/>\n<meta name=\"robots\" content=\"index, follow, max-snippet:-1, max-image-preview:large, max-video-preview:-1\" \/>\n<link rel=\"canonical\" href=\"https:\/\/luciennelaparisienne.fr\/it\/prodotto\/doudoune-haussmann\/\" \/>\n<meta property=\"og:locale\" content=\"it_IT\" \/>\n<meta property=\"og:type\" content=\"article\" \/>\n<meta property=\"og:title\" content=\"Doudoune confortable pour Chien, Teckel | Lucienne la Parisienne\" \/>\n<meta property=\"og:description\" content=\"Magnifiques v\u00eatements &amp; accessoires pour prendre soin de son chien. Produits con\u00e7us pour les teckels 100% artisanaux et fabriqu\u00e9s en France.\" \/>\n<meta property=\"og:url\" content=\"https:\/\/luciennelaparisienne.fr\/it\/prodotto\/doudoune-haussmann\/\" \/>\n<meta property=\"og:site_name\" content=\"Lucienne la Parisienne\" \/>\n<meta property=\"article:modified_time\" content=\"2026-04-20T08:36:35+00:00\" \/>\n<meta property=\"og:image\" content=\"https:\/\/luciennelaparisienne.fr\/wp-content\/uploads\/2025\/12\/2_26-21.jpg\" \/>\n\t<meta property=\"og:image:width\" content=\"1000\" \/>\n\t<meta property=\"og:image:height\" content=\"1000\" \/>\n\t<meta property=\"og:image:type\" content=\"image\/jpeg\" \/>\n<meta name=\"twitter:card\" content=\"summary_large_image\" \/>\n<meta name=\"twitter:label1\" content=\"Tempo di lettura stimato\" \/>\n\t<meta name=\"twitter:data1\" content=\"2 minuti\" \/>\n<script type=\"application\/ld+json\" class=\"yoast-schema-graph\">{\"@context\":\"https:\/\/schema.org\",\"@graph\":[{\"@type\":\"WebPage\",\"@id\":\"https:\/\/luciennelaparisienne.fr\/produit\/doudoune-haussmann\/\",\"url\":\"https:\/\/luciennelaparisienne.fr\/produit\/doudoune-haussmann\/\",\"name\":\"Doudoune confortable pour Chien, Teckel | Lucienne la Parisienne\",\"isPartOf\":{\"@id\":\"https:\/\/luciennelaparisienne.fr\/#website\"},\"primaryImageOfPage\":{\"@id\":\"https:\/\/luciennelaparisienne.fr\/produit\/doudoune-haussmann\/#primaryimage\"},\"image\":{\"@id\":\"https:\/\/luciennelaparisienne.fr\/produit\/doudoune-haussmann\/#primaryimage\"},\"thumbnailUrl\":\"https:\/\/luciennelaparisienne.fr\/wp-content\/uploads\/2025\/12\/2_26-21.jpg\",\"datePublished\":\"2025-12-23T10:59:03+00:00\",\"dateModified\":\"2026-04-20T08:36:35+00:00\",\"description\":\"Magnifiques v\u00eatements & accessoires pour prendre soin de son chien. Produits con\u00e7us pour les teckels 100% artisanaux et fabriqu\u00e9s en France.\",\"breadcrumb\":{\"@id\":\"https:\/\/luciennelaparisienne.fr\/produit\/doudoune-haussmann\/#breadcrumb\"},\"inLanguage\":\"it-IT\",\"potentialAction\":[{\"@type\":\"ReadAction\",\"target\":[\"https:\/\/luciennelaparisienne.fr\/produit\/doudoune-haussmann\/\"]}]},{\"@type\":\"ImageObject\",\"inLanguage\":\"it-IT\",\"@id\":\"https:\/\/luciennelaparisienne.fr\/produit\/doudoune-haussmann\/#primaryimage\",\"url\":\"https:\/\/luciennelaparisienne.fr\/wp-content\/uploads\/2025\/12\/2_26-21.jpg\",\"contentUrl\":\"https:\/\/luciennelaparisienne.fr\/wp-content\/uploads\/2025\/12\/2_26-21.jpg\",\"width\":1000,\"height\":1000},{\"@type\":\"BreadcrumbList\",\"@id\":\"https:\/\/luciennelaparisienne.fr\/produit\/doudoune-haussmann\/#breadcrumb\",\"itemListElement\":[{\"@type\":\"ListItem\",\"position\":1,\"name\":\"Accueil\",\"item\":\"https:\/\/luciennelaparisienne.fr\/\"},{\"@type\":\"ListItem\",\"position\":2,\"name\":\"Boutique\",\"item\":\"https:\/\/luciennelaparisienne.fr\/shop\/\"},{\"@type\":\"ListItem\",\"position\":3,\"name\":\"Doudoune Haussmann\"}]},{\"@type\":\"WebSite\",\"@id\":\"https:\/\/luciennelaparisienne.fr\/#website\",\"url\":\"https:\/\/luciennelaparisienne.fr\/\",\"name\":\"Lucienne la Parisienne\",\"description\":\"Produits pour Teckels\",\"potentialAction\":[{\"@type\":\"SearchAction\",\"target\":{\"@type\":\"EntryPoint\",\"urlTemplate\":\"https:\/\/luciennelaparisienne.fr\/?s={search_term_string}\"},\"query-input\":{\"@type\":\"PropertyValueSpecification\",\"valueRequired\":true,\"valueName\":\"search_term_string\"}}],\"inLanguage\":\"it-IT\"}]}<\/script>\n<!-- \/ Yoast SEO plugin. -->","yoast_head_json":{"title":"Doudoune confortable pour Chien, Teckel | Lucienne la Parisienne","description":"Magnifiques v\u00eatements & accessoires pour prendre soin de son chien. Produits con\u00e7us pour les teckels 100% artisanaux et fabriqu\u00e9s en France.","robots":{"index":"index","follow":"follow","max-snippet":"max-snippet:-1","max-image-preview":"max-image-preview:large","max-video-preview":"max-video-preview:-1"},"canonical":"https:\/\/luciennelaparisienne.fr\/it\/prodotto\/doudoune-haussmann\/","og_locale":"it_IT","og_type":"article","og_title":"Doudoune confortable pour Chien, Teckel | Lucienne la Parisienne","og_description":"Magnifiques v\u00eatements & accessoires pour prendre soin de son chien. Produits con\u00e7us pour les teckels 100% artisanaux et fabriqu\u00e9s en France.","og_url":"https:\/\/luciennelaparisienne.fr\/it\/prodotto\/doudoune-haussmann\/","og_site_name":"Lucienne la Parisienne","article_modified_time":"2026-04-20T08:36:35+00:00","og_image":[{"width":1000,"height":1000,"url":"https:\/\/luciennelaparisienne.fr\/wp-content\/uploads\/2025\/12\/2_26-21.jpg","type":"image\/jpeg"}],"twitter_card":"summary_large_image","twitter_misc":{"Tempo di lettura stimato":"2 minuti"},"schema":{"@context":"https:\/\/schema.org","@graph":[{"@type":"WebPage","@id":"https:\/\/luciennelaparisienne.fr\/produit\/doudoune-haussmann\/","url":"https:\/\/luciennelaparisienne.fr\/produit\/doudoune-haussmann\/","name":"Doudoune confortable pour Chien, Teckel | Lucienne la Parisienne","isPartOf":{"@id":"https:\/\/luciennelaparisienne.fr\/#website"},"primaryImageOfPage":{"@id":"https:\/\/luciennelaparisienne.fr\/produit\/doudoune-haussmann\/#primaryimage"},"image":{"@id":"https:\/\/luciennelaparisienne.fr\/produit\/doudoune-haussmann\/#primaryimage"},"thumbnailUrl":"https:\/\/luciennelaparisienne.fr\/wp-content\/uploads\/2025\/12\/2_26-21.jpg","datePublished":"2025-12-23T10:59:03+00:00","dateModified":"2026-04-20T08:36:35+00:00","description":"Magnifiques v\u00eatements & accessoires pour prendre soin de son chien. Produits con\u00e7us pour les teckels 100% artisanaux et fabriqu\u00e9s en France.","breadcrumb":{"@id":"https:\/\/luciennelaparisienne.fr\/produit\/doudoune-haussmann\/#breadcrumb"},"inLanguage":"it-IT","potentialAction":[{"@type":"ReadAction","target":["https:\/\/luciennelaparisienne.fr\/produit\/doudoune-haussmann\/"]}]},{"@type":"ImageObject","inLanguage":"it-IT","@id":"https:\/\/luciennelaparisienne.fr\/produit\/doudoune-haussmann\/#primaryimage","url":"https:\/\/luciennelaparisienne.fr\/wp-content\/uploads\/2025\/12\/2_26-21.jpg","contentUrl":"https:\/\/luciennelaparisienne.fr\/wp-content\/uploads\/2025\/12\/2_26-21.jpg","width":1000,"height":1000},{"@type":"BreadcrumbList","@id":"https:\/\/luciennelaparisienne.fr\/produit\/doudoune-haussmann\/#breadcrumb","itemListElement":[{"@type":"ListItem","position":1,"name":"Accueil","item":"https:\/\/luciennelaparisienne.fr\/"},{"@type":"ListItem","position":2,"name":"Boutique","item":"https:\/\/luciennelaparisienne.fr\/shop\/"},{"@type":"ListItem","position":3,"name":"Doudoune Haussmann"}]},{"@type":"WebSite","@id":"https:\/\/luciennelaparisienne.fr\/#website","url":"https:\/\/luciennelaparisienne.fr\/","name":"Lucienne la Parisienne","description":"Produits pour Teckels","potentialAction":[{"@type":"SearchAction","target":{"@type":"EntryPoint","urlTemplate":"https:\/\/luciennelaparisienne.fr\/?s={search_term_string}"},"query-input":{"@type":"PropertyValueSpecification","valueRequired":true,"valueName":"search_term_string"}}],"inLanguage":"it-IT"}]}},"_links":{"self":[{"href":"https:\/\/luciennelaparisienne.fr\/it\/wp-json\/wp\/v2\/product\/15937","targetHints":{"allow":["GET"]}}],"collection":[{"href":"https:\/\/luciennelaparisienne.fr\/it\/wp-json\/wp\/v2\/product"}],"about":[{"href":"https:\/\/luciennelaparisienne.fr\/it\/wp-json\/wp\/v2\/types\/product"}],"replies":[{"embeddable":true,"href":"https:\/\/luciennelaparisienne.fr\/it\/wp-json\/wp\/v2\/comments?post=15937"}],"wp:featuredmedia":[{"embeddable":true,"href":"https:\/\/luciennelaparisienne.fr\/it\/wp-json\/wp\/v2\/media\/16652"}],"wp:attachment":[{"href":"https:\/\/luciennelaparisienne.fr\/it\/wp-json\/wp\/v2\/media?parent=15937"}],"wp:term":[{"taxonomy":"product_brand","embeddable":true,"href":"https:\/\/luciennelaparisienne.fr\/it\/wp-json\/wp\/v2\/product_brand?post=15937"},{"taxonomy":"product_cat","embeddable":true,"href":"https:\/\/luciennelaparisienne.fr\/it\/wp-json\/wp\/v2\/product_cat?post=15937"},{"taxonomy":"product_tag","embeddable":true,"href":"https:\/\/luciennelaparisienne.fr\/it\/wp-json\/wp\/v2\/product_tag?post=15937"}],"curies":[{"name":"wp","href":"https:\/\/api.w.org\/{rel}","templated":true}]}}