{"id":16119,"date":"2026-01-11T20:31:02","date_gmt":"2026-01-11T19:31:02","guid":{"rendered":"https:\/\/luciennelaparisienne.fr\/?post_type=product&#038;p=16119"},"modified":"2026-02-26T19:38:10","modified_gmt":"2026-02-26T18:38:10","slug":"coussin-rectangulaire-vicky-pets","status":"publish","type":"product","link":"https:\/\/luciennelaparisienne.fr\/it\/prodotto\/coussin-rectangulaire-vicky-pets\/","title":{"rendered":"Coussin rectangulaire Vicky Pets"},"content":{"rendered":"<p><strong>Coussin rectangulaire d\u00e9houssable \u2013 Vicky Pets.<\/strong><\/p>\n<p>Le coussin rectangulaire Vicky Pets est une alternative chic et confortable au panier classique. Moelleux et accueillant, il offre \u00e0 votre chien un espace de repos doux et stable.<\/p>\n<p>Fabriqu\u00e9 en velours d\u2019ameublement, il est agr\u00e9able au toucher tout en \u00e9tant r\u00e9sistant et adapt\u00e9 \u00e0 un usage quotidien. Son format l\u00e9ger et pratique permet de le d\u00e9placer facilement dans toute la maison.<\/p>\n<p>Son fond imperm\u00e9able permet de poser le coussin directement sur le carrelage, le sol ou m\u00eame la terrasse, sans risque d\u2019humidit\u00e9.<\/p>\n<p>Avec son design \u00e9l\u00e9gant et intemporel, il s\u2019int\u00e8gre parfaitement \u00e0 votre int\u00e9rieur.<\/p>\n<p><strong>Caratteristiche:\u00a0\u00a0<\/strong><\/p>\n<p><span data-contrast=\"none\">Rivestimento esterno: 100% poliestere resistente e facile da mantenere.<\/span><span data-ccp-props=\"{}\">\u00a0<\/span><\/p>\n<p><span data-contrast=\"none\">Imbottitura: fiocchi di fibre ipoallergeniche<\/span> <span data-contrast=\"none\">Che non formano grumi, anche dopo i lavaggi.<\/span><span data-ccp-props=\"{}\">\u00a0<\/span><\/p>\n<p><strong>Manutenzione:\u00a0<\/strong><\/p>\n<p><span data-contrast=\"none\">Lavaggio a mano o in lavatrice a 30 \u00b0C. Strizzatura e asciugatura leggera.<\/span><span data-ccp-props=\"{&quot;134233117&quot;:false,&quot;134233118&quot;:false,&quot;201341983&quot;:0,&quot;335559738&quot;:0,&quot;335559739&quot;:312,&quot;335559740&quot;:240}\">\u00a0<\/span><\/p>\n<p><span data-contrast=\"none\">\u00c8 sufficiente una spugna umida per eliminare le piccole macchie.<\/span><span data-ccp-props=\"{}\">\u00a0<\/span><\/p>\n<p>Disponible en une seule taille: 55cmx65cm<\/p>\n<p>Merci de noter que les couleurs visibles sur les photos peuvent l\u00e9g\u00e8rement varier selon les \u00e9crans.<\/p>","protected":false},"excerpt":{"rendered":"<p>Coussin rectangulaire d\u00e9houssable \u2013 Vicky Pets. Le coussin rectangulaire Vicky Pets est une alternative chic et confortable au panier classique. Moelleux et accueillant, il offre \u00e0 votre chien un espace de repos doux et stable. Fabriqu\u00e9 en velours d\u2019ameublement, il est agr\u00e9able au toucher tout en \u00e9tant r\u00e9sistant et adapt\u00e9 [&hellip;]<\/p>","protected":false},"featured_media":16126,"comment_status":"open","ping_status":"closed","template":"","meta":{"inline_featured_image":false},"product_brand":[],"product_cat":[150,152,70,71],"product_tag":[],"class_list":{"0":"post-16119","1":"product","2":"type-product","3":"status-publish","4":"has-post-thumbnail","6":"product_cat-paniers-coussins-niches","7":"product_cat-plaids-couvertures-tapis","8":"product_cat-pour-nos-teckels","9":"product_cat-pour-se-coucher","11":"first","12":"instock","13":"featured","14":"taxable","15":"shipping-taxable","16":"purchasable","17":"product-type-variable"},"yoast_head":"<!-- This site is optimized with the Yoast SEO plugin v26.6 - https:\/\/yoast.com\/wordpress\/plugins\/seo\/ -->\n<title>Coussin confortable pour Teckel, Chien &amp; Chiot<\/title>\n<meta name=\"description\" content=\"Magnifiques v\u00eatements &amp; accessoires pour prendre soin de son chien. Produits con\u00e7us pour les teckels 100% artisanaux et fabriqu\u00e9s en France.\" \/>\n<meta name=\"robots\" content=\"index, follow, max-snippet:-1, max-image-preview:large, max-video-preview:-1\" \/>\n<link rel=\"canonical\" href=\"https:\/\/luciennelaparisienne.fr\/it\/prodotto\/coussin-rectangulaire-vicky-pets\/\" \/>\n<meta property=\"og:locale\" content=\"it_IT\" \/>\n<meta property=\"og:type\" content=\"article\" \/>\n<meta property=\"og:title\" content=\"Coussin confortable pour Teckel, Chien &amp; Chiot\" \/>\n<meta property=\"og:description\" content=\"Magnifiques v\u00eatements &amp; accessoires pour prendre soin de son chien. Produits con\u00e7us pour les teckels 100% artisanaux et fabriqu\u00e9s en France.\" \/>\n<meta property=\"og:url\" content=\"https:\/\/luciennelaparisienne.fr\/it\/prodotto\/coussin-rectangulaire-vicky-pets\/\" \/>\n<meta property=\"og:site_name\" content=\"Lucienne la Parisienne\" \/>\n<meta property=\"article:modified_time\" content=\"2026-02-26T18:38:10+00:00\" \/>\n<meta property=\"og:image\" content=\"https:\/\/luciennelaparisienne.fr\/wp-content\/uploads\/2026\/01\/mal-03413.jpg\" \/>\n\t<meta property=\"og:image:width\" content=\"1000\" \/>\n\t<meta property=\"og:image:height\" content=\"1000\" \/>\n\t<meta property=\"og:image:type\" content=\"image\/jpeg\" \/>\n<meta name=\"twitter:card\" content=\"summary_large_image\" \/>\n<meta name=\"twitter:label1\" content=\"Tempo di lettura stimato\" \/>\n\t<meta name=\"twitter:data1\" content=\"2 minuti\" \/>\n<script type=\"application\/ld+json\" class=\"yoast-schema-graph\">{\"@context\":\"https:\/\/schema.org\",\"@graph\":[{\"@type\":\"WebPage\",\"@id\":\"https:\/\/luciennelaparisienne.fr\/produit\/coussin-rectangulaire-vicky-pets\/\",\"url\":\"https:\/\/luciennelaparisienne.fr\/produit\/coussin-rectangulaire-vicky-pets\/\",\"name\":\"Coussin confortable pour Teckel, Chien & Chiot\",\"isPartOf\":{\"@id\":\"https:\/\/luciennelaparisienne.fr\/#website\"},\"primaryImageOfPage\":{\"@id\":\"https:\/\/luciennelaparisienne.fr\/produit\/coussin-rectangulaire-vicky-pets\/#primaryimage\"},\"image\":{\"@id\":\"https:\/\/luciennelaparisienne.fr\/produit\/coussin-rectangulaire-vicky-pets\/#primaryimage\"},\"thumbnailUrl\":\"https:\/\/luciennelaparisienne.fr\/wp-content\/uploads\/2026\/01\/mal-03413.jpg\",\"datePublished\":\"2026-01-11T19:31:02+00:00\",\"dateModified\":\"2026-02-26T18:38:10+00:00\",\"description\":\"Magnifiques v\u00eatements & accessoires pour prendre soin de son chien. Produits con\u00e7us pour les teckels 100% artisanaux et fabriqu\u00e9s en France.\",\"breadcrumb\":{\"@id\":\"https:\/\/luciennelaparisienne.fr\/produit\/coussin-rectangulaire-vicky-pets\/#breadcrumb\"},\"inLanguage\":\"it-IT\",\"potentialAction\":[{\"@type\":\"ReadAction\",\"target\":[\"https:\/\/luciennelaparisienne.fr\/produit\/coussin-rectangulaire-vicky-pets\/\"]}]},{\"@type\":\"ImageObject\",\"inLanguage\":\"it-IT\",\"@id\":\"https:\/\/luciennelaparisienne.fr\/produit\/coussin-rectangulaire-vicky-pets\/#primaryimage\",\"url\":\"https:\/\/luciennelaparisienne.fr\/wp-content\/uploads\/2026\/01\/mal-03413.jpg\",\"contentUrl\":\"https:\/\/luciennelaparisienne.fr\/wp-content\/uploads\/2026\/01\/mal-03413.jpg\",\"width\":1000,\"height\":1000},{\"@type\":\"BreadcrumbList\",\"@id\":\"https:\/\/luciennelaparisienne.fr\/produit\/coussin-rectangulaire-vicky-pets\/#breadcrumb\",\"itemListElement\":[{\"@type\":\"ListItem\",\"position\":1,\"name\":\"Accueil\",\"item\":\"https:\/\/luciennelaparisienne.fr\/\"},{\"@type\":\"ListItem\",\"position\":2,\"name\":\"Boutique\",\"item\":\"https:\/\/luciennelaparisienne.fr\/shop\/\"},{\"@type\":\"ListItem\",\"position\":3,\"name\":\"Coussin rectangulaire Vicky Pets\"}]},{\"@type\":\"WebSite\",\"@id\":\"https:\/\/luciennelaparisienne.fr\/#website\",\"url\":\"https:\/\/luciennelaparisienne.fr\/\",\"name\":\"Lucienne la Parisienne\",\"description\":\"Produits pour Teckels\",\"potentialAction\":[{\"@type\":\"SearchAction\",\"target\":{\"@type\":\"EntryPoint\",\"urlTemplate\":\"https:\/\/luciennelaparisienne.fr\/?s={search_term_string}\"},\"query-input\":{\"@type\":\"PropertyValueSpecification\",\"valueRequired\":true,\"valueName\":\"search_term_string\"}}],\"inLanguage\":\"it-IT\"}]}<\/script>\n<!-- \/ Yoast SEO plugin. -->","yoast_head_json":{"title":"Coussin confortable pour Teckel, Chien & Chiot","description":"Magnifiques v\u00eatements & accessoires pour prendre soin de son chien. Produits con\u00e7us pour les teckels 100% artisanaux et fabriqu\u00e9s en France.","robots":{"index":"index","follow":"follow","max-snippet":"max-snippet:-1","max-image-preview":"max-image-preview:large","max-video-preview":"max-video-preview:-1"},"canonical":"https:\/\/luciennelaparisienne.fr\/it\/prodotto\/coussin-rectangulaire-vicky-pets\/","og_locale":"it_IT","og_type":"article","og_title":"Coussin confortable pour Teckel, Chien & Chiot","og_description":"Magnifiques v\u00eatements & accessoires pour prendre soin de son chien. Produits con\u00e7us pour les teckels 100% artisanaux et fabriqu\u00e9s en France.","og_url":"https:\/\/luciennelaparisienne.fr\/it\/prodotto\/coussin-rectangulaire-vicky-pets\/","og_site_name":"Lucienne la Parisienne","article_modified_time":"2026-02-26T18:38:10+00:00","og_image":[{"width":1000,"height":1000,"url":"https:\/\/luciennelaparisienne.fr\/wp-content\/uploads\/2026\/01\/mal-03413.jpg","type":"image\/jpeg"}],"twitter_card":"summary_large_image","twitter_misc":{"Tempo di lettura stimato":"2 minuti"},"schema":{"@context":"https:\/\/schema.org","@graph":[{"@type":"WebPage","@id":"https:\/\/luciennelaparisienne.fr\/produit\/coussin-rectangulaire-vicky-pets\/","url":"https:\/\/luciennelaparisienne.fr\/produit\/coussin-rectangulaire-vicky-pets\/","name":"Coussin confortable pour Teckel, Chien & Chiot","isPartOf":{"@id":"https:\/\/luciennelaparisienne.fr\/#website"},"primaryImageOfPage":{"@id":"https:\/\/luciennelaparisienne.fr\/produit\/coussin-rectangulaire-vicky-pets\/#primaryimage"},"image":{"@id":"https:\/\/luciennelaparisienne.fr\/produit\/coussin-rectangulaire-vicky-pets\/#primaryimage"},"thumbnailUrl":"https:\/\/luciennelaparisienne.fr\/wp-content\/uploads\/2026\/01\/mal-03413.jpg","datePublished":"2026-01-11T19:31:02+00:00","dateModified":"2026-02-26T18:38:10+00:00","description":"Magnifiques v\u00eatements & accessoires pour prendre soin de son chien. Produits con\u00e7us pour les teckels 100% artisanaux et fabriqu\u00e9s en France.","breadcrumb":{"@id":"https:\/\/luciennelaparisienne.fr\/produit\/coussin-rectangulaire-vicky-pets\/#breadcrumb"},"inLanguage":"it-IT","potentialAction":[{"@type":"ReadAction","target":["https:\/\/luciennelaparisienne.fr\/produit\/coussin-rectangulaire-vicky-pets\/"]}]},{"@type":"ImageObject","inLanguage":"it-IT","@id":"https:\/\/luciennelaparisienne.fr\/produit\/coussin-rectangulaire-vicky-pets\/#primaryimage","url":"https:\/\/luciennelaparisienne.fr\/wp-content\/uploads\/2026\/01\/mal-03413.jpg","contentUrl":"https:\/\/luciennelaparisienne.fr\/wp-content\/uploads\/2026\/01\/mal-03413.jpg","width":1000,"height":1000},{"@type":"BreadcrumbList","@id":"https:\/\/luciennelaparisienne.fr\/produit\/coussin-rectangulaire-vicky-pets\/#breadcrumb","itemListElement":[{"@type":"ListItem","position":1,"name":"Accueil","item":"https:\/\/luciennelaparisienne.fr\/"},{"@type":"ListItem","position":2,"name":"Boutique","item":"https:\/\/luciennelaparisienne.fr\/shop\/"},{"@type":"ListItem","position":3,"name":"Coussin rectangulaire Vicky Pets"}]},{"@type":"WebSite","@id":"https:\/\/luciennelaparisienne.fr\/#website","url":"https:\/\/luciennelaparisienne.fr\/","name":"Lucienne la Parisienne","description":"Produits pour Teckels","potentialAction":[{"@type":"SearchAction","target":{"@type":"EntryPoint","urlTemplate":"https:\/\/luciennelaparisienne.fr\/?s={search_term_string}"},"query-input":{"@type":"PropertyValueSpecification","valueRequired":true,"valueName":"search_term_string"}}],"inLanguage":"it-IT"}]}},"_links":{"self":[{"href":"https:\/\/luciennelaparisienne.fr\/it\/wp-json\/wp\/v2\/product\/16119","targetHints":{"allow":["GET"]}}],"collection":[{"href":"https:\/\/luciennelaparisienne.fr\/it\/wp-json\/wp\/v2\/product"}],"about":[{"href":"https:\/\/luciennelaparisienne.fr\/it\/wp-json\/wp\/v2\/types\/product"}],"replies":[{"embeddable":true,"href":"https:\/\/luciennelaparisienne.fr\/it\/wp-json\/wp\/v2\/comments?post=16119"}],"wp:featuredmedia":[{"embeddable":true,"href":"https:\/\/luciennelaparisienne.fr\/it\/wp-json\/wp\/v2\/media\/16126"}],"wp:attachment":[{"href":"https:\/\/luciennelaparisienne.fr\/it\/wp-json\/wp\/v2\/media?parent=16119"}],"wp:term":[{"taxonomy":"product_brand","embeddable":true,"href":"https:\/\/luciennelaparisienne.fr\/it\/wp-json\/wp\/v2\/product_brand?post=16119"},{"taxonomy":"product_cat","embeddable":true,"href":"https:\/\/luciennelaparisienne.fr\/it\/wp-json\/wp\/v2\/product_cat?post=16119"},{"taxonomy":"product_tag","embeddable":true,"href":"https:\/\/luciennelaparisienne.fr\/it\/wp-json\/wp\/v2\/product_tag?post=16119"}],"curies":[{"name":"wp","href":"https:\/\/api.w.org\/{rel}","templated":true}]}}