{"id":16257,"date":"2026-01-16T00:44:17","date_gmt":"2026-01-15T23:44:17","guid":{"rendered":"https:\/\/luciennelaparisienne.fr\/?post_type=product&#038;p=16257"},"modified":"2026-02-10T19:21:41","modified_gmt":"2026-02-10T18:21:41","slug":"collier-cloute-teckel-rock","status":"publish","type":"product","link":"https:\/\/luciennelaparisienne.fr\/it\/prodotto\/collier-cloute-teckel-rock\/","title":{"rendered":"Collier clout\u00e9 \u00ab\u00a0Teckel Rock\u00a0\u00bb"},"content":{"rendered":"<p>Collier <strong>Teckel Rock<\/strong> est un collier au style affirm\u00e9, pens\u00e9 pour le caract\u00e8re\u00a0 bien tremp\u00e9 de nos teckels!<\/p>\n<p>Le Collier Teckel Rock est confectionn\u00e9 en cuir de vache naturel \u00e0 finition brillante, offrant un rendu lumineux, chic et tr\u00e8s \u00e9l\u00e9gant.<\/p>\n<p>Les clous arrondis apportent une touche rock iconique tout en restant parfaitement lisses pour ne jamais blesser ni accrocher votre chien.<\/p>\n<p>Gr\u00e2ce \u00e0 son cuir \u00e9pais et souple, ce collier est \u00e0 la fois tr\u00e8s r\u00e9sistant, confortable et peu salissant, id\u00e9al pour une utilisation quotidienne, m\u00eame pour les teckels les plus actifs.<\/p>\n<p>Il se d\u00e9cline dans les deux couleurs signatures de notre marque:<br \/>\n\u2022 Noir chic, intense et intemporel &#8211; la couleur de Lucienne<br \/>\n\u2022 Fauve chaleureux, naturel et iconique de la marque &#8211; la couleur de Vicky<\/p>\n<p>Chaque collier est orn\u00e9 d\u2019un petit logo d\u00e9coratif repr\u00e9sentant Lucienne et Vicky, signature embl\u00e9matique de la marque.<\/p>\n<p><strong>Caratteristiche: <\/strong>Cuire de vache naturel de haute qualit\u00e9. Finition aux reflets nacr\u00e9s. Largeur du collier 2,5cm.<\/p>\n<p><strong>Manutenzione<\/strong><\/p>\n<p>Pour pr\u00e9server la beaut\u00e9 de votre collier :<\/p>\n<p>\u2022 Nettoyer d\u00e9licatement avec un chiffon doux et sec<br \/>\n\u2022 En cas de tache, utiliser un chiffon l\u00e9g\u00e8rement humide<br \/>\n\u2022 Ne pas immerger dans l\u2019eau<br \/>\n\u2022 \u00c9viter les produits chimiques ou abrasifs<br \/>\n\u2022 Laisser s\u00e9cher naturellement, loin d\u2019une source de chaleur<\/p>\n<p><strong>Disponible en tailles &#8211; tour de cou de chien:<\/strong><\/p>\n<p>XS &#8211; tour de cou moins de 22 cm<\/p>\n<p>S &#8211; tour de cou 23 &#8211; 25 cm<\/p>\n<p>M &#8211; tour de cou 25 &#8211; 29 cm<\/p>\n<p>L &#8211; tour de cou 30 &#8211; 33 cm<\/p>\n<p>Nous proposons dans les m\u00eames coloris la laisse assortie ainsi que la pochette (pour sacs \u00e0 friandises ou petits accessoires).<\/p>\n<p>Fabriqu\u00e9 \u00a0en Italie.<\/p>","protected":false},"excerpt":{"rendered":"<p>Collier Teckel Rock est un collier au style affirm\u00e9, pens\u00e9 pour le caract\u00e8re\u00a0 bien tremp\u00e9 de nos teckels! Le Collier Teckel Rock est confectionn\u00e9 en cuir de vache naturel \u00e0 finition brillante, offrant un rendu lumineux, chic et tr\u00e8s \u00e9l\u00e9gant. Les clous arrondis apportent une touche rock iconique tout en [&hellip;]<\/p>","protected":false},"featured_media":16278,"comment_status":"open","ping_status":"closed","template":"","meta":{"inline_featured_image":false},"product_brand":[],"product_cat":[204,70],"product_tag":[],"class_list":{"0":"post-16257","1":"product","2":"type-product","3":"status-publish","4":"has-post-thumbnail","6":"product_cat-laisses-et-colliers","7":"product_cat-pour-nos-teckels","9":"first","10":"instock","11":"taxable","12":"shipping-taxable","13":"purchasable","14":"product-type-variable"},"yoast_head":"<!-- This site is optimized with the Yoast SEO plugin v26.6 - https:\/\/yoast.com\/wordpress\/plugins\/seo\/ -->\n<title>Collier clout\u00e9 &quot;Teckel Rock&quot; - Lucienne la Parisienne<\/title>\n<meta name=\"robots\" content=\"index, follow, max-snippet:-1, max-image-preview:large, max-video-preview:-1\" \/>\n<link rel=\"canonical\" href=\"https:\/\/luciennelaparisienne.fr\/it\/prodotto\/collier-cloute-teckel-rock\/\" \/>\n<meta property=\"og:locale\" content=\"it_IT\" \/>\n<meta property=\"og:type\" content=\"article\" \/>\n<meta property=\"og:title\" content=\"Collier clout\u00e9 &quot;Teckel Rock&quot; - Lucienne la Parisienne\" \/>\n<meta property=\"og:description\" content=\"Collier Teckel Rock est un collier au style affirm\u00e9, pens\u00e9 pour le caract\u00e8re\u00a0 bien tremp\u00e9 de nos teckels! Le Collier Teckel Rock est confectionn\u00e9 en cuir de vache naturel \u00e0 finition brillante, offrant un rendu lumineux, chic et tr\u00e8s \u00e9l\u00e9gant. Les clous arrondis apportent une touche rock iconique tout en [&hellip;]\" \/>\n<meta property=\"og:url\" content=\"https:\/\/luciennelaparisienne.fr\/it\/prodotto\/collier-cloute-teckel-rock\/\" \/>\n<meta property=\"og:site_name\" content=\"Lucienne la Parisienne\" \/>\n<meta property=\"article:modified_time\" content=\"2026-02-10T18:21:41+00:00\" \/>\n<meta property=\"og:image\" content=\"https:\/\/luciennelaparisienne.fr\/wp-content\/uploads\/2026\/01\/4-13.jpg\" \/>\n\t<meta property=\"og:image:width\" content=\"1000\" \/>\n\t<meta property=\"og:image:height\" content=\"1000\" \/>\n\t<meta property=\"og:image:type\" content=\"image\/jpeg\" \/>\n<meta name=\"twitter:card\" content=\"summary_large_image\" \/>\n<meta name=\"twitter:label1\" content=\"Tempo di lettura stimato\" \/>\n\t<meta name=\"twitter:data1\" content=\"2 minuti\" \/>\n<script type=\"application\/ld+json\" class=\"yoast-schema-graph\">{\"@context\":\"https:\/\/schema.org\",\"@graph\":[{\"@type\":\"WebPage\",\"@id\":\"https:\/\/luciennelaparisienne.fr\/produit\/collier-cloute-teckel-rock\/\",\"url\":\"https:\/\/luciennelaparisienne.fr\/produit\/collier-cloute-teckel-rock\/\",\"name\":\"Collier clout\u00e9 \\\"Teckel Rock\\\" - Lucienne la Parisienne\",\"isPartOf\":{\"@id\":\"https:\/\/luciennelaparisienne.fr\/#website\"},\"primaryImageOfPage\":{\"@id\":\"https:\/\/luciennelaparisienne.fr\/produit\/collier-cloute-teckel-rock\/#primaryimage\"},\"image\":{\"@id\":\"https:\/\/luciennelaparisienne.fr\/produit\/collier-cloute-teckel-rock\/#primaryimage\"},\"thumbnailUrl\":\"https:\/\/luciennelaparisienne.fr\/wp-content\/uploads\/2026\/01\/4-13.jpg\",\"datePublished\":\"2026-01-15T23:44:17+00:00\",\"dateModified\":\"2026-02-10T18:21:41+00:00\",\"breadcrumb\":{\"@id\":\"https:\/\/luciennelaparisienne.fr\/produit\/collier-cloute-teckel-rock\/#breadcrumb\"},\"inLanguage\":\"it-IT\",\"potentialAction\":[{\"@type\":\"ReadAction\",\"target\":[\"https:\/\/luciennelaparisienne.fr\/produit\/collier-cloute-teckel-rock\/\"]}]},{\"@type\":\"ImageObject\",\"inLanguage\":\"it-IT\",\"@id\":\"https:\/\/luciennelaparisienne.fr\/produit\/collier-cloute-teckel-rock\/#primaryimage\",\"url\":\"https:\/\/luciennelaparisienne.fr\/wp-content\/uploads\/2026\/01\/4-13.jpg\",\"contentUrl\":\"https:\/\/luciennelaparisienne.fr\/wp-content\/uploads\/2026\/01\/4-13.jpg\",\"width\":1000,\"height\":1000},{\"@type\":\"BreadcrumbList\",\"@id\":\"https:\/\/luciennelaparisienne.fr\/produit\/collier-cloute-teckel-rock\/#breadcrumb\",\"itemListElement\":[{\"@type\":\"ListItem\",\"position\":1,\"name\":\"Accueil\",\"item\":\"https:\/\/luciennelaparisienne.fr\/\"},{\"@type\":\"ListItem\",\"position\":2,\"name\":\"Boutique\",\"item\":\"https:\/\/luciennelaparisienne.fr\/shop\/\"},{\"@type\":\"ListItem\",\"position\":3,\"name\":\"Collier clout\u00e9 \u00ab\u00a0Teckel Rock\u00a0\u00bb\"}]},{\"@type\":\"WebSite\",\"@id\":\"https:\/\/luciennelaparisienne.fr\/#website\",\"url\":\"https:\/\/luciennelaparisienne.fr\/\",\"name\":\"Lucienne la Parisienne\",\"description\":\"Produits pour Teckels\",\"potentialAction\":[{\"@type\":\"SearchAction\",\"target\":{\"@type\":\"EntryPoint\",\"urlTemplate\":\"https:\/\/luciennelaparisienne.fr\/?s={search_term_string}\"},\"query-input\":{\"@type\":\"PropertyValueSpecification\",\"valueRequired\":true,\"valueName\":\"search_term_string\"}}],\"inLanguage\":\"it-IT\"}]}<\/script>\n<!-- \/ Yoast SEO plugin. -->","yoast_head_json":{"title":"Collier clout\u00e9 \"Teckel Rock\" - Lucienne la Parisienne","robots":{"index":"index","follow":"follow","max-snippet":"max-snippet:-1","max-image-preview":"max-image-preview:large","max-video-preview":"max-video-preview:-1"},"canonical":"https:\/\/luciennelaparisienne.fr\/it\/prodotto\/collier-cloute-teckel-rock\/","og_locale":"it_IT","og_type":"article","og_title":"Collier clout\u00e9 \"Teckel Rock\" - Lucienne la Parisienne","og_description":"Collier Teckel Rock est un collier au style affirm\u00e9, pens\u00e9 pour le caract\u00e8re\u00a0 bien tremp\u00e9 de nos teckels! Le Collier Teckel Rock est confectionn\u00e9 en cuir de vache naturel \u00e0 finition brillante, offrant un rendu lumineux, chic et tr\u00e8s \u00e9l\u00e9gant. Les clous arrondis apportent une touche rock iconique tout en [&hellip;]","og_url":"https:\/\/luciennelaparisienne.fr\/it\/prodotto\/collier-cloute-teckel-rock\/","og_site_name":"Lucienne la Parisienne","article_modified_time":"2026-02-10T18:21:41+00:00","og_image":[{"width":1000,"height":1000,"url":"https:\/\/luciennelaparisienne.fr\/wp-content\/uploads\/2026\/01\/4-13.jpg","type":"image\/jpeg"}],"twitter_card":"summary_large_image","twitter_misc":{"Tempo di lettura stimato":"2 minuti"},"schema":{"@context":"https:\/\/schema.org","@graph":[{"@type":"WebPage","@id":"https:\/\/luciennelaparisienne.fr\/produit\/collier-cloute-teckel-rock\/","url":"https:\/\/luciennelaparisienne.fr\/produit\/collier-cloute-teckel-rock\/","name":"Collier clout\u00e9 \"Teckel Rock\" - Lucienne la Parisienne","isPartOf":{"@id":"https:\/\/luciennelaparisienne.fr\/#website"},"primaryImageOfPage":{"@id":"https:\/\/luciennelaparisienne.fr\/produit\/collier-cloute-teckel-rock\/#primaryimage"},"image":{"@id":"https:\/\/luciennelaparisienne.fr\/produit\/collier-cloute-teckel-rock\/#primaryimage"},"thumbnailUrl":"https:\/\/luciennelaparisienne.fr\/wp-content\/uploads\/2026\/01\/4-13.jpg","datePublished":"2026-01-15T23:44:17+00:00","dateModified":"2026-02-10T18:21:41+00:00","breadcrumb":{"@id":"https:\/\/luciennelaparisienne.fr\/produit\/collier-cloute-teckel-rock\/#breadcrumb"},"inLanguage":"it-IT","potentialAction":[{"@type":"ReadAction","target":["https:\/\/luciennelaparisienne.fr\/produit\/collier-cloute-teckel-rock\/"]}]},{"@type":"ImageObject","inLanguage":"it-IT","@id":"https:\/\/luciennelaparisienne.fr\/produit\/collier-cloute-teckel-rock\/#primaryimage","url":"https:\/\/luciennelaparisienne.fr\/wp-content\/uploads\/2026\/01\/4-13.jpg","contentUrl":"https:\/\/luciennelaparisienne.fr\/wp-content\/uploads\/2026\/01\/4-13.jpg","width":1000,"height":1000},{"@type":"BreadcrumbList","@id":"https:\/\/luciennelaparisienne.fr\/produit\/collier-cloute-teckel-rock\/#breadcrumb","itemListElement":[{"@type":"ListItem","position":1,"name":"Accueil","item":"https:\/\/luciennelaparisienne.fr\/"},{"@type":"ListItem","position":2,"name":"Boutique","item":"https:\/\/luciennelaparisienne.fr\/shop\/"},{"@type":"ListItem","position":3,"name":"Collier clout\u00e9 \u00ab\u00a0Teckel Rock\u00a0\u00bb"}]},{"@type":"WebSite","@id":"https:\/\/luciennelaparisienne.fr\/#website","url":"https:\/\/luciennelaparisienne.fr\/","name":"Lucienne la Parisienne","description":"Produits pour Teckels","potentialAction":[{"@type":"SearchAction","target":{"@type":"EntryPoint","urlTemplate":"https:\/\/luciennelaparisienne.fr\/?s={search_term_string}"},"query-input":{"@type":"PropertyValueSpecification","valueRequired":true,"valueName":"search_term_string"}}],"inLanguage":"it-IT"}]}},"_links":{"self":[{"href":"https:\/\/luciennelaparisienne.fr\/it\/wp-json\/wp\/v2\/product\/16257","targetHints":{"allow":["GET"]}}],"collection":[{"href":"https:\/\/luciennelaparisienne.fr\/it\/wp-json\/wp\/v2\/product"}],"about":[{"href":"https:\/\/luciennelaparisienne.fr\/it\/wp-json\/wp\/v2\/types\/product"}],"replies":[{"embeddable":true,"href":"https:\/\/luciennelaparisienne.fr\/it\/wp-json\/wp\/v2\/comments?post=16257"}],"wp:featuredmedia":[{"embeddable":true,"href":"https:\/\/luciennelaparisienne.fr\/it\/wp-json\/wp\/v2\/media\/16278"}],"wp:attachment":[{"href":"https:\/\/luciennelaparisienne.fr\/it\/wp-json\/wp\/v2\/media?parent=16257"}],"wp:term":[{"taxonomy":"product_brand","embeddable":true,"href":"https:\/\/luciennelaparisienne.fr\/it\/wp-json\/wp\/v2\/product_brand?post=16257"},{"taxonomy":"product_cat","embeddable":true,"href":"https:\/\/luciennelaparisienne.fr\/it\/wp-json\/wp\/v2\/product_cat?post=16257"},{"taxonomy":"product_tag","embeddable":true,"href":"https:\/\/luciennelaparisienne.fr\/it\/wp-json\/wp\/v2\/product_tag?post=16257"}],"curies":[{"name":"wp","href":"https:\/\/api.w.org\/{rel}","templated":true}]}}