{"id":16359,"date":"2026-01-16T04:37:14","date_gmt":"2026-01-16T03:37:14","guid":{"rendered":"https:\/\/luciennelaparisienne.fr\/?post_type=product&#038;p=16359"},"modified":"2026-04-17T14:08:31","modified_gmt":"2026-04-17T12:08:31","slug":"housse-de-coussin-pour-la-niche","status":"publish","type":"product","link":"https:\/\/luciennelaparisienne.fr\/it\/prodotto\/housse-de-coussin-pour-la-niche\/","title":{"rendered":"Housse de coussin pour la niche"},"content":{"rendered":"<p><strong>Housse de coussin pour la niche\u00a0<\/strong><br \/>\n<span style=\"font-size: 10pt;\">Pour prolonger la dur\u00e9e de vie de votre niche et faciliter l\u2019entretien au quotidien, cette housse de coussin est la solution id\u00e9ale pour garder un couchage toujours propre et \u00e9l\u00e9gant.<\/span><br \/>\n<span style=\"font-size: 10pt;\">Confectionn\u00e9e en tissu d\u2019ameublement r\u00e9sistant, elle prot\u00e8ge le coussin d\u2019origine tout en apportant confort et esth\u00e9tisme.<\/span><br \/>\n<span style=\"font-size: 10pt;\">Gr\u00e2ce \u00e0 cette housse, il n\u2019est plus n\u00e9cessaire de laver le coussin entier : il suffit de changer la housse et de la laver s\u00e9par\u00e9ment.<\/span><br \/>\n<span style=\"font-size: 10pt;\">Pratique et fonctionnelle, elle est \u00e9quip\u00e9e d\u2019une fermeture zipp\u00e9e permettant une installation rapide et un maintien parfait sur le coussin.<\/span><\/p>\n<p><strong>Caratteristiche: <\/strong><span style=\"font-weight: 400; font-size: 10pt;\">Velours d&rsquo;ameublements 100 % polyester, r\u00e9sistante et facile d&rsquo;entretien, anti t\u00e2ches et anti griffures doubl\u00e9 polaire.<\/span><br \/>\n<span style=\"font-size: 10pt;\">Remplissage en <span style=\"font-weight: 400;\">flocons de fibres hypoallerg\u00e9niques anti boulochage, qui conservent leur forme m\u00eame apr\u00e8s les lavages.<\/span><\/span><\/p>\n<p><strong>Manutenzione:\u00a0 <\/strong><span style=\"font-size: 10pt;\"><span style=\"font-weight: 400;\">Lavage de la housse en machine \u00e0 30 \u00b0C. <\/span><span style=\"font-weight: 400;\">S\u00e9chage au s\u00e8che-linge en programme doux. <\/span><span style=\"font-weight: 400;\">Pour les petites taches du quotidien, une \u00e9ponge humide suffit.<\/span><\/span><\/p>\n<p><span data-contrast=\"none\"><strong>Dimensions :<\/strong><span style=\"font-size: 10pt;\"> 55cm x 45cm<\/span><\/span><\/p>\n<p><strong>Compatible avec les coussins de niche Lucienne la Parisienne.<\/strong><\/p>\n<p><em><span style=\"font-size: 10pt;\">Merci de noter que les couleurs visibles sur les photos peuvent l\u00e9g\u00e8rement varier selon les \u00e9crans.<\/span><\/em><\/p>","protected":false},"excerpt":{"rendered":"<p>Housse de coussin pour la niche\u00a0 Pour prolonger la dur\u00e9e de vie de votre niche et faciliter l\u2019entretien au quotidien, cette housse de coussin est la solution id\u00e9ale pour garder un couchage toujours propre et \u00e9l\u00e9gant. Confectionn\u00e9e en tissu d\u2019ameublement r\u00e9sistant, elle prot\u00e8ge le coussin d\u2019origine tout en apportant confort [&hellip;]<\/p>","protected":false},"featured_media":17252,"comment_status":"open","ping_status":"closed","template":"","meta":{"inline_featured_image":false},"product_brand":[],"product_cat":[150,70],"product_tag":[],"class_list":{"0":"post-16359","1":"product","2":"type-product","3":"status-publish","4":"has-post-thumbnail","6":"product_cat-paniers-coussins-niches-paniers-voiture","7":"product_cat-pour-nos-teckels","9":"first","10":"instock","11":"taxable","12":"shipping-taxable","13":"purchasable","14":"product-type-variable"},"yoast_head":"<!-- This site is optimized with the Yoast SEO plugin v26.6 - https:\/\/yoast.com\/wordpress\/plugins\/seo\/ -->\n<title>Housse de coussin pour la niche - Lucienne la Parisienne<\/title>\n<meta name=\"robots\" content=\"index, follow, max-snippet:-1, max-image-preview:large, max-video-preview:-1\" \/>\n<link rel=\"canonical\" href=\"https:\/\/luciennelaparisienne.fr\/it\/prodotto\/housse-de-coussin-pour-la-niche\/\" \/>\n<meta property=\"og:locale\" content=\"it_IT\" \/>\n<meta property=\"og:type\" content=\"article\" \/>\n<meta property=\"og:title\" content=\"Housse de coussin pour la niche - Lucienne la Parisienne\" \/>\n<meta property=\"og:description\" content=\"Housse de coussin pour la niche\u00a0 Pour prolonger la dur\u00e9e de vie de votre niche et faciliter l\u2019entretien au quotidien, cette housse de coussin est la solution id\u00e9ale pour garder un couchage toujours propre et \u00e9l\u00e9gant. Confectionn\u00e9e en tissu d\u2019ameublement r\u00e9sistant, elle prot\u00e8ge le coussin d\u2019origine tout en apportant confort [&hellip;]\" \/>\n<meta property=\"og:url\" content=\"https:\/\/luciennelaparisienne.fr\/it\/prodotto\/housse-de-coussin-pour-la-niche\/\" \/>\n<meta property=\"og:site_name\" content=\"Lucienne la Parisienne\" \/>\n<meta property=\"article:modified_time\" content=\"2026-04-17T12:08:31+00:00\" \/>\n<meta property=\"og:image\" content=\"https:\/\/luciennelaparisienne.fr\/wp-content\/uploads\/2026\/01\/mal-05313-1.jpg\" \/>\n\t<meta property=\"og:image:width\" content=\"930\" \/>\n\t<meta property=\"og:image:height\" content=\"930\" \/>\n\t<meta property=\"og:image:type\" content=\"image\/jpeg\" \/>\n<meta name=\"twitter:card\" content=\"summary_large_image\" \/>\n<meta name=\"twitter:label1\" content=\"Tempo di lettura stimato\" \/>\n\t<meta name=\"twitter:data1\" content=\"2 minuti\" \/>\n<script type=\"application\/ld+json\" class=\"yoast-schema-graph\">{\"@context\":\"https:\/\/schema.org\",\"@graph\":[{\"@type\":\"WebPage\",\"@id\":\"https:\/\/luciennelaparisienne.fr\/produit\/housse-de-coussin-pour-la-niche\/\",\"url\":\"https:\/\/luciennelaparisienne.fr\/produit\/housse-de-coussin-pour-la-niche\/\",\"name\":\"Housse de coussin pour la niche - Lucienne la Parisienne\",\"isPartOf\":{\"@id\":\"https:\/\/luciennelaparisienne.fr\/#website\"},\"primaryImageOfPage\":{\"@id\":\"https:\/\/luciennelaparisienne.fr\/produit\/housse-de-coussin-pour-la-niche\/#primaryimage\"},\"image\":{\"@id\":\"https:\/\/luciennelaparisienne.fr\/produit\/housse-de-coussin-pour-la-niche\/#primaryimage\"},\"thumbnailUrl\":\"https:\/\/luciennelaparisienne.fr\/wp-content\/uploads\/2026\/01\/mal-05313-1.jpg\",\"datePublished\":\"2026-01-16T03:37:14+00:00\",\"dateModified\":\"2026-04-17T12:08:31+00:00\",\"breadcrumb\":{\"@id\":\"https:\/\/luciennelaparisienne.fr\/produit\/housse-de-coussin-pour-la-niche\/#breadcrumb\"},\"inLanguage\":\"it-IT\",\"potentialAction\":[{\"@type\":\"ReadAction\",\"target\":[\"https:\/\/luciennelaparisienne.fr\/produit\/housse-de-coussin-pour-la-niche\/\"]}]},{\"@type\":\"ImageObject\",\"inLanguage\":\"it-IT\",\"@id\":\"https:\/\/luciennelaparisienne.fr\/produit\/housse-de-coussin-pour-la-niche\/#primaryimage\",\"url\":\"https:\/\/luciennelaparisienne.fr\/wp-content\/uploads\/2026\/01\/mal-05313-1.jpg\",\"contentUrl\":\"https:\/\/luciennelaparisienne.fr\/wp-content\/uploads\/2026\/01\/mal-05313-1.jpg\",\"width\":930,\"height\":930},{\"@type\":\"BreadcrumbList\",\"@id\":\"https:\/\/luciennelaparisienne.fr\/produit\/housse-de-coussin-pour-la-niche\/#breadcrumb\",\"itemListElement\":[{\"@type\":\"ListItem\",\"position\":1,\"name\":\"Accueil\",\"item\":\"https:\/\/luciennelaparisienne.fr\/\"},{\"@type\":\"ListItem\",\"position\":2,\"name\":\"Boutique\",\"item\":\"https:\/\/luciennelaparisienne.fr\/shop\/\"},{\"@type\":\"ListItem\",\"position\":3,\"name\":\"Housse de coussin pour la niche\"}]},{\"@type\":\"WebSite\",\"@id\":\"https:\/\/luciennelaparisienne.fr\/#website\",\"url\":\"https:\/\/luciennelaparisienne.fr\/\",\"name\":\"Lucienne la Parisienne\",\"description\":\"Produits pour Teckels\",\"potentialAction\":[{\"@type\":\"SearchAction\",\"target\":{\"@type\":\"EntryPoint\",\"urlTemplate\":\"https:\/\/luciennelaparisienne.fr\/?s={search_term_string}\"},\"query-input\":{\"@type\":\"PropertyValueSpecification\",\"valueRequired\":true,\"valueName\":\"search_term_string\"}}],\"inLanguage\":\"it-IT\"}]}<\/script>\n<!-- \/ Yoast SEO plugin. -->","yoast_head_json":{"title":"Housse de coussin pour la niche - Lucienne la Parisienne","robots":{"index":"index","follow":"follow","max-snippet":"max-snippet:-1","max-image-preview":"max-image-preview:large","max-video-preview":"max-video-preview:-1"},"canonical":"https:\/\/luciennelaparisienne.fr\/it\/prodotto\/housse-de-coussin-pour-la-niche\/","og_locale":"it_IT","og_type":"article","og_title":"Housse de coussin pour la niche - Lucienne la Parisienne","og_description":"Housse de coussin pour la niche\u00a0 Pour prolonger la dur\u00e9e de vie de votre niche et faciliter l\u2019entretien au quotidien, cette housse de coussin est la solution id\u00e9ale pour garder un couchage toujours propre et \u00e9l\u00e9gant. Confectionn\u00e9e en tissu d\u2019ameublement r\u00e9sistant, elle prot\u00e8ge le coussin d\u2019origine tout en apportant confort [&hellip;]","og_url":"https:\/\/luciennelaparisienne.fr\/it\/prodotto\/housse-de-coussin-pour-la-niche\/","og_site_name":"Lucienne la Parisienne","article_modified_time":"2026-04-17T12:08:31+00:00","og_image":[{"width":930,"height":930,"url":"https:\/\/luciennelaparisienne.fr\/wp-content\/uploads\/2026\/01\/mal-05313-1.jpg","type":"image\/jpeg"}],"twitter_card":"summary_large_image","twitter_misc":{"Tempo di lettura stimato":"2 minuti"},"schema":{"@context":"https:\/\/schema.org","@graph":[{"@type":"WebPage","@id":"https:\/\/luciennelaparisienne.fr\/produit\/housse-de-coussin-pour-la-niche\/","url":"https:\/\/luciennelaparisienne.fr\/produit\/housse-de-coussin-pour-la-niche\/","name":"Housse de coussin pour la niche - Lucienne la Parisienne","isPartOf":{"@id":"https:\/\/luciennelaparisienne.fr\/#website"},"primaryImageOfPage":{"@id":"https:\/\/luciennelaparisienne.fr\/produit\/housse-de-coussin-pour-la-niche\/#primaryimage"},"image":{"@id":"https:\/\/luciennelaparisienne.fr\/produit\/housse-de-coussin-pour-la-niche\/#primaryimage"},"thumbnailUrl":"https:\/\/luciennelaparisienne.fr\/wp-content\/uploads\/2026\/01\/mal-05313-1.jpg","datePublished":"2026-01-16T03:37:14+00:00","dateModified":"2026-04-17T12:08:31+00:00","breadcrumb":{"@id":"https:\/\/luciennelaparisienne.fr\/produit\/housse-de-coussin-pour-la-niche\/#breadcrumb"},"inLanguage":"it-IT","potentialAction":[{"@type":"ReadAction","target":["https:\/\/luciennelaparisienne.fr\/produit\/housse-de-coussin-pour-la-niche\/"]}]},{"@type":"ImageObject","inLanguage":"it-IT","@id":"https:\/\/luciennelaparisienne.fr\/produit\/housse-de-coussin-pour-la-niche\/#primaryimage","url":"https:\/\/luciennelaparisienne.fr\/wp-content\/uploads\/2026\/01\/mal-05313-1.jpg","contentUrl":"https:\/\/luciennelaparisienne.fr\/wp-content\/uploads\/2026\/01\/mal-05313-1.jpg","width":930,"height":930},{"@type":"BreadcrumbList","@id":"https:\/\/luciennelaparisienne.fr\/produit\/housse-de-coussin-pour-la-niche\/#breadcrumb","itemListElement":[{"@type":"ListItem","position":1,"name":"Accueil","item":"https:\/\/luciennelaparisienne.fr\/"},{"@type":"ListItem","position":2,"name":"Boutique","item":"https:\/\/luciennelaparisienne.fr\/shop\/"},{"@type":"ListItem","position":3,"name":"Housse de coussin pour la niche"}]},{"@type":"WebSite","@id":"https:\/\/luciennelaparisienne.fr\/#website","url":"https:\/\/luciennelaparisienne.fr\/","name":"Lucienne la Parisienne","description":"Produits pour Teckels","potentialAction":[{"@type":"SearchAction","target":{"@type":"EntryPoint","urlTemplate":"https:\/\/luciennelaparisienne.fr\/?s={search_term_string}"},"query-input":{"@type":"PropertyValueSpecification","valueRequired":true,"valueName":"search_term_string"}}],"inLanguage":"it-IT"}]}},"_links":{"self":[{"href":"https:\/\/luciennelaparisienne.fr\/it\/wp-json\/wp\/v2\/product\/16359","targetHints":{"allow":["GET"]}}],"collection":[{"href":"https:\/\/luciennelaparisienne.fr\/it\/wp-json\/wp\/v2\/product"}],"about":[{"href":"https:\/\/luciennelaparisienne.fr\/it\/wp-json\/wp\/v2\/types\/product"}],"replies":[{"embeddable":true,"href":"https:\/\/luciennelaparisienne.fr\/it\/wp-json\/wp\/v2\/comments?post=16359"}],"wp:featuredmedia":[{"embeddable":true,"href":"https:\/\/luciennelaparisienne.fr\/it\/wp-json\/wp\/v2\/media\/17252"}],"wp:attachment":[{"href":"https:\/\/luciennelaparisienne.fr\/it\/wp-json\/wp\/v2\/media?parent=16359"}],"wp:term":[{"taxonomy":"product_brand","embeddable":true,"href":"https:\/\/luciennelaparisienne.fr\/it\/wp-json\/wp\/v2\/product_brand?post=16359"},{"taxonomy":"product_cat","embeddable":true,"href":"https:\/\/luciennelaparisienne.fr\/it\/wp-json\/wp\/v2\/product_cat?post=16359"},{"taxonomy":"product_tag","embeddable":true,"href":"https:\/\/luciennelaparisienne.fr\/it\/wp-json\/wp\/v2\/product_tag?post=16359"}],"curies":[{"name":"wp","href":"https:\/\/api.w.org\/{rel}","templated":true}]}}