{"id":16660,"date":"2026-02-09T23:01:23","date_gmt":"2026-02-09T22:01:23","guid":{"rendered":"https:\/\/luciennelaparisienne.fr\/?post_type=product&#038;p=16660"},"modified":"2026-04-05T09:27:27","modified_gmt":"2026-04-05T07:27:27","slug":"manteau-raspail","status":"publish","type":"product","link":"https:\/\/luciennelaparisienne.fr\/it\/prodotto\/manteau-raspail\/","title":{"rendered":"Manteau Raspail"},"content":{"rendered":"<p>Le manteau Raspail est \u00e0 la fois chaud, l\u00e9ger et imperm\u00e9able.<\/p>\n<p>Dot\u00e9 de boutons-pression, ce manteau prot\u00e8ge efficacement votre teckel par temps humide.<\/p>\n<p>L\u2019int\u00e9rieur est doubl\u00e9 par tissu polaire, donc il est bien chaud.<\/p>\n<p>Le col a une ouverture devant parfait pour un demi-saison.<\/p>\n<p>Il se lave et se s\u00e8che tr\u00e8s facilement et rapidement.<\/p>\n<p>Une ouverture pour harnais est pr\u00e9vue sur le haut du dos.<\/p>\n<p>Tr\u00e8s simple \u00e0 enfiler : il suffit de passer le manteau par la t\u00eate de votre chien puis de fermer les boutons sur le c\u00f4t\u00e9.<\/p>\n<p>Parfait pour la mi-saison : l\u00e9ger mais suffisamment chaud.<\/p>\n<p><strong>Caratteristiche<\/strong> :<\/p>\n<p><strong>Colore<\/strong> : Bleu canard.<\/p>\n<p><strong>Tissu<\/strong> : 84% Polyester 16% Polyamide<\/p>\n<p>Lavaggio a mano o in lavatrice a 30 \u00b0C. Strizzatura e asciugatura leggera.<\/p>\n<p><strong>Disponibles en tailles :<\/strong><\/p>\n<p>Disponibles en tailles:<\/p>\n<p>XXS: Bassotto Kaninchen 3-4 kg<\/p>\n<p>XS : Teckel Nain 5 kg<\/p>\n<p>S: Bassotto Nano 6-7 kg<\/p>\n<p>M : Teckel Standard 8-8,5 kg<\/p>\n<p>L : Teckel grand Standard 9-10 kg<\/p>\n<p>XL : Teckel grand Standard 10 kg +<\/p>\n<p>La taille XL se fabrique sur demande et apr\u00e8s le r\u00e8glement.<\/p>\n<p><strong>La produzione su misura avviene dopo il pagamento e richiede 2 settimane.<\/strong><\/p>\n<p>Si prega di notare che i colori nelle foto possono essere leggermente diversi.<\/p>","protected":false},"excerpt":{"rendered":"<p>Le manteau Raspail est \u00e0 la fois chaud, l\u00e9ger et imperm\u00e9able. Dot\u00e9 de boutons-pression, ce manteau prot\u00e8ge efficacement votre teckel par temps humide. L\u2019int\u00e9rieur est doubl\u00e9 par tissu polaire, donc il est bien chaud. Le col a une ouverture devant parfait pour un demi-saison. Il se lave et se s\u00e8che [&hellip;]<\/p>","protected":false},"featured_media":16681,"comment_status":"open","ping_status":"closed","template":"","meta":{"inline_featured_image":false},"product_brand":[],"product_cat":[153,70,72],"product_tag":[],"class_list":{"0":"post-16660","1":"product","2":"type-product","3":"status-publish","4":"has-post-thumbnail","6":"product_cat-vetements","7":"product_cat-pour-nos-teckels","8":"product_cat-pour-shabiller","10":"first","11":"instock","12":"taxable","13":"shipping-taxable","14":"purchasable","15":"product-type-variable","16":"has-default-attributes"},"yoast_head":"<!-- This site is optimized with the Yoast SEO plugin v26.6 - https:\/\/yoast.com\/wordpress\/plugins\/seo\/ -->\n<title>Manteau Raspail - Lucienne la Parisienne<\/title>\n<meta name=\"robots\" content=\"index, follow, max-snippet:-1, max-image-preview:large, max-video-preview:-1\" \/>\n<link rel=\"canonical\" href=\"https:\/\/luciennelaparisienne.fr\/it\/prodotto\/manteau-raspail\/\" \/>\n<meta property=\"og:locale\" content=\"it_IT\" \/>\n<meta property=\"og:type\" content=\"article\" \/>\n<meta property=\"og:title\" content=\"Manteau Raspail - Lucienne la Parisienne\" \/>\n<meta property=\"og:description\" content=\"Le manteau Raspail est \u00e0 la fois chaud, l\u00e9ger et imperm\u00e9able. Dot\u00e9 de boutons-pression, ce manteau prot\u00e8ge efficacement votre teckel par temps humide. L\u2019int\u00e9rieur est doubl\u00e9 par tissu polaire, donc il est bien chaud. Le col a une ouverture devant parfait pour un demi-saison. Il se lave et se s\u00e8che [&hellip;]\" \/>\n<meta property=\"og:url\" content=\"https:\/\/luciennelaparisienne.fr\/it\/prodotto\/manteau-raspail\/\" \/>\n<meta property=\"og:site_name\" content=\"Lucienne la Parisienne\" \/>\n<meta property=\"article:modified_time\" content=\"2026-04-05T07:27:27+00:00\" \/>\n<meta property=\"og:image\" content=\"https:\/\/luciennelaparisienne.fr\/wp-content\/uploads\/2026\/02\/1-12.jpg\" \/>\n\t<meta property=\"og:image:width\" content=\"1000\" \/>\n\t<meta property=\"og:image:height\" content=\"1000\" \/>\n\t<meta property=\"og:image:type\" content=\"image\/jpeg\" \/>\n<meta name=\"twitter:card\" content=\"summary_large_image\" \/>\n<meta name=\"twitter:label1\" content=\"Tempo di lettura stimato\" \/>\n\t<meta name=\"twitter:data1\" content=\"2 minuti\" \/>\n<script type=\"application\/ld+json\" class=\"yoast-schema-graph\">{\"@context\":\"https:\/\/schema.org\",\"@graph\":[{\"@type\":\"WebPage\",\"@id\":\"https:\/\/luciennelaparisienne.fr\/produit\/manteau-raspail\/\",\"url\":\"https:\/\/luciennelaparisienne.fr\/produit\/manteau-raspail\/\",\"name\":\"Manteau Raspail - Lucienne la Parisienne\",\"isPartOf\":{\"@id\":\"https:\/\/luciennelaparisienne.fr\/#website\"},\"primaryImageOfPage\":{\"@id\":\"https:\/\/luciennelaparisienne.fr\/produit\/manteau-raspail\/#primaryimage\"},\"image\":{\"@id\":\"https:\/\/luciennelaparisienne.fr\/produit\/manteau-raspail\/#primaryimage\"},\"thumbnailUrl\":\"https:\/\/luciennelaparisienne.fr\/wp-content\/uploads\/2026\/02\/1-12.jpg\",\"datePublished\":\"2026-02-09T22:01:23+00:00\",\"dateModified\":\"2026-04-05T07:27:27+00:00\",\"breadcrumb\":{\"@id\":\"https:\/\/luciennelaparisienne.fr\/produit\/manteau-raspail\/#breadcrumb\"},\"inLanguage\":\"it-IT\",\"potentialAction\":[{\"@type\":\"ReadAction\",\"target\":[\"https:\/\/luciennelaparisienne.fr\/produit\/manteau-raspail\/\"]}]},{\"@type\":\"ImageObject\",\"inLanguage\":\"it-IT\",\"@id\":\"https:\/\/luciennelaparisienne.fr\/produit\/manteau-raspail\/#primaryimage\",\"url\":\"https:\/\/luciennelaparisienne.fr\/wp-content\/uploads\/2026\/02\/1-12.jpg\",\"contentUrl\":\"https:\/\/luciennelaparisienne.fr\/wp-content\/uploads\/2026\/02\/1-12.jpg\",\"width\":1000,\"height\":1000},{\"@type\":\"BreadcrumbList\",\"@id\":\"https:\/\/luciennelaparisienne.fr\/produit\/manteau-raspail\/#breadcrumb\",\"itemListElement\":[{\"@type\":\"ListItem\",\"position\":1,\"name\":\"Accueil\",\"item\":\"https:\/\/luciennelaparisienne.fr\/\"},{\"@type\":\"ListItem\",\"position\":2,\"name\":\"Boutique\",\"item\":\"https:\/\/luciennelaparisienne.fr\/shop\/\"},{\"@type\":\"ListItem\",\"position\":3,\"name\":\"Manteau Raspail\"}]},{\"@type\":\"WebSite\",\"@id\":\"https:\/\/luciennelaparisienne.fr\/#website\",\"url\":\"https:\/\/luciennelaparisienne.fr\/\",\"name\":\"Lucienne la Parisienne\",\"description\":\"Produits pour Teckels\",\"potentialAction\":[{\"@type\":\"SearchAction\",\"target\":{\"@type\":\"EntryPoint\",\"urlTemplate\":\"https:\/\/luciennelaparisienne.fr\/?s={search_term_string}\"},\"query-input\":{\"@type\":\"PropertyValueSpecification\",\"valueRequired\":true,\"valueName\":\"search_term_string\"}}],\"inLanguage\":\"it-IT\"}]}<\/script>\n<!-- \/ Yoast SEO plugin. -->","yoast_head_json":{"title":"Manteau Raspail - Lucienne la Parisienne","robots":{"index":"index","follow":"follow","max-snippet":"max-snippet:-1","max-image-preview":"max-image-preview:large","max-video-preview":"max-video-preview:-1"},"canonical":"https:\/\/luciennelaparisienne.fr\/it\/prodotto\/manteau-raspail\/","og_locale":"it_IT","og_type":"article","og_title":"Manteau Raspail - Lucienne la Parisienne","og_description":"Le manteau Raspail est \u00e0 la fois chaud, l\u00e9ger et imperm\u00e9able. Dot\u00e9 de boutons-pression, ce manteau prot\u00e8ge efficacement votre teckel par temps humide. L\u2019int\u00e9rieur est doubl\u00e9 par tissu polaire, donc il est bien chaud. Le col a une ouverture devant parfait pour un demi-saison. Il se lave et se s\u00e8che [&hellip;]","og_url":"https:\/\/luciennelaparisienne.fr\/it\/prodotto\/manteau-raspail\/","og_site_name":"Lucienne la Parisienne","article_modified_time":"2026-04-05T07:27:27+00:00","og_image":[{"width":1000,"height":1000,"url":"https:\/\/luciennelaparisienne.fr\/wp-content\/uploads\/2026\/02\/1-12.jpg","type":"image\/jpeg"}],"twitter_card":"summary_large_image","twitter_misc":{"Tempo di lettura stimato":"2 minuti"},"schema":{"@context":"https:\/\/schema.org","@graph":[{"@type":"WebPage","@id":"https:\/\/luciennelaparisienne.fr\/produit\/manteau-raspail\/","url":"https:\/\/luciennelaparisienne.fr\/produit\/manteau-raspail\/","name":"Manteau Raspail - Lucienne la Parisienne","isPartOf":{"@id":"https:\/\/luciennelaparisienne.fr\/#website"},"primaryImageOfPage":{"@id":"https:\/\/luciennelaparisienne.fr\/produit\/manteau-raspail\/#primaryimage"},"image":{"@id":"https:\/\/luciennelaparisienne.fr\/produit\/manteau-raspail\/#primaryimage"},"thumbnailUrl":"https:\/\/luciennelaparisienne.fr\/wp-content\/uploads\/2026\/02\/1-12.jpg","datePublished":"2026-02-09T22:01:23+00:00","dateModified":"2026-04-05T07:27:27+00:00","breadcrumb":{"@id":"https:\/\/luciennelaparisienne.fr\/produit\/manteau-raspail\/#breadcrumb"},"inLanguage":"it-IT","potentialAction":[{"@type":"ReadAction","target":["https:\/\/luciennelaparisienne.fr\/produit\/manteau-raspail\/"]}]},{"@type":"ImageObject","inLanguage":"it-IT","@id":"https:\/\/luciennelaparisienne.fr\/produit\/manteau-raspail\/#primaryimage","url":"https:\/\/luciennelaparisienne.fr\/wp-content\/uploads\/2026\/02\/1-12.jpg","contentUrl":"https:\/\/luciennelaparisienne.fr\/wp-content\/uploads\/2026\/02\/1-12.jpg","width":1000,"height":1000},{"@type":"BreadcrumbList","@id":"https:\/\/luciennelaparisienne.fr\/produit\/manteau-raspail\/#breadcrumb","itemListElement":[{"@type":"ListItem","position":1,"name":"Accueil","item":"https:\/\/luciennelaparisienne.fr\/"},{"@type":"ListItem","position":2,"name":"Boutique","item":"https:\/\/luciennelaparisienne.fr\/shop\/"},{"@type":"ListItem","position":3,"name":"Manteau Raspail"}]},{"@type":"WebSite","@id":"https:\/\/luciennelaparisienne.fr\/#website","url":"https:\/\/luciennelaparisienne.fr\/","name":"Lucienne la Parisienne","description":"Produits pour Teckels","potentialAction":[{"@type":"SearchAction","target":{"@type":"EntryPoint","urlTemplate":"https:\/\/luciennelaparisienne.fr\/?s={search_term_string}"},"query-input":{"@type":"PropertyValueSpecification","valueRequired":true,"valueName":"search_term_string"}}],"inLanguage":"it-IT"}]}},"_links":{"self":[{"href":"https:\/\/luciennelaparisienne.fr\/it\/wp-json\/wp\/v2\/product\/16660","targetHints":{"allow":["GET"]}}],"collection":[{"href":"https:\/\/luciennelaparisienne.fr\/it\/wp-json\/wp\/v2\/product"}],"about":[{"href":"https:\/\/luciennelaparisienne.fr\/it\/wp-json\/wp\/v2\/types\/product"}],"replies":[{"embeddable":true,"href":"https:\/\/luciennelaparisienne.fr\/it\/wp-json\/wp\/v2\/comments?post=16660"}],"wp:featuredmedia":[{"embeddable":true,"href":"https:\/\/luciennelaparisienne.fr\/it\/wp-json\/wp\/v2\/media\/16681"}],"wp:attachment":[{"href":"https:\/\/luciennelaparisienne.fr\/it\/wp-json\/wp\/v2\/media?parent=16660"}],"wp:term":[{"taxonomy":"product_brand","embeddable":true,"href":"https:\/\/luciennelaparisienne.fr\/it\/wp-json\/wp\/v2\/product_brand?post=16660"},{"taxonomy":"product_cat","embeddable":true,"href":"https:\/\/luciennelaparisienne.fr\/it\/wp-json\/wp\/v2\/product_cat?post=16660"},{"taxonomy":"product_tag","embeddable":true,"href":"https:\/\/luciennelaparisienne.fr\/it\/wp-json\/wp\/v2\/product_tag?post=16660"}],"curies":[{"name":"wp","href":"https:\/\/api.w.org\/{rel}","templated":true}]}}