{"id":17177,"date":"2026-04-14T16:29:30","date_gmt":"2026-04-14T14:29:30","guid":{"rendered":"https:\/\/luciennelaparisienne.fr\/?post_type=product&#038;p=17177"},"modified":"2026-04-14T16:45:18","modified_gmt":"2026-04-14T14:45:18","slug":"housse-ete-pour-sac-en-carreaux-beiges","status":"publish","type":"product","link":"https:\/\/luciennelaparisienne.fr\/it\/prodotto\/housse-ete-pour-sac-en-carreaux-beiges\/","title":{"rendered":"Housse \u00e9t\u00e9 pour sac en carreaux beiges"},"content":{"rendered":"<p data-start=\"67\" data-end=\"280\">Nous vous proposons des <strong data-start=\"91\" data-end=\"143\">housses d\u2019\u00e9t\u00e9 sp\u00e9cialement con\u00e7ues pour nos sacs<\/strong>.<br data-start=\"144\" data-end=\"147\" \/>Si vous poss\u00e9dez d\u00e9j\u00e0 l\u2019un de nos mod\u00e8les, vous pouvez remplacer la housse en fourrure par une housse en coton \u00e0 carreaux beiges.<\/p>\n<p data-start=\"282\" data-end=\"500\">La housse est r\u00e9alis\u00e9e en <strong data-start=\"308\" data-end=\"332\">coton imperm\u00e9abilis\u00e9<\/strong>, doubl\u00e9 d\u2019une mati\u00e8re solide pour garantir \u00e0 la fois <strong data-start=\"386\" data-end=\"411\">r<\/strong>\u00e9sistance et confort. Sa mati\u00e8re, naturelle et respirante, est id\u00e9ale pour les p\u00e9riodes de forte chaleur.<\/p>\n<p data-start=\"502\" data-end=\"628\">C\u2019est une alternative parfaite aux housses en fourrure, permettant \u00e0 votre chien de rester au frais tout au long de l\u2019\u00e9t\u00e9.<\/p>\n<h3 data-section-id=\"1gek3xq\" data-start=\"635\" data-end=\"657\"><span style=\"font-size: 12pt;\">Caract\u00e9ristiques:<\/span><\/h3>\n<ul data-start=\"658\" data-end=\"728\">\n<li data-section-id=\"dk17up\" data-start=\"658\" data-end=\"691\">Coloris : carreaux beiges<\/li>\n<li data-section-id=\"vcduj5\" data-start=\"692\" data-end=\"728\">Tissu : coton imperm\u00e9abilis\u00e9<\/li>\n<\/ul>\n<p><strong>Manutenzione<\/strong><strong>\u202f:<\/strong><strong>\u00a0\u00a0<\/strong><\/p>\n<p>Lavaggio a mano o in lavatrice a 30\u00b0C. Centrifuga e asciugatura leggera, non lavare a secco, non usare candeggina.<\/p>\n<p><strong>Taglia\u00a0<\/strong>:<\/p>\n<p>M: 55 cm lunghezza della borsa, 45 cm lunghezza del fondo (kaninchen e nani fino a 6 kg)<\/p>\n<p>L: 60 cm lunghezza della borsa, 50 cm lunghezza del fondo (piccoli standard 8 kg o due kaninchen)<\/p>\n<p>XL: 70 cm lunghezza della borsa, 60 cm lunghezza del fondo (standard 9 kg+ o due nani)<\/p>\n<p>Taille XL se fabriquent seulement en pr\u00e9-commande et apr\u00e8s le r\u00e8glement.<\/p>\n<p>\u00c8 possibile ordinare su misura, grazie di <a href=\"https:\/\/luciennelaparisienne.fr\/contactez-nous\/\"><strong>contattarci tramite la sezione contatti<\/strong><\/a>.<\/p>","protected":false},"excerpt":{"rendered":"<p>Nous vous proposons des housses d\u2019\u00e9t\u00e9 sp\u00e9cialement con\u00e7ues pour nos sacs.Si vous poss\u00e9dez d\u00e9j\u00e0 l\u2019un de nos mod\u00e8les, vous pouvez remplacer la housse en fourrure par une housse en coton \u00e0 carreaux beiges. La housse est r\u00e9alis\u00e9e en coton imperm\u00e9abilis\u00e9, doubl\u00e9 d\u2019une mati\u00e8re solide pour garantir \u00e0 la fois r\u00e9sistance [&hellip;]<\/p>","protected":false},"featured_media":17191,"comment_status":"open","ping_status":"closed","template":"","meta":{"inline_featured_image":false},"product_brand":[],"product_cat":[70,155],"product_tag":[],"class_list":{"0":"post-17177","1":"product","2":"type-product","3":"status-publish","4":"has-post-thumbnail","6":"product_cat-pour-nos-teckels","7":"product_cat-sacs","9":"first","10":"instock","11":"taxable","12":"shipping-taxable","13":"purchasable","14":"product-type-variable"},"yoast_head":"<!-- This site is optimized with the Yoast SEO plugin v26.6 - https:\/\/yoast.com\/wordpress\/plugins\/seo\/ -->\n<title>Housse \u00e9t\u00e9 pour sac en carreaux beiges - Lucienne la Parisienne<\/title>\n<meta name=\"robots\" content=\"index, follow, max-snippet:-1, max-image-preview:large, max-video-preview:-1\" \/>\n<link rel=\"canonical\" href=\"https:\/\/luciennelaparisienne.fr\/it\/prodotto\/housse-ete-pour-sac-en-carreaux-beiges\/\" \/>\n<meta property=\"og:locale\" content=\"it_IT\" \/>\n<meta property=\"og:type\" content=\"article\" \/>\n<meta property=\"og:title\" content=\"Housse \u00e9t\u00e9 pour sac en carreaux beiges - Lucienne la Parisienne\" \/>\n<meta property=\"og:description\" content=\"Nous vous proposons des housses d\u2019\u00e9t\u00e9 sp\u00e9cialement con\u00e7ues pour nos sacs.Si vous poss\u00e9dez d\u00e9j\u00e0 l\u2019un de nos mod\u00e8les, vous pouvez remplacer la housse en fourrure par une housse en coton \u00e0 carreaux beiges. La housse est r\u00e9alis\u00e9e en coton imperm\u00e9abilis\u00e9, doubl\u00e9 d\u2019une mati\u00e8re solide pour garantir \u00e0 la fois r\u00e9sistance [&hellip;]\" \/>\n<meta property=\"og:url\" content=\"https:\/\/luciennelaparisienne.fr\/it\/prodotto\/housse-ete-pour-sac-en-carreaux-beiges\/\" \/>\n<meta property=\"og:site_name\" content=\"Lucienne la Parisienne\" \/>\n<meta property=\"article:modified_time\" content=\"2026-04-14T14:45:18+00:00\" \/>\n<meta property=\"og:image\" content=\"https:\/\/luciennelaparisienne.fr\/wp-content\/uploads\/2026\/04\/Emiliya-Sultan-20.jpg\" \/>\n\t<meta property=\"og:image:width\" content=\"1000\" \/>\n\t<meta property=\"og:image:height\" content=\"1000\" \/>\n\t<meta property=\"og:image:type\" content=\"image\/jpeg\" \/>\n<meta name=\"twitter:card\" content=\"summary_large_image\" \/>\n<meta name=\"twitter:label1\" content=\"Tempo di lettura stimato\" \/>\n\t<meta name=\"twitter:data1\" content=\"2 minuti\" \/>\n<script type=\"application\/ld+json\" class=\"yoast-schema-graph\">{\"@context\":\"https:\/\/schema.org\",\"@graph\":[{\"@type\":\"WebPage\",\"@id\":\"https:\/\/luciennelaparisienne.fr\/produit\/housse-ete-pour-sac-en-carreaux-beiges\/\",\"url\":\"https:\/\/luciennelaparisienne.fr\/produit\/housse-ete-pour-sac-en-carreaux-beiges\/\",\"name\":\"Housse \u00e9t\u00e9 pour sac en carreaux beiges - Lucienne la Parisienne\",\"isPartOf\":{\"@id\":\"https:\/\/luciennelaparisienne.fr\/#website\"},\"primaryImageOfPage\":{\"@id\":\"https:\/\/luciennelaparisienne.fr\/produit\/housse-ete-pour-sac-en-carreaux-beiges\/#primaryimage\"},\"image\":{\"@id\":\"https:\/\/luciennelaparisienne.fr\/produit\/housse-ete-pour-sac-en-carreaux-beiges\/#primaryimage\"},\"thumbnailUrl\":\"https:\/\/luciennelaparisienne.fr\/wp-content\/uploads\/2026\/04\/Emiliya-Sultan-20.jpg\",\"datePublished\":\"2026-04-14T14:29:30+00:00\",\"dateModified\":\"2026-04-14T14:45:18+00:00\",\"breadcrumb\":{\"@id\":\"https:\/\/luciennelaparisienne.fr\/produit\/housse-ete-pour-sac-en-carreaux-beiges\/#breadcrumb\"},\"inLanguage\":\"it-IT\",\"potentialAction\":[{\"@type\":\"ReadAction\",\"target\":[\"https:\/\/luciennelaparisienne.fr\/produit\/housse-ete-pour-sac-en-carreaux-beiges\/\"]}]},{\"@type\":\"ImageObject\",\"inLanguage\":\"it-IT\",\"@id\":\"https:\/\/luciennelaparisienne.fr\/produit\/housse-ete-pour-sac-en-carreaux-beiges\/#primaryimage\",\"url\":\"https:\/\/luciennelaparisienne.fr\/wp-content\/uploads\/2026\/04\/Emiliya-Sultan-20.jpg\",\"contentUrl\":\"https:\/\/luciennelaparisienne.fr\/wp-content\/uploads\/2026\/04\/Emiliya-Sultan-20.jpg\",\"width\":1000,\"height\":1000},{\"@type\":\"BreadcrumbList\",\"@id\":\"https:\/\/luciennelaparisienne.fr\/produit\/housse-ete-pour-sac-en-carreaux-beiges\/#breadcrumb\",\"itemListElement\":[{\"@type\":\"ListItem\",\"position\":1,\"name\":\"Accueil\",\"item\":\"https:\/\/luciennelaparisienne.fr\/\"},{\"@type\":\"ListItem\",\"position\":2,\"name\":\"Boutique\",\"item\":\"https:\/\/luciennelaparisienne.fr\/shop\/\"},{\"@type\":\"ListItem\",\"position\":3,\"name\":\"Housse \u00e9t\u00e9 pour sac en carreaux beiges\"}]},{\"@type\":\"WebSite\",\"@id\":\"https:\/\/luciennelaparisienne.fr\/#website\",\"url\":\"https:\/\/luciennelaparisienne.fr\/\",\"name\":\"Lucienne la Parisienne\",\"description\":\"Produits pour Teckels\",\"potentialAction\":[{\"@type\":\"SearchAction\",\"target\":{\"@type\":\"EntryPoint\",\"urlTemplate\":\"https:\/\/luciennelaparisienne.fr\/?s={search_term_string}\"},\"query-input\":{\"@type\":\"PropertyValueSpecification\",\"valueRequired\":true,\"valueName\":\"search_term_string\"}}],\"inLanguage\":\"it-IT\"}]}<\/script>\n<!-- \/ Yoast SEO plugin. -->","yoast_head_json":{"title":"Housse \u00e9t\u00e9 pour sac en carreaux beiges - Lucienne la Parisienne","robots":{"index":"index","follow":"follow","max-snippet":"max-snippet:-1","max-image-preview":"max-image-preview:large","max-video-preview":"max-video-preview:-1"},"canonical":"https:\/\/luciennelaparisienne.fr\/it\/prodotto\/housse-ete-pour-sac-en-carreaux-beiges\/","og_locale":"it_IT","og_type":"article","og_title":"Housse \u00e9t\u00e9 pour sac en carreaux beiges - Lucienne la Parisienne","og_description":"Nous vous proposons des housses d\u2019\u00e9t\u00e9 sp\u00e9cialement con\u00e7ues pour nos sacs.Si vous poss\u00e9dez d\u00e9j\u00e0 l\u2019un de nos mod\u00e8les, vous pouvez remplacer la housse en fourrure par une housse en coton \u00e0 carreaux beiges. La housse est r\u00e9alis\u00e9e en coton imperm\u00e9abilis\u00e9, doubl\u00e9 d\u2019une mati\u00e8re solide pour garantir \u00e0 la fois r\u00e9sistance [&hellip;]","og_url":"https:\/\/luciennelaparisienne.fr\/it\/prodotto\/housse-ete-pour-sac-en-carreaux-beiges\/","og_site_name":"Lucienne la Parisienne","article_modified_time":"2026-04-14T14:45:18+00:00","og_image":[{"width":1000,"height":1000,"url":"https:\/\/luciennelaparisienne.fr\/wp-content\/uploads\/2026\/04\/Emiliya-Sultan-20.jpg","type":"image\/jpeg"}],"twitter_card":"summary_large_image","twitter_misc":{"Tempo di lettura stimato":"2 minuti"},"schema":{"@context":"https:\/\/schema.org","@graph":[{"@type":"WebPage","@id":"https:\/\/luciennelaparisienne.fr\/produit\/housse-ete-pour-sac-en-carreaux-beiges\/","url":"https:\/\/luciennelaparisienne.fr\/produit\/housse-ete-pour-sac-en-carreaux-beiges\/","name":"Housse \u00e9t\u00e9 pour sac en carreaux beiges - Lucienne la Parisienne","isPartOf":{"@id":"https:\/\/luciennelaparisienne.fr\/#website"},"primaryImageOfPage":{"@id":"https:\/\/luciennelaparisienne.fr\/produit\/housse-ete-pour-sac-en-carreaux-beiges\/#primaryimage"},"image":{"@id":"https:\/\/luciennelaparisienne.fr\/produit\/housse-ete-pour-sac-en-carreaux-beiges\/#primaryimage"},"thumbnailUrl":"https:\/\/luciennelaparisienne.fr\/wp-content\/uploads\/2026\/04\/Emiliya-Sultan-20.jpg","datePublished":"2026-04-14T14:29:30+00:00","dateModified":"2026-04-14T14:45:18+00:00","breadcrumb":{"@id":"https:\/\/luciennelaparisienne.fr\/produit\/housse-ete-pour-sac-en-carreaux-beiges\/#breadcrumb"},"inLanguage":"it-IT","potentialAction":[{"@type":"ReadAction","target":["https:\/\/luciennelaparisienne.fr\/produit\/housse-ete-pour-sac-en-carreaux-beiges\/"]}]},{"@type":"ImageObject","inLanguage":"it-IT","@id":"https:\/\/luciennelaparisienne.fr\/produit\/housse-ete-pour-sac-en-carreaux-beiges\/#primaryimage","url":"https:\/\/luciennelaparisienne.fr\/wp-content\/uploads\/2026\/04\/Emiliya-Sultan-20.jpg","contentUrl":"https:\/\/luciennelaparisienne.fr\/wp-content\/uploads\/2026\/04\/Emiliya-Sultan-20.jpg","width":1000,"height":1000},{"@type":"BreadcrumbList","@id":"https:\/\/luciennelaparisienne.fr\/produit\/housse-ete-pour-sac-en-carreaux-beiges\/#breadcrumb","itemListElement":[{"@type":"ListItem","position":1,"name":"Accueil","item":"https:\/\/luciennelaparisienne.fr\/"},{"@type":"ListItem","position":2,"name":"Boutique","item":"https:\/\/luciennelaparisienne.fr\/shop\/"},{"@type":"ListItem","position":3,"name":"Housse \u00e9t\u00e9 pour sac en carreaux beiges"}]},{"@type":"WebSite","@id":"https:\/\/luciennelaparisienne.fr\/#website","url":"https:\/\/luciennelaparisienne.fr\/","name":"Lucienne la Parisienne","description":"Produits pour Teckels","potentialAction":[{"@type":"SearchAction","target":{"@type":"EntryPoint","urlTemplate":"https:\/\/luciennelaparisienne.fr\/?s={search_term_string}"},"query-input":{"@type":"PropertyValueSpecification","valueRequired":true,"valueName":"search_term_string"}}],"inLanguage":"it-IT"}]}},"_links":{"self":[{"href":"https:\/\/luciennelaparisienne.fr\/it\/wp-json\/wp\/v2\/product\/17177","targetHints":{"allow":["GET"]}}],"collection":[{"href":"https:\/\/luciennelaparisienne.fr\/it\/wp-json\/wp\/v2\/product"}],"about":[{"href":"https:\/\/luciennelaparisienne.fr\/it\/wp-json\/wp\/v2\/types\/product"}],"replies":[{"embeddable":true,"href":"https:\/\/luciennelaparisienne.fr\/it\/wp-json\/wp\/v2\/comments?post=17177"}],"wp:featuredmedia":[{"embeddable":true,"href":"https:\/\/luciennelaparisienne.fr\/it\/wp-json\/wp\/v2\/media\/17191"}],"wp:attachment":[{"href":"https:\/\/luciennelaparisienne.fr\/it\/wp-json\/wp\/v2\/media?parent=17177"}],"wp:term":[{"taxonomy":"product_brand","embeddable":true,"href":"https:\/\/luciennelaparisienne.fr\/it\/wp-json\/wp\/v2\/product_brand?post=17177"},{"taxonomy":"product_cat","embeddable":true,"href":"https:\/\/luciennelaparisienne.fr\/it\/wp-json\/wp\/v2\/product_cat?post=17177"},{"taxonomy":"product_tag","embeddable":true,"href":"https:\/\/luciennelaparisienne.fr\/it\/wp-json\/wp\/v2\/product_tag?post=17177"}],"curies":[{"name":"wp","href":"https:\/\/api.w.org\/{rel}","templated":true}]}}