{"id":17202,"date":"2026-04-14T18:37:56","date_gmt":"2026-04-14T16:37:56","guid":{"rendered":"https:\/\/luciennelaparisienne.fr\/?post_type=product&#038;p=17202"},"modified":"2026-04-14T18:41:15","modified_gmt":"2026-04-14T16:41:15","slug":"sac-de-transport-teckel-chocolat-2","status":"publish","type":"product","link":"https:\/\/luciennelaparisienne.fr\/it\/prodotto\/sac-de-transport-teckel-chocolat-2\/","title":{"rendered":"Sac de transport Teckel Chocolat"},"content":{"rendered":"<p data-start=\"136\" data-end=\"317\">Les chiens adorent nous accompagner partout et les teckels encore plus ! Affectueux, proches de leurs ma\u00eetres et faciles \u00e0 transporter, ils sont les compagnons id\u00e9aux du quotidien.<\/p>\n<p data-start=\"319\" data-end=\"482\">C\u2019est pourquoi le sac de transport devient vite indispensable si vous aimez emmener votre teckel avec vous, que ce soit en ville, en voyage ou lors de vos sorties.<\/p>\n<p data-start=\"484\" data-end=\"834\">Nous avons con\u00e7u un sac unique, \u00e0 la fois sac de transport et panier confortable. Parfaitement adapt\u00e9 \u00e0 la vie urbaine, il permet \u00e0 votre chien d\u2019\u00eatre install\u00e9 confortablement dans un taxi, au restaurant ou chez des amis. En d\u00e9placement, il se transforme \u00e9galement en panier douillet pour offrir \u00e0 votre compagnon un espace familier et rassurant.<\/p>\n<p data-start=\"836\" data-end=\"1022\">Fabriqu\u00e9 dans une mati\u00e8re imperm\u00e9able, le sac est facile d\u2019entretien : un simple coup d\u2019\u00e9ponge suffit pour les petites salissures, et il peut aussi \u00eatre lav\u00e9 \u00e0 la main ou en machine.<\/p>\n<p data-start=\"1024\" data-end=\"1289\">Le fond, rigide et stable, assure un excellent maintien, particuli\u00e8rement important pour le dos fragile des teckels. Il est \u00e9quip\u00e9 d\u2019une housse zipp\u00e9e amovible, facile \u00e0 laver. Une face est renforc\u00e9e avec plus de mousse pour offrir une assise encore plus douce.<\/p>\n<p data-start=\"96\" data-end=\"310\">Pour encore plus de confort, le sac est dot\u00e9 d\u2019une housse en velours d\u2019ameublement, \u00e0 la fois <strong>anti-taches<\/strong> et <strong>anti-griffures<\/strong>. Cette mati\u00e8re de grande r\u00e9sistance est id\u00e9ale pour un usage quotidien.<\/p>\n<p data-start=\"312\" data-end=\"555\">La housse est amovible et peut \u00eatre remplac\u00e9e selon la saison par une version \u00e9t\u00e9 ou une housse hiver en fourrure synth\u00e9tique de tr\u00e8s haute qualit\u00e9. Toutes nos housses sont lavables en machine, pour un entretien simple et pratique.<\/p>\n<p data-start=\"312\" data-end=\"555\">Les housses \u00e9t\u00e9 et hiver sont vendues s\u00e9par\u00e9ment sur notre site.<br data-start=\"127\" data-end=\"130\" \/>Il est \u00e9galement possible de commander sur mesure, en choisissant la couleur ou la mati\u00e8re de votre choix.<\/p>\n<p data-start=\"1563\" data-end=\"1666\">Les poign\u00e9es larges et plates garantissent un port agr\u00e9able \u00e0 l\u2019\u00e9paule. Le sac comprend \u00e9galement :<\/p>\n<ul data-start=\"1667\" data-end=\"1871\">\n<li data-section-id=\"n2cmwo\" data-start=\"123\" data-end=\"174\">une grande poche zipp\u00e9e pour vos essentiels<\/li>\n<li data-section-id=\"y0hhac\" data-start=\"175\" data-end=\"230\">une bandouli\u00e8re en nylon pour plus de praticit\u00e9<\/li>\n<li data-section-id=\"1ob6p66\" data-start=\"231\" data-end=\"269\">une fermeture zipp\u00e9e s\u00e9curis\u00e9e<\/li>\n<li data-section-id=\"2gkre3\" data-start=\"270\" data-end=\"343\">une sangle int\u00e9rieure pour attacher votre chien en toute s\u00e9curit\u00e9<\/li>\n<li data-section-id=\"nu47eg\" data-start=\"344\" data-end=\"421\">un petit sac rond, id\u00e9al pour les friandises ou les sacs \u00e0 d\u00e9jections<\/li>\n<\/ul>\n<p data-start=\"1949\" data-end=\"2120\">Enfin, nos sacs allient \u00e9l\u00e9gance et praticit\u00e9 : ils sont si chics qu\u2019ils peuvent facilement remplacer votre sac \u00e0 main tout en gardant votre compagnon pr\u00e8s de vous \ud83d\ude0a<\/p>\n<p><strong>Caratteristiche<\/strong><strong>\u202f:<\/strong><strong>\u00a0\u00a0<\/strong><\/p>\n<p>Couleur: Chocolat<\/p>\n<p>Tessuto: poliestere impermeabile<\/p>\n<p>Housse: la fourrure synth\u00e9tique type Lapin gris. Possible acheter la housse version \u00e9t\u00e9 pour chaque taille.<\/p>\n<p><strong>Manutenzione<\/strong><strong>\u202f:<\/strong><strong>\u00a0\u00a0<\/strong><\/p>\n<p>Lavaggio a mano o in lavatrice a 30\u00b0C. Centrifuga e asciugatura leggera, non lavare a secco, non usare candeggina. Non stirare!<\/p>\n<p><strong>Taglia <\/strong>:<\/p>\n<p>M : 50 cm longueur du sac, 45cm longueur du fond\u00a0 (kaninchens et nains jusqu\u2019au 6kg)<\/p>\n<p>L : 55cm longueur du sac, 50 cm longueur du fond (petit standards 8 kg ou deux kaninchens)<\/p>\n<p>XL : 60cm longueur du sac, 55 cm longueur du fond (standards 9kg+ ou\u00a0 deux nains)<\/p>\n<p>\u00c8 possibile ordinare su misura, grazie di\u00a0<a href=\"https:\/\/luciennelaparisienne.fr\/contactez-nous\/\"><strong>contattarci tramite la sezione contatti<\/strong><\/a>.<\/p>","protected":false},"excerpt":{"rendered":"<p>Les chiens adorent nous accompagner partout et les teckels encore plus ! Affectueux, proches de leurs ma\u00eetres et faciles \u00e0 transporter, ils sont les compagnons id\u00e9aux du quotidien. C\u2019est pourquoi le sac de transport devient vite indispensable si vous aimez emmener votre teckel avec vous, que ce soit en ville, [&hellip;]<\/p>","protected":false},"featured_media":17131,"comment_status":"open","ping_status":"closed","template":"","meta":{"inline_featured_image":false},"product_brand":[],"product_cat":[70,155],"product_tag":[],"class_list":{"0":"post-17202","1":"product","2":"type-product","3":"status-publish","4":"has-post-thumbnail","6":"product_cat-pour-nos-teckels","7":"product_cat-sacs","9":"first","10":"instock","11":"featured","12":"taxable","13":"shipping-taxable","14":"purchasable","15":"product-type-variable"},"yoast_head":"<!-- This site is optimized with the Yoast SEO plugin v26.6 - https:\/\/yoast.com\/wordpress\/plugins\/seo\/ -->\n<title>Sac de transport Teckel Chocolat - Lucienne la Parisienne<\/title>\n<meta name=\"robots\" content=\"index, follow, max-snippet:-1, max-image-preview:large, max-video-preview:-1\" \/>\n<link rel=\"canonical\" href=\"https:\/\/luciennelaparisienne.fr\/it\/prodotto\/sac-de-transport-teckel-chocolat-2\/\" \/>\n<meta property=\"og:locale\" content=\"it_IT\" \/>\n<meta property=\"og:type\" content=\"article\" \/>\n<meta property=\"og:title\" content=\"Sac de transport Teckel Chocolat - Lucienne la Parisienne\" \/>\n<meta property=\"og:description\" content=\"Les chiens adorent nous accompagner partout et les teckels encore plus ! Affectueux, proches de leurs ma\u00eetres et faciles \u00e0 transporter, ils sont les compagnons id\u00e9aux du quotidien. C\u2019est pourquoi le sac de transport devient vite indispensable si vous aimez emmener votre teckel avec vous, que ce soit en ville, [&hellip;]\" \/>\n<meta property=\"og:url\" content=\"https:\/\/luciennelaparisienne.fr\/it\/prodotto\/sac-de-transport-teckel-chocolat-2\/\" \/>\n<meta property=\"og:site_name\" content=\"Lucienne la Parisienne\" \/>\n<meta property=\"article:modified_time\" content=\"2026-04-14T16:41:15+00:00\" \/>\n<meta property=\"og:image\" content=\"https:\/\/luciennelaparisienne.fr\/wp-content\/uploads\/2026\/02\/Emiliya-Sultan-13.jpg\" \/>\n\t<meta property=\"og:image:width\" content=\"1000\" \/>\n\t<meta property=\"og:image:height\" content=\"1000\" \/>\n\t<meta property=\"og:image:type\" content=\"image\/jpeg\" \/>\n<meta name=\"twitter:card\" content=\"summary_large_image\" \/>\n<meta name=\"twitter:label1\" content=\"Tempo di lettura stimato\" \/>\n\t<meta name=\"twitter:data1\" content=\"3 minuti\" \/>\n<script type=\"application\/ld+json\" class=\"yoast-schema-graph\">{\"@context\":\"https:\/\/schema.org\",\"@graph\":[{\"@type\":\"WebPage\",\"@id\":\"https:\/\/luciennelaparisienne.fr\/produit\/sac-de-transport-teckel-chocolat-2\/\",\"url\":\"https:\/\/luciennelaparisienne.fr\/produit\/sac-de-transport-teckel-chocolat-2\/\",\"name\":\"Sac de transport Teckel Chocolat - Lucienne la Parisienne\",\"isPartOf\":{\"@id\":\"https:\/\/luciennelaparisienne.fr\/#website\"},\"primaryImageOfPage\":{\"@id\":\"https:\/\/luciennelaparisienne.fr\/produit\/sac-de-transport-teckel-chocolat-2\/#primaryimage\"},\"image\":{\"@id\":\"https:\/\/luciennelaparisienne.fr\/produit\/sac-de-transport-teckel-chocolat-2\/#primaryimage\"},\"thumbnailUrl\":\"https:\/\/luciennelaparisienne.fr\/wp-content\/uploads\/2026\/02\/Emiliya-Sultan-13.jpg\",\"datePublished\":\"2026-04-14T16:37:56+00:00\",\"dateModified\":\"2026-04-14T16:41:15+00:00\",\"breadcrumb\":{\"@id\":\"https:\/\/luciennelaparisienne.fr\/produit\/sac-de-transport-teckel-chocolat-2\/#breadcrumb\"},\"inLanguage\":\"it-IT\",\"potentialAction\":[{\"@type\":\"ReadAction\",\"target\":[\"https:\/\/luciennelaparisienne.fr\/produit\/sac-de-transport-teckel-chocolat-2\/\"]}]},{\"@type\":\"ImageObject\",\"inLanguage\":\"it-IT\",\"@id\":\"https:\/\/luciennelaparisienne.fr\/produit\/sac-de-transport-teckel-chocolat-2\/#primaryimage\",\"url\":\"https:\/\/luciennelaparisienne.fr\/wp-content\/uploads\/2026\/02\/Emiliya-Sultan-13.jpg\",\"contentUrl\":\"https:\/\/luciennelaparisienne.fr\/wp-content\/uploads\/2026\/02\/Emiliya-Sultan-13.jpg\",\"width\":1000,\"height\":1000},{\"@type\":\"BreadcrumbList\",\"@id\":\"https:\/\/luciennelaparisienne.fr\/produit\/sac-de-transport-teckel-chocolat-2\/#breadcrumb\",\"itemListElement\":[{\"@type\":\"ListItem\",\"position\":1,\"name\":\"Accueil\",\"item\":\"https:\/\/luciennelaparisienne.fr\/\"},{\"@type\":\"ListItem\",\"position\":2,\"name\":\"Boutique\",\"item\":\"https:\/\/luciennelaparisienne.fr\/shop\/\"},{\"@type\":\"ListItem\",\"position\":3,\"name\":\"Sac de transport Teckel Chocolat\"}]},{\"@type\":\"WebSite\",\"@id\":\"https:\/\/luciennelaparisienne.fr\/#website\",\"url\":\"https:\/\/luciennelaparisienne.fr\/\",\"name\":\"Lucienne la Parisienne\",\"description\":\"Produits pour Teckels\",\"potentialAction\":[{\"@type\":\"SearchAction\",\"target\":{\"@type\":\"EntryPoint\",\"urlTemplate\":\"https:\/\/luciennelaparisienne.fr\/?s={search_term_string}\"},\"query-input\":{\"@type\":\"PropertyValueSpecification\",\"valueRequired\":true,\"valueName\":\"search_term_string\"}}],\"inLanguage\":\"it-IT\"}]}<\/script>\n<!-- \/ Yoast SEO plugin. -->","yoast_head_json":{"title":"Sac de transport Teckel Chocolat - Lucienne la Parisienne","robots":{"index":"index","follow":"follow","max-snippet":"max-snippet:-1","max-image-preview":"max-image-preview:large","max-video-preview":"max-video-preview:-1"},"canonical":"https:\/\/luciennelaparisienne.fr\/it\/prodotto\/sac-de-transport-teckel-chocolat-2\/","og_locale":"it_IT","og_type":"article","og_title":"Sac de transport Teckel Chocolat - Lucienne la Parisienne","og_description":"Les chiens adorent nous accompagner partout et les teckels encore plus ! Affectueux, proches de leurs ma\u00eetres et faciles \u00e0 transporter, ils sont les compagnons id\u00e9aux du quotidien. C\u2019est pourquoi le sac de transport devient vite indispensable si vous aimez emmener votre teckel avec vous, que ce soit en ville, [&hellip;]","og_url":"https:\/\/luciennelaparisienne.fr\/it\/prodotto\/sac-de-transport-teckel-chocolat-2\/","og_site_name":"Lucienne la Parisienne","article_modified_time":"2026-04-14T16:41:15+00:00","og_image":[{"width":1000,"height":1000,"url":"https:\/\/luciennelaparisienne.fr\/wp-content\/uploads\/2026\/02\/Emiliya-Sultan-13.jpg","type":"image\/jpeg"}],"twitter_card":"summary_large_image","twitter_misc":{"Tempo di lettura stimato":"3 minuti"},"schema":{"@context":"https:\/\/schema.org","@graph":[{"@type":"WebPage","@id":"https:\/\/luciennelaparisienne.fr\/produit\/sac-de-transport-teckel-chocolat-2\/","url":"https:\/\/luciennelaparisienne.fr\/produit\/sac-de-transport-teckel-chocolat-2\/","name":"Sac de transport Teckel Chocolat - Lucienne la Parisienne","isPartOf":{"@id":"https:\/\/luciennelaparisienne.fr\/#website"},"primaryImageOfPage":{"@id":"https:\/\/luciennelaparisienne.fr\/produit\/sac-de-transport-teckel-chocolat-2\/#primaryimage"},"image":{"@id":"https:\/\/luciennelaparisienne.fr\/produit\/sac-de-transport-teckel-chocolat-2\/#primaryimage"},"thumbnailUrl":"https:\/\/luciennelaparisienne.fr\/wp-content\/uploads\/2026\/02\/Emiliya-Sultan-13.jpg","datePublished":"2026-04-14T16:37:56+00:00","dateModified":"2026-04-14T16:41:15+00:00","breadcrumb":{"@id":"https:\/\/luciennelaparisienne.fr\/produit\/sac-de-transport-teckel-chocolat-2\/#breadcrumb"},"inLanguage":"it-IT","potentialAction":[{"@type":"ReadAction","target":["https:\/\/luciennelaparisienne.fr\/produit\/sac-de-transport-teckel-chocolat-2\/"]}]},{"@type":"ImageObject","inLanguage":"it-IT","@id":"https:\/\/luciennelaparisienne.fr\/produit\/sac-de-transport-teckel-chocolat-2\/#primaryimage","url":"https:\/\/luciennelaparisienne.fr\/wp-content\/uploads\/2026\/02\/Emiliya-Sultan-13.jpg","contentUrl":"https:\/\/luciennelaparisienne.fr\/wp-content\/uploads\/2026\/02\/Emiliya-Sultan-13.jpg","width":1000,"height":1000},{"@type":"BreadcrumbList","@id":"https:\/\/luciennelaparisienne.fr\/produit\/sac-de-transport-teckel-chocolat-2\/#breadcrumb","itemListElement":[{"@type":"ListItem","position":1,"name":"Accueil","item":"https:\/\/luciennelaparisienne.fr\/"},{"@type":"ListItem","position":2,"name":"Boutique","item":"https:\/\/luciennelaparisienne.fr\/shop\/"},{"@type":"ListItem","position":3,"name":"Sac de transport Teckel Chocolat"}]},{"@type":"WebSite","@id":"https:\/\/luciennelaparisienne.fr\/#website","url":"https:\/\/luciennelaparisienne.fr\/","name":"Lucienne la Parisienne","description":"Produits pour Teckels","potentialAction":[{"@type":"SearchAction","target":{"@type":"EntryPoint","urlTemplate":"https:\/\/luciennelaparisienne.fr\/?s={search_term_string}"},"query-input":{"@type":"PropertyValueSpecification","valueRequired":true,"valueName":"search_term_string"}}],"inLanguage":"it-IT"}]}},"_links":{"self":[{"href":"https:\/\/luciennelaparisienne.fr\/it\/wp-json\/wp\/v2\/product\/17202","targetHints":{"allow":["GET"]}}],"collection":[{"href":"https:\/\/luciennelaparisienne.fr\/it\/wp-json\/wp\/v2\/product"}],"about":[{"href":"https:\/\/luciennelaparisienne.fr\/it\/wp-json\/wp\/v2\/types\/product"}],"replies":[{"embeddable":true,"href":"https:\/\/luciennelaparisienne.fr\/it\/wp-json\/wp\/v2\/comments?post=17202"}],"wp:featuredmedia":[{"embeddable":true,"href":"https:\/\/luciennelaparisienne.fr\/it\/wp-json\/wp\/v2\/media\/17131"}],"wp:attachment":[{"href":"https:\/\/luciennelaparisienne.fr\/it\/wp-json\/wp\/v2\/media?parent=17202"}],"wp:term":[{"taxonomy":"product_brand","embeddable":true,"href":"https:\/\/luciennelaparisienne.fr\/it\/wp-json\/wp\/v2\/product_brand?post=17202"},{"taxonomy":"product_cat","embeddable":true,"href":"https:\/\/luciennelaparisienne.fr\/it\/wp-json\/wp\/v2\/product_cat?post=17202"},{"taxonomy":"product_tag","embeddable":true,"href":"https:\/\/luciennelaparisienne.fr\/it\/wp-json\/wp\/v2\/product_tag?post=17202"}],"curies":[{"name":"wp","href":"https:\/\/api.w.org\/{rel}","templated":true}]}}