{"id":4702,"date":"2023-09-20T18:04:33","date_gmt":"2023-09-20T16:04:33","guid":{"rendered":"https:\/\/luciennelaparisienne.fr\/?post_type=product&#038;p=4702"},"modified":"2026-04-23T17:57:59","modified_gmt":"2026-04-23T15:57:59","slug":"tapis-de-fouille","status":"publish","type":"product","link":"https:\/\/luciennelaparisienne.fr\/it\/prodotto\/tapis-de-fouille\/","title":{"rendered":"Tappetino da ricerca"},"content":{"rendered":"<p><strong>Tappetino da ricerca<\/strong><br \/>\n<span style=\"font-size: 10pt;\">I bassotti, con il loro istinto di cacciatori, hanno un olfatto eccezionale. Tuttavia, nella vita moderna, nelle case o appartamenti, i nostri cani non sono abbastanza stimolati. <\/span><span style=\"font-size: 10pt;\">Il tappetino da ricerca \u00e8 uno strumento e un giocattolo fantastico per intrattenere e stimolare mentalmente il tuo bassotto!<\/span><br \/>\n<span style=\"font-size: 10pt;\">L'obiettivo \u00e8 nascondere dei premi che il cane dovr\u00e0 trovare e liberare. Guida il tuo cane per aiutarlo a scoprire i nascondigli. Questo stimoler\u00e0 il suo olfatto e lo aiuter\u00e0 a consumare energie mentalmente. <\/span><br \/>\n<span style=\"font-size: 10pt;\">\u00c8 ideale per<strong>\u00a0<\/strong>stimolare l'intelletto dei nostri bassotti e tenerli occupati durante la nostra assenza. <\/span><span style=\"font-size: 10pt;\">Soprattutto se il tuo bassotto \u00e8 attivo, il tappeto da ricerca \u00e8 un modo fantastico per liberarsi della noia e sfogare la sua energia divertendosi a casa.<\/span><br \/>\n<span style=\"font-size: 10pt;\">Le tapis est compos\u00e9 de bandes en polaire qui sont nou\u00e9es sur un support de grillage en plastique. Tr\u00e8s facile \u00e0 laver et f<\/span><span style=\"font-size: 10pt;\">ait \u00e0 la main.<\/span><\/p>\n<p><strong>Caratteristiche:\u00a0<\/strong><span style=\"font-size: 10pt;\">100% poliestere resistente e facile da mantenere.<\/span><\/p>\n<p><strong>Manutenzione:\u00a0<\/strong><span style=\"font-size: 10pt;\">Lavaggio a mano o in lavatrice a 30 \u00b0C. Strizzatura e asciugatura leggera.<\/span><\/p>\n<p><strong>Dimensions :<\/strong> <span style=\"font-size: 10pt;\">40cmx40cm<\/span><\/p>\n<p>&nbsp;<\/p>","protected":false},"excerpt":{"rendered":"<p>Tapis de fouille Les teckels avec leurs instincts de chasse ont un excellent odorat. Mais dans la vie moderne, dans les maisons ou les appartements, nos chiens ne sont pas assez stimul\u00e9s. Le tapis de fouille est un formidable outil et jouet d\u2019occupation et de stimulation mentale pour eux ! [&hellip;]<\/p>","protected":false},"featured_media":5257,"comment_status":"open","ping_status":"closed","template":"","meta":{"inline_featured_image":false},"product_brand":[],"product_cat":[203,154,74,70],"product_tag":[],"class_list":{"0":"post-4702","1":"product","2":"type-product","3":"status-publish","4":"has-post-thumbnail","6":"product_cat-fin-de-collection","7":"product_cat-jouets-et-accessoires","8":"product_cat-pour-jouer","9":"product_cat-pour-nos-teckels","11":"first","12":"instock","13":"featured","14":"taxable","15":"shipping-taxable","16":"purchasable","17":"product-type-simple"},"yoast_head":"<!-- This site is optimized with the Yoast SEO plugin v26.6 - https:\/\/yoast.com\/wordpress\/plugins\/seo\/ -->\n<title>Tapis de fouille pour Chien &amp; chiot, Cr\u00e9ation Artisanale<\/title>\n<meta name=\"description\" content=\"Magnifiques v\u00eatements &amp; accessoires pour prendre soin de son chien. Produits con\u00e7us pour les teckels 100% artisanaux et fabriqu\u00e9s en France.\" \/>\n<meta name=\"robots\" content=\"index, follow, max-snippet:-1, max-image-preview:large, max-video-preview:-1\" \/>\n<link rel=\"canonical\" href=\"https:\/\/luciennelaparisienne.fr\/it\/prodotto\/tapis-de-fouille\/\" \/>\n<meta property=\"og:locale\" content=\"it_IT\" \/>\n<meta property=\"og:type\" content=\"article\" \/>\n<meta property=\"og:title\" content=\"Tapis de fouille pour Chien &amp; chiot, Cr\u00e9ation Artisanale\" \/>\n<meta property=\"og:description\" content=\"Magnifiques v\u00eatements &amp; accessoires pour prendre soin de son chien. Produits con\u00e7us pour les teckels 100% artisanaux et fabriqu\u00e9s en France.\" \/>\n<meta property=\"og:url\" content=\"https:\/\/luciennelaparisienne.fr\/it\/prodotto\/tapis-de-fouille\/\" \/>\n<meta property=\"og:site_name\" content=\"Lucienne la Parisienne\" \/>\n<meta property=\"article:modified_time\" content=\"2026-04-23T15:57:59+00:00\" \/>\n<meta property=\"og:image\" content=\"https:\/\/luciennelaparisienne.fr\/wp-content\/uploads\/2023\/09\/fouille-min.png\" \/>\n\t<meta property=\"og:image:width\" content=\"1000\" \/>\n\t<meta property=\"og:image:height\" content=\"1000\" \/>\n\t<meta property=\"og:image:type\" content=\"image\/png\" \/>\n<meta name=\"twitter:card\" content=\"summary_large_image\" \/>\n<meta name=\"twitter:label1\" content=\"Tempo di lettura stimato\" \/>\n\t<meta name=\"twitter:data1\" content=\"2 minuti\" \/>\n<script type=\"application\/ld+json\" class=\"yoast-schema-graph\">{\"@context\":\"https:\/\/schema.org\",\"@graph\":[{\"@type\":\"WebPage\",\"@id\":\"https:\/\/luciennelaparisienne.fr\/produit\/tapis-de-fouille\/\",\"url\":\"https:\/\/luciennelaparisienne.fr\/produit\/tapis-de-fouille\/\",\"name\":\"Tapis de fouille pour Chien & chiot, Cr\u00e9ation Artisanale\",\"isPartOf\":{\"@id\":\"https:\/\/luciennelaparisienne.fr\/#website\"},\"primaryImageOfPage\":{\"@id\":\"https:\/\/luciennelaparisienne.fr\/produit\/tapis-de-fouille\/#primaryimage\"},\"image\":{\"@id\":\"https:\/\/luciennelaparisienne.fr\/produit\/tapis-de-fouille\/#primaryimage\"},\"thumbnailUrl\":\"https:\/\/luciennelaparisienne.fr\/wp-content\/uploads\/2023\/09\/fouille-min.png\",\"datePublished\":\"2023-09-20T16:04:33+00:00\",\"dateModified\":\"2026-04-23T15:57:59+00:00\",\"description\":\"Magnifiques v\u00eatements & accessoires pour prendre soin de son chien. Produits con\u00e7us pour les teckels 100% artisanaux et fabriqu\u00e9s en France.\",\"breadcrumb\":{\"@id\":\"https:\/\/luciennelaparisienne.fr\/produit\/tapis-de-fouille\/#breadcrumb\"},\"inLanguage\":\"it-IT\",\"potentialAction\":[{\"@type\":\"ReadAction\",\"target\":[\"https:\/\/luciennelaparisienne.fr\/produit\/tapis-de-fouille\/\"]}]},{\"@type\":\"ImageObject\",\"inLanguage\":\"it-IT\",\"@id\":\"https:\/\/luciennelaparisienne.fr\/produit\/tapis-de-fouille\/#primaryimage\",\"url\":\"https:\/\/luciennelaparisienne.fr\/wp-content\/uploads\/2023\/09\/fouille-min.png\",\"contentUrl\":\"https:\/\/luciennelaparisienne.fr\/wp-content\/uploads\/2023\/09\/fouille-min.png\",\"width\":1000,\"height\":1000},{\"@type\":\"BreadcrumbList\",\"@id\":\"https:\/\/luciennelaparisienne.fr\/produit\/tapis-de-fouille\/#breadcrumb\",\"itemListElement\":[{\"@type\":\"ListItem\",\"position\":1,\"name\":\"Accueil\",\"item\":\"https:\/\/luciennelaparisienne.fr\/\"},{\"@type\":\"ListItem\",\"position\":2,\"name\":\"Boutique\",\"item\":\"https:\/\/luciennelaparisienne.fr\/shop\/\"},{\"@type\":\"ListItem\",\"position\":3,\"name\":\"Tapis de fouille\"}]},{\"@type\":\"WebSite\",\"@id\":\"https:\/\/luciennelaparisienne.fr\/#website\",\"url\":\"https:\/\/luciennelaparisienne.fr\/\",\"name\":\"Lucienne la Parisienne\",\"description\":\"Produits pour Teckels\",\"potentialAction\":[{\"@type\":\"SearchAction\",\"target\":{\"@type\":\"EntryPoint\",\"urlTemplate\":\"https:\/\/luciennelaparisienne.fr\/?s={search_term_string}\"},\"query-input\":{\"@type\":\"PropertyValueSpecification\",\"valueRequired\":true,\"valueName\":\"search_term_string\"}}],\"inLanguage\":\"it-IT\"}]}<\/script>\n<!-- \/ Yoast SEO plugin. -->","yoast_head_json":{"title":"Tapis de fouille pour Chien & chiot, Cr\u00e9ation Artisanale","description":"Magnifiques v\u00eatements & accessoires pour prendre soin de son chien. Produits con\u00e7us pour les teckels 100% artisanaux et fabriqu\u00e9s en France.","robots":{"index":"index","follow":"follow","max-snippet":"max-snippet:-1","max-image-preview":"max-image-preview:large","max-video-preview":"max-video-preview:-1"},"canonical":"https:\/\/luciennelaparisienne.fr\/it\/prodotto\/tapis-de-fouille\/","og_locale":"it_IT","og_type":"article","og_title":"Tapis de fouille pour Chien & chiot, Cr\u00e9ation Artisanale","og_description":"Magnifiques v\u00eatements & accessoires pour prendre soin de son chien. Produits con\u00e7us pour les teckels 100% artisanaux et fabriqu\u00e9s en France.","og_url":"https:\/\/luciennelaparisienne.fr\/it\/prodotto\/tapis-de-fouille\/","og_site_name":"Lucienne la Parisienne","article_modified_time":"2026-04-23T15:57:59+00:00","og_image":[{"width":1000,"height":1000,"url":"https:\/\/luciennelaparisienne.fr\/wp-content\/uploads\/2023\/09\/fouille-min.png","type":"image\/png"}],"twitter_card":"summary_large_image","twitter_misc":{"Tempo di lettura stimato":"2 minuti"},"schema":{"@context":"https:\/\/schema.org","@graph":[{"@type":"WebPage","@id":"https:\/\/luciennelaparisienne.fr\/produit\/tapis-de-fouille\/","url":"https:\/\/luciennelaparisienne.fr\/produit\/tapis-de-fouille\/","name":"Tapis de fouille pour Chien & chiot, Cr\u00e9ation Artisanale","isPartOf":{"@id":"https:\/\/luciennelaparisienne.fr\/#website"},"primaryImageOfPage":{"@id":"https:\/\/luciennelaparisienne.fr\/produit\/tapis-de-fouille\/#primaryimage"},"image":{"@id":"https:\/\/luciennelaparisienne.fr\/produit\/tapis-de-fouille\/#primaryimage"},"thumbnailUrl":"https:\/\/luciennelaparisienne.fr\/wp-content\/uploads\/2023\/09\/fouille-min.png","datePublished":"2023-09-20T16:04:33+00:00","dateModified":"2026-04-23T15:57:59+00:00","description":"Magnifiques v\u00eatements & accessoires pour prendre soin de son chien. Produits con\u00e7us pour les teckels 100% artisanaux et fabriqu\u00e9s en France.","breadcrumb":{"@id":"https:\/\/luciennelaparisienne.fr\/produit\/tapis-de-fouille\/#breadcrumb"},"inLanguage":"it-IT","potentialAction":[{"@type":"ReadAction","target":["https:\/\/luciennelaparisienne.fr\/produit\/tapis-de-fouille\/"]}]},{"@type":"ImageObject","inLanguage":"it-IT","@id":"https:\/\/luciennelaparisienne.fr\/produit\/tapis-de-fouille\/#primaryimage","url":"https:\/\/luciennelaparisienne.fr\/wp-content\/uploads\/2023\/09\/fouille-min.png","contentUrl":"https:\/\/luciennelaparisienne.fr\/wp-content\/uploads\/2023\/09\/fouille-min.png","width":1000,"height":1000},{"@type":"BreadcrumbList","@id":"https:\/\/luciennelaparisienne.fr\/produit\/tapis-de-fouille\/#breadcrumb","itemListElement":[{"@type":"ListItem","position":1,"name":"Accueil","item":"https:\/\/luciennelaparisienne.fr\/"},{"@type":"ListItem","position":2,"name":"Boutique","item":"https:\/\/luciennelaparisienne.fr\/shop\/"},{"@type":"ListItem","position":3,"name":"Tapis de fouille"}]},{"@type":"WebSite","@id":"https:\/\/luciennelaparisienne.fr\/#website","url":"https:\/\/luciennelaparisienne.fr\/","name":"Lucienne la Parisienne","description":"Produits pour Teckels","potentialAction":[{"@type":"SearchAction","target":{"@type":"EntryPoint","urlTemplate":"https:\/\/luciennelaparisienne.fr\/?s={search_term_string}"},"query-input":{"@type":"PropertyValueSpecification","valueRequired":true,"valueName":"search_term_string"}}],"inLanguage":"it-IT"}]}},"_links":{"self":[{"href":"https:\/\/luciennelaparisienne.fr\/it\/wp-json\/wp\/v2\/product\/4702","targetHints":{"allow":["GET"]}}],"collection":[{"href":"https:\/\/luciennelaparisienne.fr\/it\/wp-json\/wp\/v2\/product"}],"about":[{"href":"https:\/\/luciennelaparisienne.fr\/it\/wp-json\/wp\/v2\/types\/product"}],"replies":[{"embeddable":true,"href":"https:\/\/luciennelaparisienne.fr\/it\/wp-json\/wp\/v2\/comments?post=4702"}],"wp:featuredmedia":[{"embeddable":true,"href":"https:\/\/luciennelaparisienne.fr\/it\/wp-json\/wp\/v2\/media\/5257"}],"wp:attachment":[{"href":"https:\/\/luciennelaparisienne.fr\/it\/wp-json\/wp\/v2\/media?parent=4702"}],"wp:term":[{"taxonomy":"product_brand","embeddable":true,"href":"https:\/\/luciennelaparisienne.fr\/it\/wp-json\/wp\/v2\/product_brand?post=4702"},{"taxonomy":"product_cat","embeddable":true,"href":"https:\/\/luciennelaparisienne.fr\/it\/wp-json\/wp\/v2\/product_cat?post=4702"},{"taxonomy":"product_tag","embeddable":true,"href":"https:\/\/luciennelaparisienne.fr\/it\/wp-json\/wp\/v2\/product_tag?post=4702"}],"curies":[{"name":"wp","href":"https:\/\/api.w.org\/{rel}","templated":true}]}}