{"id":4732,"date":"2023-09-20T18:55:39","date_gmt":"2023-09-20T16:55:39","guid":{"rendered":"https:\/\/luciennelaparisienne.fr\/?post_type=product&#038;p=4732"},"modified":"2026-04-28T11:12:36","modified_gmt":"2026-04-28T09:12:36","slug":"panier-pour-la-voiture","status":"publish","type":"product","link":"https:\/\/luciennelaparisienne.fr\/it\/prodotto\/panier-pour-la-voiture\/","title":{"rendered":"Cesta per l'auto"},"content":{"rendered":"<hr \/>\n<p><strong>Cesta per l'auto<\/strong><br \/>\n<span style=\"font-weight: 400; font-size: 10pt;\">Lorsque vous partez en voyage, court ou long, avec votre teckel, il est important que votre chien soit confortablement install\u00e9 lui aussi.<\/span><br \/>\n<span style=\"font-weight: 400; font-size: 10pt;\">Notre panier de voiture est id\u00e9al pour le confort de votre chien pendant les trajets. Il dispose de bords sur\u00e9lev\u00e9s pour lui donner une sensation de nid douillet.<\/span><br \/>\n<span style=\"font-weight: 400; font-size: 10pt;\">Le si\u00e8ge est facile \u00e0 installer \u00e0 l&rsquo;avant comme \u00e0 l&rsquo;arri\u00e8re. Il suffit de passer la ceinture de s\u00e9curit\u00e9 dans les sangles dorsales pour bien le fixer. Deux fixations suppl\u00e9mentaires sont pr\u00e9vues pour prot\u00e9ger votre chien en cas de freinage. <\/span><span style=\"font-weight: 400; font-size: 10pt;\">Vous pouvez \u00e9galement fixer le si\u00e8ge avec deux sangles seulement et attacher votre chien directement \u00e0 la ceinture de s\u00e9curit\u00e9 \u00e0 l&rsquo;aide d&rsquo;un adaptateur d\u00e9di\u00e9.<\/span><br \/>\n<span style=\"font-weight: 400; font-size: 10pt;\">En voyage, ce si\u00e8ge peut remplacer le panier pour dormir. Une poign\u00e9e permet de le d\u00e9placer facilement, et deux poches lat\u00e9rales sont disponibles pour ranger les accessoires de votre chien.<\/span><br \/>\n<span style=\"font-size: 10pt;\"><em>*Attention ! Pour la s\u00e9curit\u00e9 de votre chien, il doit \u00eatre plac\u00e9 dans une cage ferm\u00e9. Il ne s&rsquo;agit pas d&rsquo;un si\u00e8ge auto, seulement d&rsquo;un panier pour le confort de voyage.<\/em><\/span><\/p>\n<p><b>Caratteristiche: <\/b><span style=\"font-size: 10pt;\">Ext\u00e9rieur : tissu imperm\u00e9able.<\/span><br \/>\n<span style=\"font-size: 10pt;\">Int\u00e9rieur : velours d&rsquo;ameublement anti-taches, anti-griffures.<\/span><br \/>\n<span style=\"font-size: 10pt;\">Remplissage en <span style=\"font-weight: 400;\">flocons de fibres hypoallerg\u00e9niques anti-boulochage, qui conservent leur forme m\u00eame apr\u00e8s les lavages.<\/span><\/span><br \/>\n<span style=\"font-weight: 400; font-size: 10pt;\">Coussin amovible et lavable. <\/span><\/p>\n<p><b>Manutenzione: <\/b><span style=\"font-size: 10pt;\"><span style=\"font-weight: 400;\">Lavage en machine \u00e0 30 \u00b0C. <\/span><span style=\"font-weight: 400;\">S\u00e9chage l\u00e9ger recommand\u00e9. <\/span><span style=\"font-weight: 400;\">Pour les petites taches du quotidien, une \u00e9ponge humide suffit.\u00a0<\/span><\/span><br \/>\n<b><\/b><\/p>\n<p><b>Dimensions :\u00a0<\/b><br \/>\n<span style=\"font-size: 10pt;\"><span style=\"font-weight: 400;\">M : Largeur : 40 cm, <\/span><span style=\"font-weight: 400;\">Profondeur : 30 cm, <\/span><span style=\"font-weight: 400;\">Hauteur des bords : 23 cm, <\/span><span style=\"font-weight: 400;\">Hauteur du dossier : 40 cm (<\/span><span style=\"font-weight: 400;\">convient aux chiens de 3 \u00e0 5,5 kg)<\/span><\/span><br \/>\n<span style=\"font-size: 10pt;\"><span style=\"font-weight: 400;\">L : Largeur : 55 cm, <\/span><span style=\"font-weight: 400;\">Profondeur : 35 cm, <\/span><span style=\"font-weight: 400;\">Hauteur des bords : 25 cm, <\/span><span style=\"font-weight: 400;\">Hauteur du dossier : 45 cm (convient aux chiens de 6kg et plus)<\/span><\/span><\/p>\n<p><em><span style=\"font-size: 10pt;\">Merci de noter que les couleurs visibles sur les photos peuvent l\u00e9g\u00e8rement varier selon les \u00e9crans.<\/span><\/em><\/p>","protected":false},"excerpt":{"rendered":"<p>Panier pour la voiture Lorsque vous partez en voyage, court ou long, avec votre teckel, il est important que votre chien soit confortablement install\u00e9 lui aussi. Notre panier de voiture est id\u00e9al pour le confort de votre chien pendant les trajets. Il dispose de bords sur\u00e9lev\u00e9s pour lui donner une [&hellip;]<\/p>","protected":false},"featured_media":13128,"comment_status":"open","ping_status":"closed","template":"","meta":{"inline_featured_image":false},"product_brand":[],"product_cat":[150,70,73],"product_tag":[],"class_list":{"0":"post-4732","1":"product","2":"type-product","3":"status-publish","4":"has-post-thumbnail","6":"product_cat-paniers-coussins-niches-paniers-voiture","7":"product_cat-pour-nos-teckels","8":"product_cat-pour-voyager","10":"first","11":"instock","12":"featured","13":"taxable","14":"shipping-taxable","15":"purchasable","16":"product-type-variable"},"yoast_head":"<!-- This site is optimized with the Yoast SEO plugin v26.6 - https:\/\/yoast.com\/wordpress\/plugins\/seo\/ -->\n<title>Si\u00e8ge auto pour Chien &amp; chiot | Lucienne la Parisienne<\/title>\n<meta name=\"description\" content=\"Magnifiques v\u00eatements &amp; accessoires pour prendre soin de son chien. Produits con\u00e7us pour les teckels 100% artisanaux et fabriqu\u00e9s en France.\" \/>\n<meta name=\"robots\" content=\"index, follow, max-snippet:-1, max-image-preview:large, max-video-preview:-1\" \/>\n<link rel=\"canonical\" href=\"https:\/\/luciennelaparisienne.fr\/it\/prodotto\/panier-pour-la-voiture\/\" \/>\n<meta property=\"og:locale\" content=\"it_IT\" \/>\n<meta property=\"og:type\" content=\"article\" \/>\n<meta property=\"og:title\" content=\"Si\u00e8ge auto pour Chien &amp; chiot | Lucienne la Parisienne\" \/>\n<meta property=\"og:description\" content=\"Magnifiques v\u00eatements &amp; accessoires pour prendre soin de son chien. Produits con\u00e7us pour les teckels 100% artisanaux et fabriqu\u00e9s en France.\" \/>\n<meta property=\"og:url\" content=\"https:\/\/luciennelaparisienne.fr\/it\/prodotto\/panier-pour-la-voiture\/\" \/>\n<meta property=\"og:site_name\" content=\"Lucienne la Parisienne\" \/>\n<meta property=\"article:modified_time\" content=\"2026-04-28T09:12:36+00:00\" \/>\n<meta property=\"og:image\" content=\"https:\/\/luciennelaparisienne.fr\/wp-content\/uploads\/2024\/11\/DSC03765.jpg\" \/>\n\t<meta property=\"og:image:width\" content=\"1000\" \/>\n\t<meta property=\"og:image:height\" content=\"1000\" \/>\n\t<meta property=\"og:image:type\" content=\"image\/jpeg\" \/>\n<meta name=\"twitter:card\" content=\"summary_large_image\" \/>\n<meta name=\"twitter:label1\" content=\"Tempo di lettura stimato\" \/>\n\t<meta name=\"twitter:data1\" content=\"2 minuti\" \/>\n<script type=\"application\/ld+json\" class=\"yoast-schema-graph\">{\"@context\":\"https:\/\/schema.org\",\"@graph\":[{\"@type\":\"WebPage\",\"@id\":\"https:\/\/luciennelaparisienne.fr\/produit\/panier-pour-la-voiture\/\",\"url\":\"https:\/\/luciennelaparisienne.fr\/produit\/panier-pour-la-voiture\/\",\"name\":\"Si\u00e8ge auto pour Chien & chiot | Lucienne la Parisienne\",\"isPartOf\":{\"@id\":\"https:\/\/luciennelaparisienne.fr\/#website\"},\"primaryImageOfPage\":{\"@id\":\"https:\/\/luciennelaparisienne.fr\/produit\/panier-pour-la-voiture\/#primaryimage\"},\"image\":{\"@id\":\"https:\/\/luciennelaparisienne.fr\/produit\/panier-pour-la-voiture\/#primaryimage\"},\"thumbnailUrl\":\"https:\/\/luciennelaparisienne.fr\/wp-content\/uploads\/2024\/11\/DSC03765.jpg\",\"datePublished\":\"2023-09-20T16:55:39+00:00\",\"dateModified\":\"2026-04-28T09:12:36+00:00\",\"description\":\"Magnifiques v\u00eatements & accessoires pour prendre soin de son chien. Produits con\u00e7us pour les teckels 100% artisanaux et fabriqu\u00e9s en France.\",\"breadcrumb\":{\"@id\":\"https:\/\/luciennelaparisienne.fr\/produit\/panier-pour-la-voiture\/#breadcrumb\"},\"inLanguage\":\"it-IT\",\"potentialAction\":[{\"@type\":\"ReadAction\",\"target\":[\"https:\/\/luciennelaparisienne.fr\/produit\/panier-pour-la-voiture\/\"]}]},{\"@type\":\"ImageObject\",\"inLanguage\":\"it-IT\",\"@id\":\"https:\/\/luciennelaparisienne.fr\/produit\/panier-pour-la-voiture\/#primaryimage\",\"url\":\"https:\/\/luciennelaparisienne.fr\/wp-content\/uploads\/2024\/11\/DSC03765.jpg\",\"contentUrl\":\"https:\/\/luciennelaparisienne.fr\/wp-content\/uploads\/2024\/11\/DSC03765.jpg\",\"width\":1000,\"height\":1000},{\"@type\":\"BreadcrumbList\",\"@id\":\"https:\/\/luciennelaparisienne.fr\/produit\/panier-pour-la-voiture\/#breadcrumb\",\"itemListElement\":[{\"@type\":\"ListItem\",\"position\":1,\"name\":\"Accueil\",\"item\":\"https:\/\/luciennelaparisienne.fr\/\"},{\"@type\":\"ListItem\",\"position\":2,\"name\":\"Boutique\",\"item\":\"https:\/\/luciennelaparisienne.fr\/shop\/\"},{\"@type\":\"ListItem\",\"position\":3,\"name\":\"Panier pour la voiture\"}]},{\"@type\":\"WebSite\",\"@id\":\"https:\/\/luciennelaparisienne.fr\/#website\",\"url\":\"https:\/\/luciennelaparisienne.fr\/\",\"name\":\"Lucienne la Parisienne\",\"description\":\"Produits pour Teckels\",\"potentialAction\":[{\"@type\":\"SearchAction\",\"target\":{\"@type\":\"EntryPoint\",\"urlTemplate\":\"https:\/\/luciennelaparisienne.fr\/?s={search_term_string}\"},\"query-input\":{\"@type\":\"PropertyValueSpecification\",\"valueRequired\":true,\"valueName\":\"search_term_string\"}}],\"inLanguage\":\"it-IT\"}]}<\/script>\n<!-- \/ Yoast SEO plugin. -->","yoast_head_json":{"title":"Si\u00e8ge auto pour Chien & chiot | Lucienne la Parisienne","description":"Magnifiques v\u00eatements & accessoires pour prendre soin de son chien. Produits con\u00e7us pour les teckels 100% artisanaux et fabriqu\u00e9s en France.","robots":{"index":"index","follow":"follow","max-snippet":"max-snippet:-1","max-image-preview":"max-image-preview:large","max-video-preview":"max-video-preview:-1"},"canonical":"https:\/\/luciennelaparisienne.fr\/it\/prodotto\/panier-pour-la-voiture\/","og_locale":"it_IT","og_type":"article","og_title":"Si\u00e8ge auto pour Chien & chiot | Lucienne la Parisienne","og_description":"Magnifiques v\u00eatements & accessoires pour prendre soin de son chien. Produits con\u00e7us pour les teckels 100% artisanaux et fabriqu\u00e9s en France.","og_url":"https:\/\/luciennelaparisienne.fr\/it\/prodotto\/panier-pour-la-voiture\/","og_site_name":"Lucienne la Parisienne","article_modified_time":"2026-04-28T09:12:36+00:00","og_image":[{"width":1000,"height":1000,"url":"https:\/\/luciennelaparisienne.fr\/wp-content\/uploads\/2024\/11\/DSC03765.jpg","type":"image\/jpeg"}],"twitter_card":"summary_large_image","twitter_misc":{"Tempo di lettura stimato":"2 minuti"},"schema":{"@context":"https:\/\/schema.org","@graph":[{"@type":"WebPage","@id":"https:\/\/luciennelaparisienne.fr\/produit\/panier-pour-la-voiture\/","url":"https:\/\/luciennelaparisienne.fr\/produit\/panier-pour-la-voiture\/","name":"Si\u00e8ge auto pour Chien & chiot | Lucienne la Parisienne","isPartOf":{"@id":"https:\/\/luciennelaparisienne.fr\/#website"},"primaryImageOfPage":{"@id":"https:\/\/luciennelaparisienne.fr\/produit\/panier-pour-la-voiture\/#primaryimage"},"image":{"@id":"https:\/\/luciennelaparisienne.fr\/produit\/panier-pour-la-voiture\/#primaryimage"},"thumbnailUrl":"https:\/\/luciennelaparisienne.fr\/wp-content\/uploads\/2024\/11\/DSC03765.jpg","datePublished":"2023-09-20T16:55:39+00:00","dateModified":"2026-04-28T09:12:36+00:00","description":"Magnifiques v\u00eatements & accessoires pour prendre soin de son chien. Produits con\u00e7us pour les teckels 100% artisanaux et fabriqu\u00e9s en France.","breadcrumb":{"@id":"https:\/\/luciennelaparisienne.fr\/produit\/panier-pour-la-voiture\/#breadcrumb"},"inLanguage":"it-IT","potentialAction":[{"@type":"ReadAction","target":["https:\/\/luciennelaparisienne.fr\/produit\/panier-pour-la-voiture\/"]}]},{"@type":"ImageObject","inLanguage":"it-IT","@id":"https:\/\/luciennelaparisienne.fr\/produit\/panier-pour-la-voiture\/#primaryimage","url":"https:\/\/luciennelaparisienne.fr\/wp-content\/uploads\/2024\/11\/DSC03765.jpg","contentUrl":"https:\/\/luciennelaparisienne.fr\/wp-content\/uploads\/2024\/11\/DSC03765.jpg","width":1000,"height":1000},{"@type":"BreadcrumbList","@id":"https:\/\/luciennelaparisienne.fr\/produit\/panier-pour-la-voiture\/#breadcrumb","itemListElement":[{"@type":"ListItem","position":1,"name":"Accueil","item":"https:\/\/luciennelaparisienne.fr\/"},{"@type":"ListItem","position":2,"name":"Boutique","item":"https:\/\/luciennelaparisienne.fr\/shop\/"},{"@type":"ListItem","position":3,"name":"Panier pour la voiture"}]},{"@type":"WebSite","@id":"https:\/\/luciennelaparisienne.fr\/#website","url":"https:\/\/luciennelaparisienne.fr\/","name":"Lucienne la Parisienne","description":"Produits pour Teckels","potentialAction":[{"@type":"SearchAction","target":{"@type":"EntryPoint","urlTemplate":"https:\/\/luciennelaparisienne.fr\/?s={search_term_string}"},"query-input":{"@type":"PropertyValueSpecification","valueRequired":true,"valueName":"search_term_string"}}],"inLanguage":"it-IT"}]}},"_links":{"self":[{"href":"https:\/\/luciennelaparisienne.fr\/it\/wp-json\/wp\/v2\/product\/4732","targetHints":{"allow":["GET"]}}],"collection":[{"href":"https:\/\/luciennelaparisienne.fr\/it\/wp-json\/wp\/v2\/product"}],"about":[{"href":"https:\/\/luciennelaparisienne.fr\/it\/wp-json\/wp\/v2\/types\/product"}],"replies":[{"embeddable":true,"href":"https:\/\/luciennelaparisienne.fr\/it\/wp-json\/wp\/v2\/comments?post=4732"}],"wp:featuredmedia":[{"embeddable":true,"href":"https:\/\/luciennelaparisienne.fr\/it\/wp-json\/wp\/v2\/media\/13128"}],"wp:attachment":[{"href":"https:\/\/luciennelaparisienne.fr\/it\/wp-json\/wp\/v2\/media?parent=4732"}],"wp:term":[{"taxonomy":"product_brand","embeddable":true,"href":"https:\/\/luciennelaparisienne.fr\/it\/wp-json\/wp\/v2\/product_brand?post=4732"},{"taxonomy":"product_cat","embeddable":true,"href":"https:\/\/luciennelaparisienne.fr\/it\/wp-json\/wp\/v2\/product_cat?post=4732"},{"taxonomy":"product_tag","embeddable":true,"href":"https:\/\/luciennelaparisienne.fr\/it\/wp-json\/wp\/v2\/product_tag?post=4732"}],"curies":[{"name":"wp","href":"https:\/\/api.w.org\/{rel}","templated":true}]}}