{"id":6938,"date":"2023-12-06T11:50:07","date_gmt":"2023-12-06T10:50:07","guid":{"rendered":"https:\/\/luciennelaparisienne.fr\/?post_type=product&#038;p=6938"},"modified":"2026-03-31T17:59:06","modified_gmt":"2026-03-31T15:59:06","slug":"noeud-papillon-pour-teckels","status":"publish","type":"product","link":"https:\/\/luciennelaparisienne.fr\/it\/prodotto\/noeud-papillon-pour-teckels\/","title":{"rendered":"Papillon per bassotti"},"content":{"rendered":"<p>Adorate il vostro bassotto e volete che sia bellissimo per festeggiare il Natale con voi?<\/p>\n<p>Lucienne la Parisienne ha pensato al vostro compagno e ha preparato i Papillon per il vostro bassotto.<\/p>\n<p>In tessuto scozzese o a quadretti beige, i Papillon si attaccano e si staccano facilmente dal collare grazie al velcro.<\/p>\n<p>Inviato in una confezione regalo a tubo rosso.<\/p>\n<p>Fatto a mano a Parigi.<\/p>\n<p>Disponibile in due colori: Scozzese rosso e Scozzese beige.<\/p>\n<p>Tessuto: 84% Poliestere, 16% Viscosa<\/p>\n<p>Lavaggio a mano o in lavatrice a 30 \u00b0C. Strizzatura e asciugatura leggera.<\/p>\n<p>Taglia: 12 cm<\/p>","protected":false},"excerpt":{"rendered":"<p>Vous adorez votre teckel et vous voulez qu\u2019il soit tout beau pour f\u00eater Noel avec vous ? Lucienne la Parisienne a pens\u00e9 \u00e0 votre compagnon et a pr\u00e9par\u00e9 les N\u0153uds Papillons pour votre teckel. En \u00e9coss\u00e9 ou en carreaux beiges, les N\u0153uds s\u2019attachent et d\u00e9tachent sur le collier avec les [&hellip;]<\/p>","protected":false},"featured_media":12685,"comment_status":"open","ping_status":"closed","template":"","meta":{"inline_featured_image":false},"product_brand":[],"product_cat":[162,154,70,72],"product_tag":[],"class_list":{"0":"post-6938","1":"product","2":"type-product","3":"status-publish","4":"has-post-thumbnail","6":"product_cat-christmas","7":"product_cat-jouets-et-accessoires","8":"product_cat-pour-nos-teckels","9":"product_cat-pour-shabiller","11":"first","12":"instock","13":"featured","14":"taxable","15":"shipping-taxable","16":"purchasable","17":"product-type-variable"},"yoast_head":"<!-- This site is optimized with the Yoast SEO plugin v26.6 - https:\/\/yoast.com\/wordpress\/plugins\/seo\/ -->\n<title>N\u0153ud Papillon pour Chien, Teckel | Lucienne la Parisienne<\/title>\n<meta name=\"description\" content=\"Magnifiques v\u00eatements &amp; accessoires pour prendre soin de son chien. Produits con\u00e7us pour les teckels 100% artisanaux et fabriqu\u00e9s en France.\" \/>\n<meta name=\"robots\" content=\"index, follow, max-snippet:-1, max-image-preview:large, max-video-preview:-1\" \/>\n<link rel=\"canonical\" href=\"https:\/\/luciennelaparisienne.fr\/it\/prodotto\/noeud-papillon-pour-teckels\/\" \/>\n<meta property=\"og:locale\" content=\"it_IT\" \/>\n<meta property=\"og:type\" content=\"article\" \/>\n<meta property=\"og:title\" content=\"N\u0153ud Papillon pour Chien, Teckel | Lucienne la Parisienne\" \/>\n<meta property=\"og:description\" content=\"Magnifiques v\u00eatements &amp; accessoires pour prendre soin de son chien. Produits con\u00e7us pour les teckels 100% artisanaux et fabriqu\u00e9s en France.\" \/>\n<meta property=\"og:url\" content=\"https:\/\/luciennelaparisienne.fr\/it\/prodotto\/noeud-papillon-pour-teckels\/\" \/>\n<meta property=\"og:site_name\" content=\"Lucienne la Parisienne\" \/>\n<meta property=\"article:modified_time\" content=\"2026-03-31T15:59:06+00:00\" \/>\n<meta property=\"og:image\" content=\"https:\/\/luciennelaparisienne.fr\/wp-content\/uploads\/2023\/12\/photo_2024-12-16_19-44-48.jpg\" \/>\n\t<meta property=\"og:image:width\" content=\"1143\" \/>\n\t<meta property=\"og:image:height\" content=\"1280\" \/>\n\t<meta property=\"og:image:type\" content=\"image\/jpeg\" \/>\n<meta name=\"twitter:card\" content=\"summary_large_image\" \/>\n<meta name=\"twitter:label1\" content=\"Tempo di lettura stimato\" \/>\n\t<meta name=\"twitter:data1\" content=\"1 minuto\" \/>\n<script type=\"application\/ld+json\" class=\"yoast-schema-graph\">{\"@context\":\"https:\/\/schema.org\",\"@graph\":[{\"@type\":\"WebPage\",\"@id\":\"https:\/\/luciennelaparisienne.fr\/produit\/noeud-papillon-pour-teckels\/\",\"url\":\"https:\/\/luciennelaparisienne.fr\/produit\/noeud-papillon-pour-teckels\/\",\"name\":\"N\u0153ud Papillon pour Chien, Teckel | Lucienne la Parisienne\",\"isPartOf\":{\"@id\":\"https:\/\/luciennelaparisienne.fr\/#website\"},\"primaryImageOfPage\":{\"@id\":\"https:\/\/luciennelaparisienne.fr\/produit\/noeud-papillon-pour-teckels\/#primaryimage\"},\"image\":{\"@id\":\"https:\/\/luciennelaparisienne.fr\/produit\/noeud-papillon-pour-teckels\/#primaryimage\"},\"thumbnailUrl\":\"https:\/\/luciennelaparisienne.fr\/wp-content\/uploads\/2023\/12\/photo_2024-12-16_19-44-48.jpg\",\"datePublished\":\"2023-12-06T10:50:07+00:00\",\"dateModified\":\"2026-03-31T15:59:06+00:00\",\"description\":\"Magnifiques v\u00eatements & accessoires pour prendre soin de son chien. Produits con\u00e7us pour les teckels 100% artisanaux et fabriqu\u00e9s en France.\",\"breadcrumb\":{\"@id\":\"https:\/\/luciennelaparisienne.fr\/produit\/noeud-papillon-pour-teckels\/#breadcrumb\"},\"inLanguage\":\"it-IT\",\"potentialAction\":[{\"@type\":\"ReadAction\",\"target\":[\"https:\/\/luciennelaparisienne.fr\/produit\/noeud-papillon-pour-teckels\/\"]}]},{\"@type\":\"ImageObject\",\"inLanguage\":\"it-IT\",\"@id\":\"https:\/\/luciennelaparisienne.fr\/produit\/noeud-papillon-pour-teckels\/#primaryimage\",\"url\":\"https:\/\/luciennelaparisienne.fr\/wp-content\/uploads\/2023\/12\/photo_2024-12-16_19-44-48.jpg\",\"contentUrl\":\"https:\/\/luciennelaparisienne.fr\/wp-content\/uploads\/2023\/12\/photo_2024-12-16_19-44-48.jpg\",\"width\":1143,\"height\":1280},{\"@type\":\"BreadcrumbList\",\"@id\":\"https:\/\/luciennelaparisienne.fr\/produit\/noeud-papillon-pour-teckels\/#breadcrumb\",\"itemListElement\":[{\"@type\":\"ListItem\",\"position\":1,\"name\":\"Accueil\",\"item\":\"https:\/\/luciennelaparisienne.fr\/\"},{\"@type\":\"ListItem\",\"position\":2,\"name\":\"Boutique\",\"item\":\"https:\/\/luciennelaparisienne.fr\/shop\/\"},{\"@type\":\"ListItem\",\"position\":3,\"name\":\"N\u0153ud Papillon pour teckels\"}]},{\"@type\":\"WebSite\",\"@id\":\"https:\/\/luciennelaparisienne.fr\/#website\",\"url\":\"https:\/\/luciennelaparisienne.fr\/\",\"name\":\"Lucienne la Parisienne\",\"description\":\"Produits pour Teckels\",\"potentialAction\":[{\"@type\":\"SearchAction\",\"target\":{\"@type\":\"EntryPoint\",\"urlTemplate\":\"https:\/\/luciennelaparisienne.fr\/?s={search_term_string}\"},\"query-input\":{\"@type\":\"PropertyValueSpecification\",\"valueRequired\":true,\"valueName\":\"search_term_string\"}}],\"inLanguage\":\"it-IT\"}]}<\/script>\n<!-- \/ Yoast SEO plugin. -->","yoast_head_json":{"title":"N\u0153ud Papillon pour Chien, Teckel | Lucienne la Parisienne","description":"Magnifiques v\u00eatements & accessoires pour prendre soin de son chien. Produits con\u00e7us pour les teckels 100% artisanaux et fabriqu\u00e9s en France.","robots":{"index":"index","follow":"follow","max-snippet":"max-snippet:-1","max-image-preview":"max-image-preview:large","max-video-preview":"max-video-preview:-1"},"canonical":"https:\/\/luciennelaparisienne.fr\/it\/prodotto\/noeud-papillon-pour-teckels\/","og_locale":"it_IT","og_type":"article","og_title":"N\u0153ud Papillon pour Chien, Teckel | Lucienne la Parisienne","og_description":"Magnifiques v\u00eatements & accessoires pour prendre soin de son chien. Produits con\u00e7us pour les teckels 100% artisanaux et fabriqu\u00e9s en France.","og_url":"https:\/\/luciennelaparisienne.fr\/it\/prodotto\/noeud-papillon-pour-teckels\/","og_site_name":"Lucienne la Parisienne","article_modified_time":"2026-03-31T15:59:06+00:00","og_image":[{"width":1143,"height":1280,"url":"https:\/\/luciennelaparisienne.fr\/wp-content\/uploads\/2023\/12\/photo_2024-12-16_19-44-48.jpg","type":"image\/jpeg"}],"twitter_card":"summary_large_image","twitter_misc":{"Tempo di lettura stimato":"1 minuto"},"schema":{"@context":"https:\/\/schema.org","@graph":[{"@type":"WebPage","@id":"https:\/\/luciennelaparisienne.fr\/produit\/noeud-papillon-pour-teckels\/","url":"https:\/\/luciennelaparisienne.fr\/produit\/noeud-papillon-pour-teckels\/","name":"N\u0153ud Papillon pour Chien, Teckel | Lucienne la Parisienne","isPartOf":{"@id":"https:\/\/luciennelaparisienne.fr\/#website"},"primaryImageOfPage":{"@id":"https:\/\/luciennelaparisienne.fr\/produit\/noeud-papillon-pour-teckels\/#primaryimage"},"image":{"@id":"https:\/\/luciennelaparisienne.fr\/produit\/noeud-papillon-pour-teckels\/#primaryimage"},"thumbnailUrl":"https:\/\/luciennelaparisienne.fr\/wp-content\/uploads\/2023\/12\/photo_2024-12-16_19-44-48.jpg","datePublished":"2023-12-06T10:50:07+00:00","dateModified":"2026-03-31T15:59:06+00:00","description":"Magnifiques v\u00eatements & accessoires pour prendre soin de son chien. Produits con\u00e7us pour les teckels 100% artisanaux et fabriqu\u00e9s en France.","breadcrumb":{"@id":"https:\/\/luciennelaparisienne.fr\/produit\/noeud-papillon-pour-teckels\/#breadcrumb"},"inLanguage":"it-IT","potentialAction":[{"@type":"ReadAction","target":["https:\/\/luciennelaparisienne.fr\/produit\/noeud-papillon-pour-teckels\/"]}]},{"@type":"ImageObject","inLanguage":"it-IT","@id":"https:\/\/luciennelaparisienne.fr\/produit\/noeud-papillon-pour-teckels\/#primaryimage","url":"https:\/\/luciennelaparisienne.fr\/wp-content\/uploads\/2023\/12\/photo_2024-12-16_19-44-48.jpg","contentUrl":"https:\/\/luciennelaparisienne.fr\/wp-content\/uploads\/2023\/12\/photo_2024-12-16_19-44-48.jpg","width":1143,"height":1280},{"@type":"BreadcrumbList","@id":"https:\/\/luciennelaparisienne.fr\/produit\/noeud-papillon-pour-teckels\/#breadcrumb","itemListElement":[{"@type":"ListItem","position":1,"name":"Accueil","item":"https:\/\/luciennelaparisienne.fr\/"},{"@type":"ListItem","position":2,"name":"Boutique","item":"https:\/\/luciennelaparisienne.fr\/shop\/"},{"@type":"ListItem","position":3,"name":"N\u0153ud Papillon pour teckels"}]},{"@type":"WebSite","@id":"https:\/\/luciennelaparisienne.fr\/#website","url":"https:\/\/luciennelaparisienne.fr\/","name":"Lucienne la Parisienne","description":"Produits pour Teckels","potentialAction":[{"@type":"SearchAction","target":{"@type":"EntryPoint","urlTemplate":"https:\/\/luciennelaparisienne.fr\/?s={search_term_string}"},"query-input":{"@type":"PropertyValueSpecification","valueRequired":true,"valueName":"search_term_string"}}],"inLanguage":"it-IT"}]}},"_links":{"self":[{"href":"https:\/\/luciennelaparisienne.fr\/it\/wp-json\/wp\/v2\/product\/6938","targetHints":{"allow":["GET"]}}],"collection":[{"href":"https:\/\/luciennelaparisienne.fr\/it\/wp-json\/wp\/v2\/product"}],"about":[{"href":"https:\/\/luciennelaparisienne.fr\/it\/wp-json\/wp\/v2\/types\/product"}],"replies":[{"embeddable":true,"href":"https:\/\/luciennelaparisienne.fr\/it\/wp-json\/wp\/v2\/comments?post=6938"}],"wp:featuredmedia":[{"embeddable":true,"href":"https:\/\/luciennelaparisienne.fr\/it\/wp-json\/wp\/v2\/media\/12685"}],"wp:attachment":[{"href":"https:\/\/luciennelaparisienne.fr\/it\/wp-json\/wp\/v2\/media?parent=6938"}],"wp:term":[{"taxonomy":"product_brand","embeddable":true,"href":"https:\/\/luciennelaparisienne.fr\/it\/wp-json\/wp\/v2\/product_brand?post=6938"},{"taxonomy":"product_cat","embeddable":true,"href":"https:\/\/luciennelaparisienne.fr\/it\/wp-json\/wp\/v2\/product_cat?post=6938"},{"taxonomy":"product_tag","embeddable":true,"href":"https:\/\/luciennelaparisienne.fr\/it\/wp-json\/wp\/v2\/product_tag?post=6938"}],"curies":[{"name":"wp","href":"https:\/\/api.w.org\/{rel}","templated":true}]}}