{"id":9629,"date":"2024-10-07T17:41:50","date_gmt":"2024-10-07T15:41:50","guid":{"rendered":"https:\/\/luciennelaparisienne.fr\/?post_type=product&#038;p=9629"},"modified":"2026-03-17T17:06:16","modified_gmt":"2026-03-17T16:06:16","slug":"doudoune-edelweiss","status":"publish","type":"product","link":"https:\/\/luciennelaparisienne.fr\/it\/prodotto\/doudoune-edelweiss\/","title":{"rendered":"Doudoune Edelweiss"},"content":{"rendered":"<p>La doudoune Edelweiss est un manteau \u00e0 la fois chaud, tr\u00e8s l\u00e9ger et impermeable.<\/p>\n<p>Protegger\u00e0 e riscalder\u00e0 il tuo teckel durante i periodi di freddo, secco o pioggia.<\/p>\n<p>Il cappotto copre tutta la schiena e ha un colletto alto intorno al collo per mantenere bene il calore.<\/p>\n<p>Il materiale \u00e8 idrorepellente, la piumino \u00e8 molto caldo ed \u00e8 perfetto per i teckel freddolosi o che amano passare le vacanze sulla neve! Finalmente il tuo teckel pu\u00f2 godersi la neve!<\/p>\n<p>Remplissage en polyester donc lavage et s\u00e9chage facile et rapide. En int\u00e9rieur elle est en polaire tr\u00e8s doux.<\/p>\n<p>\u00c8 previsto un'apertura per l'imbracatura sulla parte superiore della giacca. C'\u00e8 anche un secondo foro per il collare all'altezza della base del collo.<\/p>\n<p>Molto facile da indossare, basta farla scivolare sulla testa del tuo cane.<\/p>\n<p>Si chiude con una fibbia e cinturini regolabili sulla schiena. Ci sono due elastici regolabili per fissare il cappotto alle zampe per chi lo preferisce.<\/p>\n<p>Caratteristiche:<\/p>\n<p>Colore: rosso, nero, blu scuro, giallo e nero sul ventre.<\/p>\n<p>Tessuto: 84% Poliestere, 16% Poliamide<\/p>\n<p>Lavaggio a mano o in lavatrice a 30 \u00b0C. Strizzatura e asciugatura leggera.<\/p>\n<p>Disponibles en tailles :<\/p>\n<p>Disponibles en tailles:<\/p>\n<p>XXS: Bassotto Kaninchen 3-4 kg<\/p>\n<p>XS : Teckel Nain 5 kg<\/p>\n<p>S: Bassotto Nano 6-7 kg<\/p>\n<p>M : Teckel Standard 8-8,5 kg<\/p>\n<p>L : Teckel grand Standard 9-10 kg<\/p>\n<p>XL : Teckel grand Standard 10 kg +<\/p>\n<p>\u00c8 possibile ordinare su misura nel colore di vostra scelta, grazie a <a href=\"https:\/\/luciennelaparisienne.fr\/contactez-nous\/\"><strong>contattarci tramite la sezione contatti<\/strong><\/a>.<\/p>\n<p><strong>La produzione su misura avviene dopo il pagamento e richiede 2 settimane.<\/strong><\/p>","protected":false},"excerpt":{"rendered":"<p>La doudoune Edelweiss est un manteau \u00e0 la fois chaud, tr\u00e8s l\u00e9ger et impermeable. Elle va prot\u00e9ger et chauffer votre teckel pendant le temps froid sec ou de pluie. Le manteau couvre tout le dos et a un col haut autour du cou pour bien garder la chaleur. La mati\u00e8re [&hellip;]<\/p>","protected":false},"featured_media":15753,"comment_status":"open","ping_status":"closed","template":"","meta":{"inline_featured_image":false},"product_brand":[],"product_cat":[203,153,70,72],"product_tag":[],"class_list":{"0":"post-9629","1":"product","2":"type-product","3":"status-publish","4":"has-post-thumbnail","6":"product_cat-fin-de-collection","7":"product_cat-vetements","8":"product_cat-pour-nos-teckels","9":"product_cat-pour-shabiller","11":"first","12":"instock","13":"sale","14":"featured","15":"taxable","16":"shipping-taxable","17":"purchasable","18":"product-type-variable","19":"has-default-attributes"},"yoast_head":"<!-- This site is optimized with the Yoast SEO plugin v26.6 - https:\/\/yoast.com\/wordpress\/plugins\/seo\/ -->\n<title>Doudoune Edelweiss - Lucienne la Parisienne<\/title>\n<meta name=\"robots\" content=\"index, follow, max-snippet:-1, max-image-preview:large, max-video-preview:-1\" \/>\n<link rel=\"canonical\" href=\"https:\/\/luciennelaparisienne.fr\/it\/prodotto\/doudoune-edelweiss\/\" \/>\n<meta property=\"og:locale\" content=\"it_IT\" \/>\n<meta property=\"og:type\" content=\"article\" \/>\n<meta property=\"og:title\" content=\"Doudoune Edelweiss - Lucienne la Parisienne\" \/>\n<meta property=\"og:description\" content=\"La doudoune Edelweiss est un manteau \u00e0 la fois chaud, tr\u00e8s l\u00e9ger et impermeable. Elle va prot\u00e9ger et chauffer votre teckel pendant le temps froid sec ou de pluie. Le manteau couvre tout le dos et a un col haut autour du cou pour bien garder la chaleur. La mati\u00e8re [&hellip;]\" \/>\n<meta property=\"og:url\" content=\"https:\/\/luciennelaparisienne.fr\/it\/prodotto\/doudoune-edelweiss\/\" \/>\n<meta property=\"og:site_name\" content=\"Lucienne la Parisienne\" \/>\n<meta property=\"article:modified_time\" content=\"2026-03-17T16:06:16+00:00\" \/>\n<meta property=\"og:image\" content=\"https:\/\/luciennelaparisienne.fr\/wp-content\/uploads\/2024\/10\/IMG_4612.webp\" \/>\n\t<meta property=\"og:image:width\" content=\"600\" \/>\n\t<meta property=\"og:image:height\" content=\"600\" \/>\n\t<meta property=\"og:image:type\" content=\"image\/webp\" \/>\n<meta name=\"twitter:card\" content=\"summary_large_image\" \/>\n<meta name=\"twitter:label1\" content=\"Tempo di lettura stimato\" \/>\n\t<meta name=\"twitter:data1\" content=\"2 minuti\" \/>\n<script type=\"application\/ld+json\" class=\"yoast-schema-graph\">{\"@context\":\"https:\/\/schema.org\",\"@graph\":[{\"@type\":\"WebPage\",\"@id\":\"https:\/\/luciennelaparisienne.fr\/produit\/doudoune-edelweiss\/\",\"url\":\"https:\/\/luciennelaparisienne.fr\/produit\/doudoune-edelweiss\/\",\"name\":\"Doudoune Edelweiss - Lucienne la Parisienne\",\"isPartOf\":{\"@id\":\"https:\/\/luciennelaparisienne.fr\/#website\"},\"primaryImageOfPage\":{\"@id\":\"https:\/\/luciennelaparisienne.fr\/produit\/doudoune-edelweiss\/#primaryimage\"},\"image\":{\"@id\":\"https:\/\/luciennelaparisienne.fr\/produit\/doudoune-edelweiss\/#primaryimage\"},\"thumbnailUrl\":\"https:\/\/luciennelaparisienne.fr\/wp-content\/uploads\/2024\/10\/IMG_4612.webp\",\"datePublished\":\"2024-10-07T15:41:50+00:00\",\"dateModified\":\"2026-03-17T16:06:16+00:00\",\"breadcrumb\":{\"@id\":\"https:\/\/luciennelaparisienne.fr\/produit\/doudoune-edelweiss\/#breadcrumb\"},\"inLanguage\":\"it-IT\",\"potentialAction\":[{\"@type\":\"ReadAction\",\"target\":[\"https:\/\/luciennelaparisienne.fr\/produit\/doudoune-edelweiss\/\"]}]},{\"@type\":\"ImageObject\",\"inLanguage\":\"it-IT\",\"@id\":\"https:\/\/luciennelaparisienne.fr\/produit\/doudoune-edelweiss\/#primaryimage\",\"url\":\"https:\/\/luciennelaparisienne.fr\/wp-content\/uploads\/2024\/10\/IMG_4612.webp\",\"contentUrl\":\"https:\/\/luciennelaparisienne.fr\/wp-content\/uploads\/2024\/10\/IMG_4612.webp\",\"width\":600,\"height\":600},{\"@type\":\"BreadcrumbList\",\"@id\":\"https:\/\/luciennelaparisienne.fr\/produit\/doudoune-edelweiss\/#breadcrumb\",\"itemListElement\":[{\"@type\":\"ListItem\",\"position\":1,\"name\":\"Accueil\",\"item\":\"https:\/\/luciennelaparisienne.fr\/\"},{\"@type\":\"ListItem\",\"position\":2,\"name\":\"Boutique\",\"item\":\"https:\/\/luciennelaparisienne.fr\/shop\/\"},{\"@type\":\"ListItem\",\"position\":3,\"name\":\"Doudoune Edelweiss\"}]},{\"@type\":\"WebSite\",\"@id\":\"https:\/\/luciennelaparisienne.fr\/#website\",\"url\":\"https:\/\/luciennelaparisienne.fr\/\",\"name\":\"Lucienne la Parisienne\",\"description\":\"Produits pour Teckels\",\"potentialAction\":[{\"@type\":\"SearchAction\",\"target\":{\"@type\":\"EntryPoint\",\"urlTemplate\":\"https:\/\/luciennelaparisienne.fr\/?s={search_term_string}\"},\"query-input\":{\"@type\":\"PropertyValueSpecification\",\"valueRequired\":true,\"valueName\":\"search_term_string\"}}],\"inLanguage\":\"it-IT\"}]}<\/script>\n<!-- \/ Yoast SEO plugin. -->","yoast_head_json":{"title":"Doudoune Edelweiss - Lucienne la Parisienne","robots":{"index":"index","follow":"follow","max-snippet":"max-snippet:-1","max-image-preview":"max-image-preview:large","max-video-preview":"max-video-preview:-1"},"canonical":"https:\/\/luciennelaparisienne.fr\/it\/prodotto\/doudoune-edelweiss\/","og_locale":"it_IT","og_type":"article","og_title":"Doudoune Edelweiss - Lucienne la Parisienne","og_description":"La doudoune Edelweiss est un manteau \u00e0 la fois chaud, tr\u00e8s l\u00e9ger et impermeable. Elle va prot\u00e9ger et chauffer votre teckel pendant le temps froid sec ou de pluie. Le manteau couvre tout le dos et a un col haut autour du cou pour bien garder la chaleur. La mati\u00e8re [&hellip;]","og_url":"https:\/\/luciennelaparisienne.fr\/it\/prodotto\/doudoune-edelweiss\/","og_site_name":"Lucienne la Parisienne","article_modified_time":"2026-03-17T16:06:16+00:00","og_image":[{"width":600,"height":600,"url":"https:\/\/luciennelaparisienne.fr\/wp-content\/uploads\/2024\/10\/IMG_4612.webp","type":"image\/webp"}],"twitter_card":"summary_large_image","twitter_misc":{"Tempo di lettura stimato":"2 minuti"},"schema":{"@context":"https:\/\/schema.org","@graph":[{"@type":"WebPage","@id":"https:\/\/luciennelaparisienne.fr\/produit\/doudoune-edelweiss\/","url":"https:\/\/luciennelaparisienne.fr\/produit\/doudoune-edelweiss\/","name":"Doudoune Edelweiss - Lucienne la Parisienne","isPartOf":{"@id":"https:\/\/luciennelaparisienne.fr\/#website"},"primaryImageOfPage":{"@id":"https:\/\/luciennelaparisienne.fr\/produit\/doudoune-edelweiss\/#primaryimage"},"image":{"@id":"https:\/\/luciennelaparisienne.fr\/produit\/doudoune-edelweiss\/#primaryimage"},"thumbnailUrl":"https:\/\/luciennelaparisienne.fr\/wp-content\/uploads\/2024\/10\/IMG_4612.webp","datePublished":"2024-10-07T15:41:50+00:00","dateModified":"2026-03-17T16:06:16+00:00","breadcrumb":{"@id":"https:\/\/luciennelaparisienne.fr\/produit\/doudoune-edelweiss\/#breadcrumb"},"inLanguage":"it-IT","potentialAction":[{"@type":"ReadAction","target":["https:\/\/luciennelaparisienne.fr\/produit\/doudoune-edelweiss\/"]}]},{"@type":"ImageObject","inLanguage":"it-IT","@id":"https:\/\/luciennelaparisienne.fr\/produit\/doudoune-edelweiss\/#primaryimage","url":"https:\/\/luciennelaparisienne.fr\/wp-content\/uploads\/2024\/10\/IMG_4612.webp","contentUrl":"https:\/\/luciennelaparisienne.fr\/wp-content\/uploads\/2024\/10\/IMG_4612.webp","width":600,"height":600},{"@type":"BreadcrumbList","@id":"https:\/\/luciennelaparisienne.fr\/produit\/doudoune-edelweiss\/#breadcrumb","itemListElement":[{"@type":"ListItem","position":1,"name":"Accueil","item":"https:\/\/luciennelaparisienne.fr\/"},{"@type":"ListItem","position":2,"name":"Boutique","item":"https:\/\/luciennelaparisienne.fr\/shop\/"},{"@type":"ListItem","position":3,"name":"Doudoune Edelweiss"}]},{"@type":"WebSite","@id":"https:\/\/luciennelaparisienne.fr\/#website","url":"https:\/\/luciennelaparisienne.fr\/","name":"Lucienne la Parisienne","description":"Produits pour Teckels","potentialAction":[{"@type":"SearchAction","target":{"@type":"EntryPoint","urlTemplate":"https:\/\/luciennelaparisienne.fr\/?s={search_term_string}"},"query-input":{"@type":"PropertyValueSpecification","valueRequired":true,"valueName":"search_term_string"}}],"inLanguage":"it-IT"}]}},"_links":{"self":[{"href":"https:\/\/luciennelaparisienne.fr\/it\/wp-json\/wp\/v2\/product\/9629","targetHints":{"allow":["GET"]}}],"collection":[{"href":"https:\/\/luciennelaparisienne.fr\/it\/wp-json\/wp\/v2\/product"}],"about":[{"href":"https:\/\/luciennelaparisienne.fr\/it\/wp-json\/wp\/v2\/types\/product"}],"replies":[{"embeddable":true,"href":"https:\/\/luciennelaparisienne.fr\/it\/wp-json\/wp\/v2\/comments?post=9629"}],"wp:featuredmedia":[{"embeddable":true,"href":"https:\/\/luciennelaparisienne.fr\/it\/wp-json\/wp\/v2\/media\/15753"}],"wp:attachment":[{"href":"https:\/\/luciennelaparisienne.fr\/it\/wp-json\/wp\/v2\/media?parent=9629"}],"wp:term":[{"taxonomy":"product_brand","embeddable":true,"href":"https:\/\/luciennelaparisienne.fr\/it\/wp-json\/wp\/v2\/product_brand?post=9629"},{"taxonomy":"product_cat","embeddable":true,"href":"https:\/\/luciennelaparisienne.fr\/it\/wp-json\/wp\/v2\/product_cat?post=9629"},{"taxonomy":"product_tag","embeddable":true,"href":"https:\/\/luciennelaparisienne.fr\/it\/wp-json\/wp\/v2\/product_tag?post=9629"}],"curies":[{"name":"wp","href":"https:\/\/api.w.org\/{rel}","templated":true}]}}